{"id":4871,"date":"2020-08-22T13:20:19","date_gmt":"2020-08-22T10:20:19","guid":{"rendered":"https:\/\/mahteray.com\/?page_id=4871"},"modified":"2025-04-23T13:37:23","modified_gmt":"2025-04-23T10:37:23","slug":"mesafeli-satis-sozlesmesi","status":"publish","type":"page","link":"https:\/\/mahteray.com\/index.php\/mesafeli-satis-sozlesmesi\/","title":{"rendered":"Mesafeli Sat\u0131\u015f S\u00f6zle\u015fmesi"},"content":{"rendered":"\n<p><strong>MESAFEL\u0130 SATI\u015e S\u00d6ZLE\u015eMES\u0130 MADDE 1- TARAFLAR<br><br>SATICI<\/strong><\/p>\n\n\n\n<p>Ticari \u00dcnvan\u0131 : Mehtap \u00d6ZY\u0130\u011e\u0130T<\/p>\n\n\n\n<p>Adresi : Sa\u011fl\u0131k Mahallesi 1484 Sokak Bina No:1 Daire:2 Bolu\/Merkez<\/p>\n\n\n\n<p>Telefon : 05536980321<\/p>\n\n\n\n<p>E-mail : mahteraybusiness@gmail.com ,<\/p>\n\n\n\n<p><strong>ALICI<\/strong><\/p>\n\n\n\n<p><strong>Ad\u0131 Soyad\u0131 :<\/strong> <\/p>\n\n\n\n<p><strong>Adresi :<\/strong> <\/p>\n\n\n\n<p><strong>Telefon :<\/strong> <\/p>\n\n\n\n<p><strong>E-mail :<\/strong><\/p>\n\n\n\n<p><strong>MADDE 2-S\u00d6ZLE\u015eMEN\u0130N KONUSU ve KAPSAMI<\/strong><\/p>\n\n\n\n<p>Mehtap \u00d6ZY\u0130\u011e\u0130T&#8217;e ait www.mahteray.com veya sunulan hizmete ba\u011fl\u0131 diler alan adlar\u0131 \u00fczerinden (&#8220;Websitesi veya \u0130nstagram sat\u0131\u015f kanallar\u0131&#8221;), Sat\u0131c\u0131ya ait \u00fcr\u00fcnlerin sat\u0131n al\u0131nmas\u0131na y\u00f6nelik elektronik olarak sipari\u015f verdi\u011fi, s\u00f6zle\u015fmede belirtilen niteliklere sahip mal\/hizmetin sat\u0131\u015f\u0131 ve teslimi ile ilgili olarak T\u00fcketicinin Korunmas\u0131 Hakk\u0131ndaki Kanun ve Mesafeli S\u00f6zle\u015fmelere Dair Y\u00f6netmelik h\u00fck\u00fcmleri gere\u011fince taraflar\u0131n hak ve y\u00fck\u00fcml\u00fcl\u00fcklerinin saptanmas\u0131 olu\u015fturur.<\/p>\n\n\n\n<p>Mehtap \u00d6ZY\u0130\u011e\u0130T &#8216;in herhangi bir \u015fekilde taraf olmad\u0131\u011f\u0131n\u0131 ve S\u00f6zle\u015fme kapsam\u0131nda taraflar\u0131n y\u00fck\u00fcml\u00fcl\u00fcklerini yerine getirmeleri ile ilgili herhangi bir sorumluluk ve taahh\u00fcd\u00fc bulunmad\u0131\u011f\u0131n\u0131 kabul ve beyan ederler.<\/p>\n\n\n\n<p><strong>MADDE 3 &#8211; S\u00d6ZLE\u015eME KONUSU MALIN TEMEL N\u0130TEL\u0130KLER\u0130 VE BEDEL\u0130<\/strong><\/p>\n\n\n\n<p>\u00dcr\u00fcn\/\u00dcr\u00fcnlerin cinsi ve t\u00fcr\u00fc, miktar\u0131, marka\/modeli, rengi ve vergiler dahil sat\u0131\u015f bedeli ve teslimat bilgileri a\u015fa\u011f\u0131daki gibidir:\u00d6deme \u015eekli ve Plan\u0131: \u00c7evirimi\u00e7i sanal POS uygulamas\u0131 \u00fczerinden &#8230;&#8230;&#8230;.Bankas\u0131 kredi kart\u0131 ile &#8230;. ay &#8230;. (yaz\u0131yla &#8230;&#8230;&#8230;&#8230;&#8230;&#8230;&#8230;&#8230;&#8230;&#8230;&#8230;&#8230;&#8230;&#8230;&#8230;.) TL ayl\u0131k \u00f6deme \/ pe\u015fin &#8230;&#8230;&#8230;.. TL \u00f6deme<\/p>\n\n\n\n<p>Al\u0131nan Vade Fark\u0131: &#8230;&#8230;.<\/p>\n\n\n\n<p>Vade Fark\u0131 hesab\u0131nda kullan\u0131lan faiz oran\u0131: % &#8230;<\/p>\n\n\n\n<p>Sipari\u015fi takip eden 10 ile 60 i\u015f g\u00fcn\u00fc aras\u0131nda teslimat tamamlanacakt\u0131r.<\/p>\n\n\n\n<p><strong>Teslimat Adresi:<\/strong><\/p>\n\n\n\n<p>Teslim Edilecek Ki\u015filer:<\/p>\n\n\n\n<p>1.2.Fatura Adresi:<\/p>\n\n\n\n<p><strong>MADDE 4 &#8211; MALIN TESL\u0130M\u0130 VE TESL\u0130M \u015eEKL\u0130<\/strong><\/p>\n\n\n\n<p>S\u00f6zle\u015fme Al\u0131c\u0131 taraf\u0131ndan onaylanmakla y\u00fcr\u00fcrl\u00fc\u011fe girmi\u015f olup, Al\u0131c\u0131&#8217;n\u0131n Sat\u0131c\u0131&#8217;dan sat\u0131n alm\u0131\u015f oldu\u011fu Mal\/Hizmet&#8217;in Al\u0131c\u0131&#8217;ya teslim edilmesiyle ifa edilmi\u015f olur. Mal\/hizmet, Al\u0131c\u0131&#8217;n\u0131n sipari\u015f formunda ve i\u015fbu s\u00f6zle\u015fmede belirtmi\u015f oldu\u011fu adreste bulunan ki\u015fi\/ki\u015filere teslim edilecektir.<\/p>\n\n\n\n<p><strong>MADDE 5 &#8211; TESL\u0130MAT MASRAFLARI VE \u0130FASI<\/strong><\/p>\n\n\n\n<p>Mal\/Hizmet&#8217;in teslimat masraflar\u0131 Al\u0131c\u0131&#8217;ya aittir. Sat\u0131c\u0131&#8217;n\u0131n, websitesinde teslimat \u00fccretinin kendisince kar\u015f\u0131lanaca\u011f\u0131n\u0131 beyan etmi\u015fse, teslimat masraflar\u0131 Sat\u0131c\u0131&#8217;ya ait olacakt\u0131r.<\/p>\n\n\n\n<p>Mal\u0131n teslimat\u0131; Sat\u0131c\u0131&#8217;n\u0131n stokunun m\u00fcsait olmas\u0131 ve \u00f6demenin ger\u00e7ekle\u015fmesinden sonra taahh\u00fct edilen s\u00fcrede yap\u0131l\u0131r. Sat\u0131c\u0131 Mal\/Hizmet&#8217;i, Al\u0131c\u0131 taraf\u0131ndan Mal\/Hizmet&#8217;in sipari\u015f edilmesinden itibaren 10 (on) g\u00fcn \/ 60 (altm\u0131\u015f) g\u00fcn i\u00e7inde teslim eder ve bu s\u00fcre i\u00e7inde yaz\u0131l\u0131 bildirimle ek 10 (on) g\u00fcnl\u00fck s\u00fcre uzat\u0131m hakk\u0131n\u0131 sakl\u0131 tutar. Herhangi bir nedenle A\u0131c\u0131 taraf\u0131ndan Mal\/Hizmet bedeli \u00f6denmez veya yap\u0131lan \u00f6deme banka kay\u0131tlar\u0131nda iptal edilir ise, Sat\u0131c\u0131 Mal\/Hizmet&#8217;in teslimi y\u00fck\u00fcml\u00fcl\u00fc\u011f\u00fcnden kurtulmu\u015f kabul edilir.<\/p>\n\n\n\n<p>Al\u0131c\u0131, kargo adresini T\u00fcrkiye s\u0131n\u0131rlar\u0131 d\u0131\u015f\u0131nda herhangi bir \u00fclke olarak girmi\u015fse, yurtd\u0131\u015f\u0131 g\u00f6nderilerinden do\u011facak t\u00fcm masraflar\u0131 ve vergileri kabul etmi\u015f say\u0131l\u0131r. <\/p>\n\n\n\n<p><strong>MADDE 6 &#8211; ALICININ BEYAN VE TAAHH\u00dcTLER\u0130<\/strong><\/p>\n\n\n\n<p>Al\u0131c\u0131, Websitesinde yer alan s\u00f6zle\u015fme konusu \u00fcr\u00fcn\u00fcn temel nitelikleri, sat\u0131\u015f fiyat\u0131 ve \u00f6deme \u015fekli ile teslimata ili\u015fkin olarak Sat\u0131c\u0131 taraf\u0131ndan y\u00fcklenen \u00f6n bilgileri okuyup bilgi sahibi oldu\u011funu ve elektronik ortamda gerekli teyidi verdi\u011fini beyan eder. Al\u0131c\u0131lar T\u00fcketici s\u0131fat\u0131yla talep ve \u015fikayetlerini yukar\u0131da yer alan Sat\u0131c\u0131 ileti\u015fim bilgilerinin sa\u011flad\u0131\u011f\u0131 kanallarla ula\u015ft\u0131rabilirler. Al\u0131c\u0131, i\u015fbu S\u00f6zle\u015fme&#8217;yi ve \u00d6n Bilgilendirme Formunu elektronik ortamda teyit etmekle, mesafeli s\u00f6zle\u015fmelerin akdinden \u00f6nce Sat\u0131c\u0131 taraf\u0131ndan t\u00fcketiciye verilmesi gereken adres, sipari\u015fi verilen \u00fcr\u00fcnlere ait temel \u00f6zellikler, \u00fcr\u00fcnlerin vergiler dahil fiyat\u0131, \u00f6deme ve teslimat bilgilerini de do\u011fru ve eksiksiz olarak edindi\u011fini teyit etmi\u015f olur.Al\u0131c\u0131&#8217;n\u0131n, S\u00f6zle\u015fme konusu Mal\/Hizmet&#8217;i teslim almadan \u00f6nce muayene edecek tahrip olmu\u015f, k\u0131r\u0131k, ambalaj\u0131 y\u0131rt\u0131lm\u0131\u015f vb. hasarl\u0131 ve ay\u0131pl\u0131 Mal\/Hizmeti kargo \u015firketinden teslim almas\u0131 halinde sorumluluk tamamen kendisine aittir. Al\u0131c\u0131 taraf\u0131ndan kargo \u015firketi g\u00f6revlisinden teslim al\u0131nan Mal\/Hizmet&#8217;in hasars\u0131z ve sa\u011flam oldu\u011fu kabul edilecektir. Teslimden sonra Mal\/Hizmet&#8217;in sorumlulu\u011fu ve hasarlar Al\u0131c\u0131&#8217;ya aittir. Mal\/Hizmet&#8217;in tesliminden sonra Al\u0131c\u0131&#8217;ya ait kredi kart\u0131n\u0131n Al\u0131c\u0131&#8217;n\u0131n kusurundan kaynaklanmayan bir \u015fekilde yetkisiz ki\u015filerce haks\u0131z veya hukuka ayk\u0131r\u0131 olarak kullan\u0131lmas\u0131 nedeni ile ilgili banka veya finans kurulu\u015funun mal\/hizmet bedelini Sat\u0131c\u0131&#8217;ya \u00f6dememesi halinde, Al\u0131c\u0131 kendisine teslim edilmi\u015f olmas\u0131 kayd\u0131yla Mal\/Hizmet&#8217;i 3 (\u00fc\u00e7) g\u00fcn i\u00e7inde Sat\u0131c\u0131&#8217;ya iade etmekle y\u00fck\u00fcml\u00fcd\u00fcr. Bu halde teslimat giderleri Al\u0131c\u0131&#8217;ya aittir.<\/p>\n\n\n\n<p>Al\u0131c\u0131 sipari\u015fini, Mehtap \u00d6ZY\u0130\u011e\u0130T \/ Mahteray \/ S\u00fcnnet ve Cemiyet&#8217; e Whatsapp, \u0130nstagram DM ya da farkl\u0131 mesajla\u015fma uygulamalar\u0131 \u00fczerinden sipari\u015f vermi\u015fse dahi bu Mesafeli Sat\u0131\u015f S\u00f6zle\u015fmesini kabul etmi\u015f say\u0131l\u0131r. Bu s\u00f6zle\u015fmede ge\u00e7en t\u00fcm ko\u015fullar di\u011fer platformlar \u00fczerinden verilen sipari\u015flerde de ge\u00e7erlidir. <\/p>\n\n\n\n<p><strong>MADDE 7 &#8211; SATICININ BEYAN VE TAAHH\u00dcTLER\u0130<\/strong><\/p>\n\n\n\n<p>Sat\u0131c\u0131, S\u00f6zle\u015fme konusu Mal\/Hizmet&#8217;in T\u00fcketici Mevzuat\u0131na uygun olarak, sa\u011flam, eksiksiz, sipari\u015fte belirtilen niteliklere uygun ve varsa garanti belgeleri ve kullan\u0131m k\u0131lavuzlar\u0131 ile Al\u0131c\u0131&#8217;ya teslim edilmesinden sorumludur. Sat\u0131c\u0131, m\u00fccbir sebepler veya nakliyeyi engelleyen ola\u011fan\u00fcst\u00fc durumlar nedeni ile s\u00f6zle\u015fme konusu \u00fcr\u00fcn\u00fc s\u00fcresi i\u00e7inde teslim edemez ise, durumu Al\u0131c\u0131&#8217;ya m\u00fcmk\u00fcn olan en k\u0131sa s\u00fcrede bildirmekle y\u00fck\u00fcml\u00fcd\u00fcr S\u00f6zle\u015fme konusu Mal\/Hizmet, Al\u0131c\u0131&#8217;dan ba\u015fka bir ki\u015fiye teslim edilecek ise, teslim edilecek ki\u015finin teslimat\u0131 kabul etmemesinden Sat\u0131c\u0131 sorumlu tutulamaz.<\/p>\n\n\n\n<p><strong>MADDE 8 &#8211; CAYMA HAKKI<\/strong><\/p>\n\n\n\n<p>Al\u0131c\u0131&#8217;n\u0131n hi\u00e7bir hukuki ve cezai sorumluluk \u00fcstlenmeksizin ve hi\u00e7bir gerek\u00e7e g\u00f6stermeksizin teslim ald\u0131\u011f\u0131 veya s\u00f6zle\u015fmenin imzaland\u0131\u011f\u0131 tarihten itibaren 7 (yedi) g\u00fcn i\u00e7erisinde mal\u0131 veya hizmeti reddederek s\u00f6zle\u015fmeden cayma hakk\u0131n\u0131n var oldu\u011funu ve cayma bildiriminin Sat\u0131c\u0131&#8217;ya ula\u015fmas\u0131 tarihinden itibaren Sat\u0131c\u0131&#8217;n\u0131n mal\u0131 geri alaca\u011f\u0131n\u0131 Sat\u0131c\u0131 taahh\u00fct eder. Cayma hakk\u0131 bildirimi ve s\u00f6zle\u015fmeye ili\u015fkin sair bildirimler sat\u0131c\u0131ya ait ve yukar\u0131da belirtilen sat\u0131c\u0131 ileti\u015fim bilgileri kanal\u0131 ile g\u00f6nderilebilecektir.<\/p>\n\n\n\n<p>MEHTAP \u00d6ZY\u0130\u011e\u0130T , \u0130\u015eBU MESAFEL\u0130 SATI\u015e S\u00d6ZLE\u015eMES\u0130N\u0130N TARAFI OLMADI\u011eINDAN&nbsp;MEHTAP \u00d6ZY\u0130\u011e\u0130T&nbsp;&#8216;E KAR\u015eI CAYMA HAKKI KULLANILAMAZ VEYA BEDEL \u0130ADES\u0130 TALEP ED\u0130LEMEZ.<\/p>\n\n\n\n<p>Cayma hakk\u0131n\u0131n kullan\u0131lmas\u0131 i\u00e7in bu s\u00fcre i\u00e7erisinde Sat\u0131c\u0131&#8217;ya mevzuat h\u00fck\u00fcmlerine uygun olarak bildirimde bulunulmas\u0131 \u015fartt\u0131r. Cayma hakk\u0131n\u0131n kullan\u0131lmas\u0131 halinde:<\/p>\n\n\n\n<p><strong>a)<\/strong>&nbsp;Al\u0131c\u0131&#8217;ya veya onun bildirdi\u011fi yukar\u0131da bilgisi bulunan \u00fc\u00e7\u00fcnc\u00fc ki\u015fiye teslim edilen \u00fcr\u00fcn\u00fcn iade edilmesi zorunludur.<\/p>\n\n\n\n<p><strong>b)<\/strong>&nbsp;7 (yedi) g\u00fcnl\u00fck s\u00fcre i\u00e7erisinde iade edilecek \u00fcr\u00fcnlerin kutusu, ambalaj\u0131, varsa standart aksesuarlar\u0131 varsa \u00fcr\u00fcnle birlikte hediye edilen di\u011fer \u00fcr\u00fcnleri eksiksiz ve hasars\u0131z olarak teslim edilmesi gerekmektedir.<\/p>\n\n\n\n<p>Cayma hakk\u0131n\u0131n kullan\u0131lmas\u0131n\u0131 ve bilginin ula\u015f\u0131m\u0131n\u0131 takip eden 10 (on) g\u00fcn i\u00e7erisinde \u00fcr\u00fcn bedeli Al\u0131c\u0131&#8217;ya \u00f6dedi\u011fi \u015fekilde iade edilir. \u00dcr\u00fcn Sat\u0131c\u0131&#8217;ya iade edilirken, \u00fcr\u00fcn teslimi s\u0131ras\u0131nda Al\u0131c\u0131&#8217;ya ibraz edilmi\u015f olan orijinal faturan\u0131n da iade edilmesi gerekmektedir. \u0130ade kargo bedeli Al\u0131ca&#8217;ya aittir. \u00dcr\u00fcnle beraber iade edilecek olan faturan\u0131n iade b\u00f6l\u00fcm\u00fc doldurularak ve Al\u0131c\u0131 taraf\u0131ndan imzalanarak iade edilecektir.<\/p>\n\n\n\n<p><strong>MADDE 9 &#8211; CAYMA HAKKININ KULLANILAMAYACA\u011eI HALLER<\/strong><\/p>\n\n\n\n<p>ALICI\u2019n\u0131n iste\u011fi veya a\u00e7\u0131k\u00e7a ki\u015fisel ihtiya\u00e7lar\u0131 do\u011frultusunda haz\u0131rlanan ve geri g\u00f6nderilmeye m\u00fcsait olmayan mallar, ALICI\u2019ya teslim edilmesinin ard\u0131ndan ALICI taraf\u0131ndan ambalaj\u0131 a\u00e7\u0131ld\u0131\u011f\u0131 takdirde iade edilmesi sa\u011fl\u0131k ve hijyen a\u00e7\u0131s\u0131ndan uygun olmayan \u00fcr\u00fcnler, teslim edildikten sonra ba\u015fka \u00fcr\u00fcnlerle kar\u0131\u015fan ve do\u011fas\u0131 gere\u011fi ayr\u0131\u015ft\u0131r\u0131lmas\u0131 m\u00fcmk\u00fcn olmayan \u00fcr\u00fcnler, Abonelik s\u00f6zle\u015fmesi kapsam\u0131nda sa\u011flananlar d\u0131\u015f\u0131nda, gazete ve dergi gibi s\u00fcreli yay\u0131nlara ili\u015fkin mallar, Elektronik ortamda an\u0131nda ifa edilen hizmetler veya t\u00fcketiciye an\u0131nda teslim edilen gayrimaddi mallar, ile ses veya g\u00f6r\u00fcnt\u00fc kay\u0131tlar\u0131n\u0131n, kitap, dijital i\u00e7erik, yaz\u0131l\u0131m programlar\u0131n\u0131n, veri kaydedebilme ve veri depolama cihazlar\u0131n\u0131n, bilgisayar sarf malzemelerinin, ambalaj\u0131n\u0131n ALICI taraf\u0131ndan a\u00e7\u0131lm\u0131\u015f olmas\u0131 halinde iadesi Y\u00f6netmelik gere\u011fi m\u00fcmk\u00fcn de\u011fildir. Ayr\u0131ca Cayma hakk\u0131 s\u00fcresi sona ermeden \u00f6nce, t\u00fcketicinin onay\u0131 ile ifas\u0131na ba\u015flanan hizmetlere ili\u015fkin cayma hakk\u0131n\u0131n kullan\u0131lmas\u0131 da Y\u00f6netmelik gere\u011fi m\u00fcmk\u00fcn de\u011fildir.<\/p>\n\n\n\n<p><\/p>\n\n\n\n<p><strong>MADDE 10 &#8211; UYU\u015eMAZLIKLARIN \u00c7\u00d6Z\u00dcM\u00dc<\/strong><\/p>\n\n\n\n<p>T\u00fcketiciler, Sat\u0131c\u0131 ile sorunlar\u0131 olursa, sorunu Sat\u0131c\u0131&#8217;n\u0131n \u00e7\u00f6zememesi durumunda, \u00fcr\u00fcn bedeli 1.161,67 TL&#8217;ye kadar olan i\u015flemlerle ilgili \u015fikayet ve itiraz konular\u0131nda ba\u015fvurular\u0131n\u0131 \u00fcr\u00fcn\u00fc sat\u0131n ald\u0131klar\u0131 veya ikametgahlar\u0131n\u0131n bulundu\u011fu yerdeki T\u00fcketici Sorunlar\u0131 Hakem Heyeti&#8217;ne; \u00fcr\u00fcn bedeli 1.161,67 TL&#8217;nin \u00fczerinde olan i\u015flemlerle ilgili \u015fikayet ve itiraz konular\u0131nda ba\u015fvurular\u0131n\u0131 ise, \u00fcr\u00fcn\u00fc sat\u0131n ald\u0131klar\u0131 veya ikametgahlar\u0131n\u0131n bulundu\u011fu yerdeki T\u00fcketici mahkemesine yapabileceklerdir.01.08.2003 tarihli ve 25186 say\u0131l\u0131 Resmi Gazete&#8217;de yay\u0131mlanan T\u00fcketici Sorunlar\u0131 Hakem Heyetleri Y\u00f6netmeli\u011fi&#8217;nin 5. Maddesinin \u00fc\u00e7\u00fcnc\u00fc f\u0131kras\u0131nda, b\u00fcy\u00fck\u015fehir stat\u00fcs\u00fcnde bulunan illerde faaliyet g\u00f6steren il hakem heyetlerinin uyu\u015fmazl\u0131klara bakmakla g\u00f6revli ve yetkili olmalar\u0131na ili\u015fkin alt parasal s\u0131n\u0131r 3.032,65 TL&#8217;dir.<\/p>\n\n\n\n<p><strong>MADDE 11 &#8211; MAL\/H\u0130ZMET\u0130N F\u0130YATI<\/strong><\/p>\n\n\n\n<p>Mehtap \u00d6ZY\u0130\u011e\u0130T taraf\u0131ndan yap\u0131lan indirimler, kuponlar ve sair sat\u0131\u015f fiyat\u0131na yans\u0131t\u0131l\u0131r.<\/p>\n\n\n\n<p><strong>MADDE 12 &#8211; TEMERR\u00dcD HAL\u0130 VE HUKUK\u0130 SONU\u00c7LARI<\/strong><\/p>\n\n\n\n<p>Al\u0131c\u0131, kredi kart\u0131 ile yapm\u0131\u015f oldu\u011fu i\u015flemlerinde temerr\u00fcde d\u00fc\u015fmesi halinde kart sahibi bankan\u0131n kendisi ile yapm\u0131\u015f oldu\u011fu kredi kart\u0131 s\u00f6zle\u015fmesi \u00e7er\u00e7evesinde faiz \u00f6deyecek ve bankaya kar\u015f\u0131 sorumlu olacakt\u0131r. Bu durumda ilgili banka hukuki yollara ba\u015fvurabilir; do\u011facak masraflar\u0131 ve vek\u00e2let \u00fccretini Al\u0131c\u0131&#8217;dan talep edebilir ve her ko\u015fulda Al\u0131c\u0131&#8217;n\u0131n borcundan dolay\u0131 temerr\u00fcde d\u00fc\u015fmesi halinde, Al\u0131c\u0131, borcun gecikmeli ifas\u0131ndan dolay\u0131 Sat\u0131c\u0131&#8217;n\u0131n olu\u015fan zarar ve ziyan\u0131n\u0131 \u00f6demeyi kabul eder.<\/p>\n\n\n\n<p><strong>MADDE 13 &#8211; B\u0130LD\u0130R\u0130MLER ve DEL\u0130L S\u00d6ZLE\u015eMES\u0130<\/strong><\/p>\n\n\n\n<p>Mehtap \u00d6ZY\u0130\u011e\u0130T&#8217;in resmi defter ve ticari kay\u0131tlar\u0131yla, kendi veritaban\u0131nda, sunucular\u0131nda tuttu\u011fu elektronik bilgilerin ve bilgisayar kay\u0131tlar\u0131n\u0131n, ba\u011flay\u0131c\u0131, kesin ve m\u00fcnhas\u0131r delil te\u015fkil edece\u011fini, bu maddenin Hukuk Muhakemeleri Kanunu&#8217;nun 193. maddesi anlam\u0131nda delil s\u00f6zle\u015fmesi niteli\u011finde oldu\u011funu kabul, beyan ve taahh\u00fct eder.<\/p>\n\n\n\n<p><strong>MADDE 14 &#8211; Y\u00dcR\u00dcRL\u00dcK<\/strong><\/p>\n\n\n\n<p>14 (on d\u00f6rt) maddeden ibaret bu S\u00f6zle\u015fme, Taraflarca okunarak, Al\u0131c\u0131 taraf\u0131ndan elektronik ortamda onaylanmak suretiyle akdedilmi\u015f ve derhal y\u00fcr\u00fcrl\u00fc\u011fe girmi\u015ftir.<\/p>\n\n\n\n<p>SATICI[.]<\/p>\n\n\n\n<p>ALICI<\/p>\n","protected":false},"excerpt":{"rendered":"<p>MESAFEL\u0130 SATI\u015e S\u00d6ZLE\u015eMES\u0130 MADDE 1- TARAFLAR SATICI Ticari \u00dcnvan\u0131 : Mehtap \u00d6ZY\u0130\u011e\u0130T Adresi : Sa\u011fl\u0131k Mahallesi 1484 Sokak Bina No:1 Daire:2 Bolu\/Merkez Telefon : 05536980321 E-mail : mahteraybusiness@gmail.com , ALICI Ad\u0131 Soyad\u0131 : Adresi : Telefon : E-mail : MADDE 2-S\u00d6ZLE\u015eMEN\u0130N KONUSU ve KAPSAMI Mehtap \u00d6ZY\u0130\u011e\u0130T&#8217;e ait www.mahteray.com veya sunulan hizmete ba\u011fl\u0131 diler alan adlar\u0131 [&hellip;]<\/p>\n","protected":false},"author":1,"featured_media":0,"parent":0,"menu_order":0,"comment_status":"closed","ping_status":"closed","template":"","meta":{"footnotes":""},"class_list":["post-4871","page","type-page","status-publish","hentry"],"jetpack_sharing_enabled":true,"_links":{"self":[{"href":"https:\/\/mahteray.com\/index.php\/wp-json\/wp\/v2\/pages\/4871","targetHints":{"allow":["GET"]}}],"collection":[{"href":"https:\/\/mahteray.com\/index.php\/wp-json\/wp\/v2\/pages"}],"about":[{"href":"https:\/\/mahteray.com\/index.php\/wp-json\/wp\/v2\/types\/page"}],"author":[{"embeddable":true,"href":"https:\/\/mahteray.com\/index.php\/wp-json\/wp\/v2\/users\/1"}],"replies":[{"embeddable":true,"href":"https:\/\/mahteray.com\/index.php\/wp-json\/wp\/v2\/comments?post=4871"}],"version-history":[{"count":11,"href":"https:\/\/mahteray.com\/index.php\/wp-json\/wp\/v2\/pages\/4871\/revisions"}],"predecessor-version":[{"id":10595,"href":"https:\/\/mahteray.com\/index.php\/wp-json\/wp\/v2\/pages\/4871\/revisions\/10595"}],"wp:attachment":[{"href":"https:\/\/mahteray.com\/index.php\/wp-json\/wp\/v2\/media?parent=4871"}],"curies":[{"name":"wp","href":"https:\/\/api.w.org\/{rel}","templated":true}]}}