{"id":10283,"date":"2025-03-21T14:19:26","date_gmt":"2025-03-21T11:19:26","guid":{"rendered":"https:\/\/mahteray.com\/?post_type=product&#038;p=10283"},"modified":"2026-02-19T21:13:21","modified_gmt":"2026-02-19T18:13:21","slug":"gelin-ve-damat-ozel-set","status":"publish","type":"product","link":"https:\/\/mahteray.com\/index.php\/product\/gelin-ve-damat-ozel-set\/","title":{"rendered":"Set &#8211; 25 | Gelin ve Damat \u00d6zel Set"},"content":{"rendered":"<h2><em><strong>Set i\u00e7eri\u011fi;<\/strong><\/em><\/h2>\n<p>&nbsp;<\/p>\n<ol>\n<li>\n<h4>Helen model duvak<\/h4>\n<\/li>\n<li>\n<h4>2 Adet i\u015flemeli eldiven<\/h4>\n<\/li>\n<li>\n<h4>\u0130\u015flemeli ku\u015fak<\/h4>\n<\/li>\n<li>\n<h4>Damat \u00f6rt\u00fcs\u00fc<\/h4>\n<\/li>\n<li>\n<h4>Damat eldiveni<\/h4>\n<\/li>\n<\/ol>\n<ul>\n<li>Konseptinize uygun renkte haz\u0131rlan\u0131yor (Bordo,K\u0131rm\u0131z\u0131,Z\u00fcmr\u00fct Ye\u015fil,Lacivert,Siyah)<\/li>\n<li>T\u00fcm set el yap\u0131m\u0131 ve \u00f6zel tasar\u0131md\u0131r, ki\u015fiye \u00f6zel \u00fcretilir<\/li>\n<li>D\u00fcnyan\u0131n her yerine \u00f6zel kutusunda ve korunakl\u0131 g\u00f6nderim yap\u0131l\u0131r<\/li>\n<li>NOT: \u00dcr\u00fcn\u00fc sat\u0131n ald\u0131ktan sonra haz\u0131rlanmas\u0131 i\u00e7in a\u015fa\u011f\u0131da yaz\u0131l\u0131 olan gerekli bilgileri whatsapp hatt\u0131m\u0131zdan bize iletebilirsiniz;<\/li>\n<li><strong>S\u0130PAR\u0130\u015e NUMARASI<\/strong><\/li>\n<li><strong>\u00dcZER\u0130NE EKLENECEK YAZI \u0130\u00c7ER\u0130\u011e\u0130 VE RENG\u0130<br \/>\n<\/strong><\/li>\n<\/ul>\n<ul>\n<li>\n<h5><strong>WHATSAPP : +90 553 698 03 21\u00a0<\/strong><\/h5>\n<\/li>\n<\/ul>\n","protected":false},"excerpt":{"rendered":"<h2><em><strong>Set i\u00e7eri\u011fi;<\/strong><\/em><\/h2>\n<p>&nbsp;<\/p>\n<ol>\n<li>\n<h4>Helen model duvak<\/h4>\n<\/li>\n<li>\n<h4>2 Adet i\u015flemeli eldiven<\/h4>\n<\/li>\n<li>\n<h4>\u0130\u015flemeli ku\u015fak<\/h4>\n<\/li>\n<li>\n<h4>Damat \u00f6rt\u00fcs\u00fc<\/h4>\n<\/li>\n<li>\n<h4>Damat eldiveni<\/h4>\n<\/li>\n<\/ol>\n<ul>\n<li>Konseptinize uygun renkte haz\u0131rlan\u0131yor (Bordo,K\u0131rm\u0131z\u0131,Z\u00fcmr\u00fct Ye\u015fil,Lacivert,Siyah)<\/li>\n<li>T\u00fcm set el yap\u0131m\u0131 ve \u00f6zel tasar\u0131md\u0131r, ki\u015fiye \u00f6zel \u00fcretilir<\/li>\n<li>D\u00fcnyan\u0131n her yerine \u00f6zel kutusunda ve korunakl\u0131 g\u00f6nderim yap\u0131l\u0131r<\/li>\n<li>NOT: \u00dcr\u00fcn\u00fc sat\u0131n ald\u0131ktan sonra haz\u0131rlanmas\u0131 i\u00e7in a\u015fa\u011f\u0131da yaz\u0131l\u0131 olan gerekli bilgileri whatsapp hatt\u0131m\u0131zdan bize iletebilirsiniz;<\/li>\n<li><strong>S\u0130PAR\u0130\u015e NUMARASI<\/strong><\/li>\n<li><strong>\u00dcZER\u0130NE EKLENECEK YAZI \u0130\u00c7ER\u0130\u011e\u0130 VE RENG\u0130<br \/>\n<\/strong><\/li>\n<\/ul>\n<ul>\n<li>\n<h5><strong>WHATSAPP : +90 553 698 03 21\u00a0<\/strong><\/h5>\n<\/li>\n<\/ul>\n","protected":false},"featured_media":10284,"template":"","meta":[],"product_brand":[],"product_cat":[125,288,187],"product_tag":[],"class_list":{"0":"post-10283","1":"product","2":"type-product","3":"status-publish","4":"has-post-thumbnail","6":"product_cat-duvak","7":"product_cat-kina-gecesi-setleri","8":"product_cat-kinaortusu","10":"first","11":"instock","12":"taxable","13":"shipping-taxable","14":"purchasable","15":"product-type-simple"},"jetpack_sharing_enabled":true,"_links":{"self":[{"href":"https:\/\/mahteray.com\/index.php\/wp-json\/wp\/v2\/product\/10283","targetHints":{"allow":["GET"]}}],"collection":[{"href":"https:\/\/mahteray.com\/index.php\/wp-json\/wp\/v2\/product"}],"about":[{"href":"https:\/\/mahteray.com\/index.php\/wp-json\/wp\/v2\/types\/product"}],"version-history":[{"count":2,"href":"https:\/\/mahteray.com\/index.php\/wp-json\/wp\/v2\/product\/10283\/revisions"}],"predecessor-version":[{"id":11806,"href":"https:\/\/mahteray.com\/index.php\/wp-json\/wp\/v2\/product\/10283\/revisions\/11806"}],"wp:featuredmedia":[{"embeddable":true,"href":"https:\/\/mahteray.com\/index.php\/wp-json\/wp\/v2\/media\/10284"}],"wp:attachment":[{"href":"https:\/\/mahteray.com\/index.php\/wp-json\/wp\/v2\/media?parent=10283"}],"wp:term":[{"taxonomy":"product_brand","embeddable":true,"href":"https:\/\/mahteray.com\/index.php\/wp-json\/wp\/v2\/product_brand?post=10283"},{"taxonomy":"product_cat","embeddable":true,"href":"https:\/\/mahteray.com\/index.php\/wp-json\/wp\/v2\/product_cat?post=10283"},{"taxonomy":"product_tag","embeddable":true,"href":"https:\/\/mahteray.com\/index.php\/wp-json\/wp\/v2\/product_tag?post=10283"}],"curies":[{"name":"wp","href":"https:\/\/api.w.org\/{rel}","templated":true}]}}