{"id":11536,"date":"2025-09-03T12:28:06","date_gmt":"2025-09-03T09:28:06","guid":{"rendered":"https:\/\/mahteray.com\/?post_type=product&#038;p=11536"},"modified":"2026-02-19T20:45:50","modified_gmt":"2026-02-19T17:45:50","slug":"gercek-bitki-ile-suslenmis-cam-sisede-kina","status":"publish","type":"product","link":"https:\/\/mahteray.com\/index.php\/product\/gercek-bitki-ile-suslenmis-cam-sisede-kina\/","title":{"rendered":"Ger\u00e7ek Bitki ile S\u00fcslenmi\u015f Cam \u015ei\u015fede K\u0131na"},"content":{"rendered":"<ul>\n<li>\n<h4>1 Adet fiyat\u0131d\u0131r<\/h4>\n<\/li>\n<li>\n<h4>\u00dczerinde yer alan bitkiler ger\u00e7ek kurutulmu\u015f bitkidir<\/h4>\n<\/li>\n<li>\n<h4>Bu \u00fcr\u00fcnden en az 30 adet sipari\u015f verebilirsiniz<\/h4>\n<\/li>\n<li>\n<h4>K\u0131na dolu olarak haz\u0131rlan\u0131yor<\/h4>\n<\/li>\n<li>\n<h4>Konseptinize uygun renkte s\u00fcsleme yap\u0131l\u0131yor<\/h4>\n<\/li>\n<li>\n<h4>Korunakl\u0131 g\u00f6nderim yap\u0131l\u0131yor<\/h4>\n<\/li>\n<li>\n<h4>NOT: \u00dcr\u00fcn\u00fc sat\u0131n ald\u0131ktan sonra haz\u0131rlanmas\u0131 i\u00e7in a\u015fa\u011f\u0131da yaz\u0131l\u0131 olan gerekli bilgileri whatsapp hatt\u0131m\u0131zdan bize iletebilirsiniz;<\/h4>\n<\/li>\n<\/ul>\n<ol>\n<li><strong>S\u0130PAR\u0130\u015e NUMARASI<\/strong><\/li>\n<li><strong>\u00dcZER\u0130NE EKLENECEK YAZI<\/strong><\/li>\n<\/ol>\n<ul>\n<li>\n<h5><strong>WHATSAPP : +90 553 698 03 21\u00a0<\/strong><\/h5>\n<\/li>\n<\/ul>\n","protected":false},"excerpt":{"rendered":"<ul>\n<li>\n<h4>1 Adet fiyat\u0131d\u0131r<\/h4>\n<\/li>\n<li>\n<h4>\u00dczerinde yer alan bitkiler ger\u00e7ek kurutulmu\u015f bitkidir<\/h4>\n<\/li>\n<li>\n<h4>Bu \u00fcr\u00fcnden en az 30 adet sipari\u015f verebilirsiniz<\/h4>\n<\/li>\n<li>\n<h4>K\u0131na dolu olarak haz\u0131rlan\u0131yor<\/h4>\n<\/li>\n<li>\n<h4>Konseptinize uygun renkte s\u00fcsleme yap\u0131l\u0131yor<\/h4>\n<\/li>\n<li>\n<h4>Korunakl\u0131 g\u00f6nderim yap\u0131l\u0131yor<\/h4>\n<\/li>\n<li>\n<h4>NOT: \u00dcr\u00fcn\u00fc sat\u0131n ald\u0131ktan sonra haz\u0131rlanmas\u0131 i\u00e7in a\u015fa\u011f\u0131da yaz\u0131l\u0131 olan gerekli bilgileri whatsapp hatt\u0131m\u0131zdan bize iletebilirsiniz;<\/h4>\n<\/li>\n<\/ul>\n<ol>\n<li><strong>S\u0130PAR\u0130\u015e NUMARASI<\/strong><\/li>\n<li><strong>\u00dcZER\u0130NE EKLENECEK YAZI<\/strong><\/li>\n<\/ol>\n<ul>\n<li>\n<h5><strong>WHATSAPP : +90 553 698 03 21\u00a0<\/strong><\/h5>\n<\/li>\n<\/ul>\n","protected":false},"featured_media":11538,"template":"","meta":[],"product_brand":[],"product_cat":[156],"product_tag":[206,370,166,84,369,371],"class_list":{"0":"post-11536","1":"product","2":"type-product","3":"status-publish","4":"has-post-thumbnail","6":"product_cat-hediyeliklerr","7":"product_tag-cam-kina-sisesi","8":"product_tag-cam-sisede-kina","9":"product_tag-kina","10":"product_tag-kina-gecesi-hediyelikleri","11":"product_tag-kina-hediyelikleri","12":"product_tag-kina-hediyesi","14":"first","15":"instock","16":"taxable","17":"shipping-taxable","18":"purchasable","19":"product-type-variable"},"jetpack_sharing_enabled":true,"_links":{"self":[{"href":"https:\/\/mahteray.com\/index.php\/wp-json\/wp\/v2\/product\/11536","targetHints":{"allow":["GET"]}}],"collection":[{"href":"https:\/\/mahteray.com\/index.php\/wp-json\/wp\/v2\/product"}],"about":[{"href":"https:\/\/mahteray.com\/index.php\/wp-json\/wp\/v2\/types\/product"}],"version-history":[{"count":1,"href":"https:\/\/mahteray.com\/index.php\/wp-json\/wp\/v2\/product\/11536\/revisions"}],"predecessor-version":[{"id":11871,"href":"https:\/\/mahteray.com\/index.php\/wp-json\/wp\/v2\/product\/11536\/revisions\/11871"}],"wp:featuredmedia":[{"embeddable":true,"href":"https:\/\/mahteray.com\/index.php\/wp-json\/wp\/v2\/media\/11538"}],"wp:attachment":[{"href":"https:\/\/mahteray.com\/index.php\/wp-json\/wp\/v2\/media?parent=11536"}],"wp:term":[{"taxonomy":"product_brand","embeddable":true,"href":"https:\/\/mahteray.com\/index.php\/wp-json\/wp\/v2\/product_brand?post=11536"},{"taxonomy":"product_cat","embeddable":true,"href":"https:\/\/mahteray.com\/index.php\/wp-json\/wp\/v2\/product_cat?post=11536"},{"taxonomy":"product_tag","embeddable":true,"href":"https:\/\/mahteray.com\/index.php\/wp-json\/wp\/v2\/product_tag?post=11536"}],"curies":[{"name":"wp","href":"https:\/\/api.w.org\/{rel}","templated":true}]}}