{"id":11687,"date":"2025-09-13T21:36:49","date_gmt":"2025-09-13T18:36:49","guid":{"rendered":"https:\/\/mahteray.com\/?post_type=product&#038;p=11687"},"modified":"2026-02-19T20:44:55","modified_gmt":"2026-02-19T17:44:55","slug":"tas-islemeli-led-mum-4lu","status":"publish","type":"product","link":"https:\/\/mahteray.com\/index.php\/product\/tas-islemeli-led-mum-4lu\/","title":{"rendered":"Ta\u015f \u0130\u015flemeli Led Mum (1 Adet)"},"content":{"rendered":"<ul>\n<li>1 adet fiyat\u0131d\u0131r<\/li>\n<li>Bu \u00fcr\u00fcnden en az 5 adet sipari\u015f verebilirsiniz<\/li>\n<li>Konseptinize uygun renkte s\u00fcsleme yap\u0131l\u0131yor<\/li>\n<li>Korunakl\u0131 g\u00f6nderim yap\u0131l\u0131yor<\/li>\n<\/ul>\n<ul>\n<li>\n<h5><strong>WHATSAPP : +90 553 698 03 21\u00a0<\/strong><\/h5>\n<\/li>\n<\/ul>\n","protected":false},"excerpt":{"rendered":"<ul>\n<li>1 adet fiyat\u0131d\u0131r<\/li>\n<li>Bu \u00fcr\u00fcnden en az 5 adet sipari\u015f verebilirsiniz<\/li>\n<li>Konseptinize uygun renkte s\u00fcsleme yap\u0131l\u0131yor<\/li>\n<li>Korunakl\u0131 g\u00f6nderim yap\u0131l\u0131yor<\/li>\n<\/ul>\n<ul>\n<li>\n<h5><strong>WHATSAPP : +90 553 698 03 21\u00a0<\/strong><\/h5>\n<\/li>\n<\/ul>\n","protected":false},"featured_media":11688,"template":"","meta":[],"product_brand":[],"product_cat":[156],"product_tag":[],"class_list":{"0":"post-11687","1":"product","2":"type-product","3":"status-publish","4":"has-post-thumbnail","6":"product_cat-hediyeliklerr","8":"first","9":"instock","10":"taxable","11":"shipping-taxable","12":"purchasable","13":"product-type-simple"},"jetpack_sharing_enabled":true,"_links":{"self":[{"href":"https:\/\/mahteray.com\/index.php\/wp-json\/wp\/v2\/product\/11687","targetHints":{"allow":["GET"]}}],"collection":[{"href":"https:\/\/mahteray.com\/index.php\/wp-json\/wp\/v2\/product"}],"about":[{"href":"https:\/\/mahteray.com\/index.php\/wp-json\/wp\/v2\/types\/product"}],"version-history":[{"count":2,"href":"https:\/\/mahteray.com\/index.php\/wp-json\/wp\/v2\/product\/11687\/revisions"}],"predecessor-version":[{"id":12327,"href":"https:\/\/mahteray.com\/index.php\/wp-json\/wp\/v2\/product\/11687\/revisions\/12327"}],"wp:featuredmedia":[{"embeddable":true,"href":"https:\/\/mahteray.com\/index.php\/wp-json\/wp\/v2\/media\/11688"}],"wp:attachment":[{"href":"https:\/\/mahteray.com\/index.php\/wp-json\/wp\/v2\/media?parent=11687"}],"wp:term":[{"taxonomy":"product_brand","embeddable":true,"href":"https:\/\/mahteray.com\/index.php\/wp-json\/wp\/v2\/product_brand?post=11687"},{"taxonomy":"product_cat","embeddable":true,"href":"https:\/\/mahteray.com\/index.php\/wp-json\/wp\/v2\/product_cat?post=11687"},{"taxonomy":"product_tag","embeddable":true,"href":"https:\/\/mahteray.com\/index.php\/wp-json\/wp\/v2\/product_tag?post=11687"}],"curies":[{"name":"wp","href":"https:\/\/api.w.org\/{rel}","templated":true}]}}