{"id":11703,"date":"2025-09-13T23:10:55","date_gmt":"2025-09-13T20:10:55","guid":{"rendered":"https:\/\/mahteray.com\/?post_type=product&#038;p=11703"},"modified":"2026-02-19T20:43:31","modified_gmt":"2026-02-19T17:43:31","slug":"badem-sekeri-kahve-hediyelik","status":"publish","type":"product","link":"https:\/\/mahteray.com\/index.php\/product\/badem-sekeri-kahve-hediyelik\/","title":{"rendered":"Badem \u015eekeri &#038; Kahve Hediyelik"},"content":{"rendered":"<ul>\n<li>\n<h4>1 tak\u0131m fiyat\u0131d\u0131r<\/h4>\n<\/li>\n<li>\n<h4>Tak\u0131m i\u00e7erisinde k\u0131na dolu cam \u015fi\u015fe + badem \u015fekeri dolu cam \u015fi\u015fe + \u00f6zel tasar\u0131m kart + m\u00fch\u00fcr<\/h4>\n<\/li>\n<li>\n<h4>Bu \u00fcr\u00fcnden en az 50 adet sipari\u015f verebilirsiniz<\/h4>\n<\/li>\n<li>\n<h4>M\u00fch\u00fcr tasar\u0131m\u0131na gelin damat ba\u015f harflerini eklemek i\u00e7in en az 100 adet sipari\u015f verilmelidir<\/h4>\n<\/li>\n<li>\n<h4>100 adet alt\u0131 sipari\u015flerde m\u00fch\u00fcre standart tasar\u0131m eklenecektir<\/h4>\n<\/li>\n<li>\n<h4>Korunakl\u0131 g\u00f6nderim yap\u0131l\u0131yor<\/h4>\n<\/li>\n<\/ul>\n<h4>\u00a0 \u00a0 \u00a0 \u00a0NOT: \u00dcr\u00fcn\u00fc sat\u0131n ald\u0131ktan sonra haz\u0131rlanmas\u0131 i\u00e7in a\u015fa\u011f\u0131da yaz\u0131l\u0131 olan gerekli bilgileri whatsapp hatt\u0131m\u0131zdan bize iletebilirsiniz;<\/h4>\n<ol>\n<li><strong>S\u0130PAR\u0130\u015e NUMARASI<\/strong><\/li>\n<li><strong>\u00dcZER\u0130NE EKLENECEK YAZI<\/strong><\/li>\n<\/ol>\n<ul>\n<li>\n<h5><strong>WHATSAPP : +90 553 698 03 21\u00a0<\/strong><\/h5>\n<\/li>\n<\/ul>\n","protected":false},"excerpt":{"rendered":"<ul>\n<li>\n<h4>1 tak\u0131m fiyat\u0131d\u0131r<\/h4>\n<\/li>\n<li>\n<h4>Tak\u0131m i\u00e7erisinde k\u0131na dolu cam \u015fi\u015fe + badem \u015fekeri dolu cam \u015fi\u015fe + \u00f6zel tasar\u0131m kart + m\u00fch\u00fcr<\/h4>\n<\/li>\n<li>\n<h4>Bu \u00fcr\u00fcnden en az 50 adet sipari\u015f verebilirsiniz<\/h4>\n<\/li>\n<li>\n<h4>M\u00fch\u00fcr tasar\u0131m\u0131na gelin damat ba\u015f harflerini eklemek i\u00e7in en az 100 adet sipari\u015f verilmelidir<\/h4>\n<\/li>\n<li>\n<h4>100 adet alt\u0131 sipari\u015flerde m\u00fch\u00fcre standart tasar\u0131m eklenecektir<\/h4>\n<\/li>\n<li>\n<h4>Korunakl\u0131 g\u00f6nderim yap\u0131l\u0131yor<\/h4>\n<\/li>\n<\/ul>\n<h4>\u00a0 \u00a0 \u00a0 \u00a0NOT: \u00dcr\u00fcn\u00fc sat\u0131n ald\u0131ktan sonra haz\u0131rlanmas\u0131 i\u00e7in a\u015fa\u011f\u0131da yaz\u0131l\u0131 olan gerekli bilgileri whatsapp hatt\u0131m\u0131zdan bize iletebilirsiniz;<\/h4>\n<ol>\n<li><strong>S\u0130PAR\u0130\u015e NUMARASI<\/strong><\/li>\n<li><strong>\u00dcZER\u0130NE EKLENECEK YAZI<\/strong><\/li>\n<\/ol>\n<ul>\n<li>\n<h5><strong>WHATSAPP : +90 553 698 03 21\u00a0<\/strong><\/h5>\n<\/li>\n<\/ul>\n","protected":false},"featured_media":11706,"template":"","meta":[],"product_brand":[],"product_cat":[156],"product_tag":[],"class_list":{"0":"post-11703","1":"product","2":"type-product","3":"status-publish","4":"has-post-thumbnail","6":"product_cat-hediyeliklerr","8":"first","9":"instock","10":"taxable","11":"shipping-taxable","12":"purchasable","13":"product-type-variable"},"jetpack_sharing_enabled":true,"_links":{"self":[{"href":"https:\/\/mahteray.com\/index.php\/wp-json\/wp\/v2\/product\/11703","targetHints":{"allow":["GET"]}}],"collection":[{"href":"https:\/\/mahteray.com\/index.php\/wp-json\/wp\/v2\/product"}],"about":[{"href":"https:\/\/mahteray.com\/index.php\/wp-json\/wp\/v2\/types\/product"}],"version-history":[{"count":2,"href":"https:\/\/mahteray.com\/index.php\/wp-json\/wp\/v2\/product\/11703\/revisions"}],"predecessor-version":[{"id":11869,"href":"https:\/\/mahteray.com\/index.php\/wp-json\/wp\/v2\/product\/11703\/revisions\/11869"}],"wp:featuredmedia":[{"embeddable":true,"href":"https:\/\/mahteray.com\/index.php\/wp-json\/wp\/v2\/media\/11706"}],"wp:attachment":[{"href":"https:\/\/mahteray.com\/index.php\/wp-json\/wp\/v2\/media?parent=11703"}],"wp:term":[{"taxonomy":"product_brand","embeddable":true,"href":"https:\/\/mahteray.com\/index.php\/wp-json\/wp\/v2\/product_brand?post=11703"},{"taxonomy":"product_cat","embeddable":true,"href":"https:\/\/mahteray.com\/index.php\/wp-json\/wp\/v2\/product_cat?post=11703"},{"taxonomy":"product_tag","embeddable":true,"href":"https:\/\/mahteray.com\/index.php\/wp-json\/wp\/v2\/product_tag?post=11703"}],"curies":[{"name":"wp","href":"https:\/\/api.w.org\/{rel}","templated":true}]}}