{"id":11729,"date":"2025-09-13T23:37:01","date_gmt":"2025-09-13T20:37:01","guid":{"rendered":"https:\/\/mahteray.com\/?post_type=product&#038;p=11729"},"modified":"2026-02-19T20:42:17","modified_gmt":"2026-02-19T17:42:17","slug":"cam-sisede-kina-saten-toka","status":"publish","type":"product","link":"https:\/\/mahteray.com\/index.php\/product\/cam-sisede-kina-saten-toka\/","title":{"rendered":"Cam \u015ei\u015fede K\u0131na &#038; Saten Toka"},"content":{"rendered":"<ul>\n<li>\n<h4>1 Adet fiyat\u0131d\u0131r<\/h4>\n<\/li>\n<li>\n<h4>\u00dczerinde yer alan bitkiler ger\u00e7ek kurutulmu\u015f bitkidir<\/h4>\n<\/li>\n<li>\n<h4>Bu \u00fcr\u00fcnden en az 50 adet sipari\u015f verebilirsiniz<\/h4>\n<\/li>\n<li>\n<h4>K\u0131na dolu olarak haz\u0131rlan\u0131yor<\/h4>\n<\/li>\n<li>\n<h4>Konseptinize uygun renkte s\u00fcsleme yap\u0131l\u0131yor<\/h4>\n<\/li>\n<li>\n<h4>Korunakl\u0131 g\u00f6nderim yap\u0131l\u0131yor<\/h4>\n<\/li>\n<li>\n<h4>NOT: \u00dcr\u00fcn\u00fc sat\u0131n ald\u0131ktan sonra haz\u0131rlanmas\u0131 i\u00e7in a\u015fa\u011f\u0131da yaz\u0131l\u0131 olan gerekli bilgileri whatsapp hatt\u0131m\u0131zdan bize iletebilirsiniz;<\/h4>\n<\/li>\n<\/ul>\n<ol>\n<li><strong>S\u0130PAR\u0130\u015e NUMARASI<\/strong><\/li>\n<li><strong>\u00dcZER\u0130NE EKLENECEK YAZI<\/strong><\/li>\n<\/ol>\n<ul>\n<li>\n<h5><strong>WHATSAPP : +90 553 698 03 21\u00a0<\/strong><\/h5>\n<\/li>\n<\/ul>\n","protected":false},"excerpt":{"rendered":"<ul>\n<li>\n<h4>1 Adet fiyat\u0131d\u0131r<\/h4>\n<\/li>\n<li>\n<h4>\u00dczerinde yer alan bitkiler ger\u00e7ek kurutulmu\u015f bitkidir<\/h4>\n<\/li>\n<li>\n<h4>Bu \u00fcr\u00fcnden en az 50 adet sipari\u015f verebilirsiniz<\/h4>\n<\/li>\n<li>\n<h4>K\u0131na dolu olarak haz\u0131rlan\u0131yor<\/h4>\n<\/li>\n<li>\n<h4>Konseptinize uygun renkte s\u00fcsleme yap\u0131l\u0131yor<\/h4>\n<\/li>\n<li>\n<h4>Korunakl\u0131 g\u00f6nderim yap\u0131l\u0131yor<\/h4>\n<\/li>\n<li>\n<h4>NOT: \u00dcr\u00fcn\u00fc sat\u0131n ald\u0131ktan sonra haz\u0131rlanmas\u0131 i\u00e7in a\u015fa\u011f\u0131da yaz\u0131l\u0131 olan gerekli bilgileri whatsapp hatt\u0131m\u0131zdan bize iletebilirsiniz;<\/h4>\n<\/li>\n<\/ul>\n<ol>\n<li><strong>S\u0130PAR\u0130\u015e NUMARASI<\/strong><\/li>\n<li><strong>\u00dcZER\u0130NE EKLENECEK YAZI<\/strong><\/li>\n<\/ol>\n<ul>\n<li>\n<h5><strong>WHATSAPP : +90 553 698 03 21\u00a0<\/strong><\/h5>\n<\/li>\n<\/ul>\n","protected":false},"featured_media":11731,"template":"","meta":[],"product_brand":[],"product_cat":[156],"product_tag":[],"class_list":{"0":"post-11729","1":"product","2":"type-product","3":"status-publish","4":"has-post-thumbnail","6":"product_cat-hediyeliklerr","8":"first","9":"instock","10":"taxable","11":"shipping-taxable","12":"purchasable","13":"product-type-simple"},"jetpack_sharing_enabled":true,"_links":{"self":[{"href":"https:\/\/mahteray.com\/index.php\/wp-json\/wp\/v2\/product\/11729","targetHints":{"allow":["GET"]}}],"collection":[{"href":"https:\/\/mahteray.com\/index.php\/wp-json\/wp\/v2\/product"}],"about":[{"href":"https:\/\/mahteray.com\/index.php\/wp-json\/wp\/v2\/types\/product"}],"version-history":[{"count":2,"href":"https:\/\/mahteray.com\/index.php\/wp-json\/wp\/v2\/product\/11729\/revisions"}],"predecessor-version":[{"id":11866,"href":"https:\/\/mahteray.com\/index.php\/wp-json\/wp\/v2\/product\/11729\/revisions\/11866"}],"wp:featuredmedia":[{"embeddable":true,"href":"https:\/\/mahteray.com\/index.php\/wp-json\/wp\/v2\/media\/11731"}],"wp:attachment":[{"href":"https:\/\/mahteray.com\/index.php\/wp-json\/wp\/v2\/media?parent=11729"}],"wp:term":[{"taxonomy":"product_brand","embeddable":true,"href":"https:\/\/mahteray.com\/index.php\/wp-json\/wp\/v2\/product_brand?post=11729"},{"taxonomy":"product_cat","embeddable":true,"href":"https:\/\/mahteray.com\/index.php\/wp-json\/wp\/v2\/product_cat?post=11729"},{"taxonomy":"product_tag","embeddable":true,"href":"https:\/\/mahteray.com\/index.php\/wp-json\/wp\/v2\/product_tag?post=11729"}],"curies":[{"name":"wp","href":"https:\/\/api.w.org\/{rel}","templated":true}]}}