{"id":11732,"date":"2025-09-13T23:42:26","date_gmt":"2025-09-13T20:42:26","guid":{"rendered":"https:\/\/mahteray.com\/?post_type=product&#038;p=11732"},"modified":"2026-02-19T20:42:01","modified_gmt":"2026-02-19T17:42:01","slug":"kuru-gul-cam-sisede-kina","status":"publish","type":"product","link":"https:\/\/mahteray.com\/index.php\/product\/kuru-gul-cam-sisede-kina\/","title":{"rendered":"Kuru G\u00fcl &#038; Cam \u015ei\u015fede K\u0131na"},"content":{"rendered":"","protected":false},"excerpt":{"rendered":"","protected":false},"featured_media":11734,"template":"","meta":[],"product_brand":[],"product_cat":[156],"product_tag":[205,379],"class_list":{"0":"post-11732","1":"product","2":"type-product","3":"status-publish","4":"has-post-thumbnail","6":"product_cat-hediyeliklerr","7":"product_tag-kina-sisesi","8":"product_tag-kuru-gul","10":"first","11":"instock","12":"taxable","13":"shipping-taxable","14":"purchasable","15":"product-type-simple"},"jetpack_sharing_enabled":true,"_links":{"self":[{"href":"https:\/\/mahteray.com\/index.php\/wp-json\/wp\/v2\/product\/11732","targetHints":{"allow":["GET"]}}],"collection":[{"href":"https:\/\/mahteray.com\/index.php\/wp-json\/wp\/v2\/product"}],"about":[{"href":"https:\/\/mahteray.com\/index.php\/wp-json\/wp\/v2\/types\/product"}],"version-history":[{"count":2,"href":"https:\/\/mahteray.com\/index.php\/wp-json\/wp\/v2\/product\/11732\/revisions"}],"predecessor-version":[{"id":11865,"href":"https:\/\/mahteray.com\/index.php\/wp-json\/wp\/v2\/product\/11732\/revisions\/11865"}],"wp:featuredmedia":[{"embeddable":true,"href":"https:\/\/mahteray.com\/index.php\/wp-json\/wp\/v2\/media\/11734"}],"wp:attachment":[{"href":"https:\/\/mahteray.com\/index.php\/wp-json\/wp\/v2\/media?parent=11732"}],"wp:term":[{"taxonomy":"product_brand","embeddable":true,"href":"https:\/\/mahteray.com\/index.php\/wp-json\/wp\/v2\/product_brand?post=11732"},{"taxonomy":"product_cat","embeddable":true,"href":"https:\/\/mahteray.com\/index.php\/wp-json\/wp\/v2\/product_cat?post=11732"},{"taxonomy":"product_tag","embeddable":true,"href":"https:\/\/mahteray.com\/index.php\/wp-json\/wp\/v2\/product_tag?post=11732"}],"curies":[{"name":"wp","href":"https:\/\/api.w.org\/{rel}","templated":true}]}}