{"id":11735,"date":"2025-09-13T23:48:19","date_gmt":"2025-09-13T20:48:19","guid":{"rendered":"https:\/\/mahteray.com\/?post_type=product&#038;p=11735"},"modified":"2026-01-04T19:33:45","modified_gmt":"2026-01-04T16:33:45","slug":"parlak-harf-baskili-cam-sisede-kolonya","status":"publish","type":"product","link":"https:\/\/mahteray.com\/index.php\/product\/parlak-harf-baskili-cam-sisede-kolonya\/","title":{"rendered":"Parlak Harf Bask\u0131l\u0131 Cam \u015ei\u015fede Kolonya"},"content":{"rendered":"<ul>\n<li>\n<h4>1 adet fiyat\u0131d\u0131r<\/h4>\n<\/li>\n<li>\n<h4>Bu \u00fcr\u00fcnden en az 50 adet sipari\u015f verebilirsiniz<\/h4>\n<\/li>\n<li>\n<h4>Kolonya dolu olarak g\u00f6nderim yap\u0131lmaktad\u0131r<\/h4>\n<\/li>\n<li>\n<h4>\u0130ncili veya incisiz olarak tercih edebilirsiniz<\/h4>\n<\/li>\n<li>\n<h4>Korunakl\u0131 g\u00f6nderim yap\u0131l\u0131yor<\/h4>\n<\/li>\n<li>\n<h4>Sadece Ba\u015f harfler gold veya g\u00fcm\u00fc\u015f renk olarak eklenebilir<\/h4>\n<\/li>\n<li>\n<h4>Uzun yaz\u0131larda (\u0130simler, K\u0131na Gecesi, Tarih vs.) siyah yaz\u0131l\u0131 etiket olarak haz\u0131rlan\u0131r, gold veya g\u00fcm\u00fc\u015f renk etiket eklenemez.<\/h4>\n<\/li>\n<\/ul>\n<h4><\/h4>\n<h4>NOT: \u00dcr\u00fcn\u00fc sat\u0131n ald\u0131ktan sonra haz\u0131rlanmas\u0131 i\u00e7in a\u015fa\u011f\u0131da yaz\u0131l\u0131 olan gerekli bilgileri whatsapp hatt\u0131m\u0131zdan bize iletebilirsiniz;<\/h4>\n<ol>\n<li><strong>S\u0130PAR\u0130\u015e NUMARASI<\/strong><\/li>\n<li><strong>\u00dcZER\u0130NE EKLENECEK YAZI<\/strong><\/li>\n<\/ol>\n<ul>\n<li>\n<h5><strong>WHATSAPP : +90 553 698 03 21\u00a0<\/strong><\/h5>\n<\/li>\n<\/ul>\n","protected":false},"excerpt":{"rendered":"<ul>\n<li>\n<h4>1 adet fiyat\u0131d\u0131r<\/h4>\n<\/li>\n<li>\n<h4>Bu \u00fcr\u00fcnden en az 50 adet sipari\u015f verebilirsiniz<\/h4>\n<\/li>\n<li>\n<h4>Kolonya dolu olarak g\u00f6nderim yap\u0131lmaktad\u0131r<\/h4>\n<\/li>\n<li>\n<h4>\u0130ncili veya incisiz olarak tercih edebilirsiniz<\/h4>\n<\/li>\n<li>\n<h4>Korunakl\u0131 g\u00f6nderim yap\u0131l\u0131yor<\/h4>\n<\/li>\n<li>\n<h4>Sadece Ba\u015f harfler gold veya g\u00fcm\u00fc\u015f renk olarak eklenebilir<\/h4>\n<\/li>\n<li>\n<h4>Uzun yaz\u0131larda (\u0130simler, K\u0131na Gecesi, Tarih vs.) siyah yaz\u0131l\u0131 etiket olarak haz\u0131rlan\u0131r, gold veya g\u00fcm\u00fc\u015f renk etiket eklenemez.<\/h4>\n<\/li>\n<\/ul>\n<h4><\/h4>\n<h4>NOT: \u00dcr\u00fcn\u00fc sat\u0131n ald\u0131ktan sonra haz\u0131rlanmas\u0131 i\u00e7in a\u015fa\u011f\u0131da yaz\u0131l\u0131 olan gerekli bilgileri whatsapp hatt\u0131m\u0131zdan bize iletebilirsiniz;<\/h4>\n<ol>\n<li><strong>S\u0130PAR\u0130\u015e NUMARASI<\/strong><\/li>\n<li><strong>\u00dcZER\u0130NE EKLENECEK YAZI<\/strong><\/li>\n<\/ol>\n<ul>\n<li>\n<h5><strong>WHATSAPP : +90 553 698 03 21\u00a0<\/strong><\/h5>\n<\/li>\n<\/ul>\n","protected":false},"featured_media":11736,"template":"","meta":[],"product_brand":[],"product_cat":[156],"product_tag":[],"class_list":{"0":"post-11735","1":"product","2":"type-product","3":"status-publish","4":"has-post-thumbnail","6":"product_cat-hediyeliklerr","8":"first","9":"instock","10":"taxable","11":"shipping-taxable","12":"purchasable","13":"product-type-variable"},"jetpack_sharing_enabled":true,"_links":{"self":[{"href":"https:\/\/mahteray.com\/index.php\/wp-json\/wp\/v2\/product\/11735","targetHints":{"allow":["GET"]}}],"collection":[{"href":"https:\/\/mahteray.com\/index.php\/wp-json\/wp\/v2\/product"}],"about":[{"href":"https:\/\/mahteray.com\/index.php\/wp-json\/wp\/v2\/types\/product"}],"version-history":[{"count":1,"href":"https:\/\/mahteray.com\/index.php\/wp-json\/wp\/v2\/product\/11735\/revisions"}],"predecessor-version":[{"id":11864,"href":"https:\/\/mahteray.com\/index.php\/wp-json\/wp\/v2\/product\/11735\/revisions\/11864"}],"wp:featuredmedia":[{"embeddable":true,"href":"https:\/\/mahteray.com\/index.php\/wp-json\/wp\/v2\/media\/11736"}],"wp:attachment":[{"href":"https:\/\/mahteray.com\/index.php\/wp-json\/wp\/v2\/media?parent=11735"}],"wp:term":[{"taxonomy":"product_brand","embeddable":true,"href":"https:\/\/mahteray.com\/index.php\/wp-json\/wp\/v2\/product_brand?post=11735"},{"taxonomy":"product_cat","embeddable":true,"href":"https:\/\/mahteray.com\/index.php\/wp-json\/wp\/v2\/product_cat?post=11735"},{"taxonomy":"product_tag","embeddable":true,"href":"https:\/\/mahteray.com\/index.php\/wp-json\/wp\/v2\/product_tag?post=11735"}],"curies":[{"name":"wp","href":"https:\/\/api.w.org\/{rel}","templated":true}]}}