{"id":12109,"date":"2025-10-27T15:09:15","date_gmt":"2025-10-27T12:09:15","guid":{"rendered":"https:\/\/mahteray.com\/?post_type=product&#038;p=12109"},"modified":"2026-02-19T20:28:24","modified_gmt":"2026-02-19T17:28:24","slug":"gelin-damat-mendilibuyuk-boy","status":"publish","type":"product","link":"https:\/\/mahteray.com\/index.php\/product\/gelin-damat-mendilibuyuk-boy\/","title":{"rendered":"Gelin &#038; Damat Mendili (B\u00fcy\u00fck Boy)"},"content":{"rendered":"<div class=\"woocommerce-product-details__short-description\">\n<ul>\n<li>2 Adet mendil fiyat\u0131d\u0131r ( Gelin mendili + Damat mendili)<\/li>\n<li>50\u00d750 cm \u00f6l\u00e7\u00fclerindedir<\/li>\n<li>Bol pullu olarak haz\u0131rlan\u0131r<\/li>\n<li>Parlak alt\u0131n sar\u0131 rengi bask\u0131l\u0131 ya da parlak g\u00fcm\u00fc\u015f renk bask\u0131l\u0131 olarak haz\u0131rlanabilir<\/li>\n<li>NOT: \u00dcr\u00fcn\u00fc sat\u0131n ald\u0131ktan sonra haz\u0131rlanmas\u0131 i\u00e7in a\u015fa\u011f\u0131da yaz\u0131l\u0131 olan gerekli bilgileri whatsapp hatt\u0131m\u0131zdan bize iletebilirsiniz;<\/li>\n<\/ul>\n<ol>\n<li><strong>S\u0130PAR\u0130\u015e NUMARASI<\/strong><\/li>\n<li><strong>\u00dcZER\u0130NE EKLENECEK YAZI<br \/>\n<\/strong><\/li>\n<\/ol>\n<ul>\n<li>\n<h5><strong>WHATSAPP : +90 553 698 03 21<\/strong><\/h5>\n<\/li>\n<\/ul>\n<\/div>\n","protected":false},"excerpt":{"rendered":"<div class=\"woocommerce-product-details__short-description\">\n<ul>\n<li>2 Adet mendil fiyat\u0131d\u0131r ( Gelin mendili + Damat mendili)<\/li>\n<li>50\u00d750 cm \u00f6l\u00e7\u00fclerindedir<\/li>\n<li>Bol pullu olarak haz\u0131rlan\u0131r<\/li>\n<li>Parlak alt\u0131n sar\u0131 rengi bask\u0131l\u0131 ya da parlak g\u00fcm\u00fc\u015f renk bask\u0131l\u0131 olarak haz\u0131rlanabilir<\/li>\n<li>NOT: \u00dcr\u00fcn\u00fc sat\u0131n ald\u0131ktan sonra haz\u0131rlanmas\u0131 i\u00e7in a\u015fa\u011f\u0131da yaz\u0131l\u0131 olan gerekli bilgileri whatsapp hatt\u0131m\u0131zdan bize iletebilirsiniz;<\/li>\n<\/ul>\n<ol>\n<li><strong>S\u0130PAR\u0130\u015e NUMARASI<\/strong><\/li>\n<li><strong>\u00dcZER\u0130NE EKLENECEK YAZI<br \/>\n<\/strong><\/li>\n<\/ol>\n<ul>\n<li>\n<h5><strong>WHATSAPP : +90 553 698 03 21<\/strong><\/h5>\n<\/li>\n<\/ul>\n<\/div>\n","protected":false},"featured_media":12110,"template":"","meta":[],"product_brand":[],"product_cat":[32],"product_tag":[],"class_list":{"0":"post-12109","1":"product","2":"type-product","3":"status-publish","4":"has-post-thumbnail","6":"product_cat-mendil","8":"first","9":"instock","10":"taxable","11":"shipping-taxable","12":"purchasable","13":"product-type-simple"},"jetpack_sharing_enabled":true,"_links":{"self":[{"href":"https:\/\/mahteray.com\/index.php\/wp-json\/wp\/v2\/product\/12109","targetHints":{"allow":["GET"]}}],"collection":[{"href":"https:\/\/mahteray.com\/index.php\/wp-json\/wp\/v2\/product"}],"about":[{"href":"https:\/\/mahteray.com\/index.php\/wp-json\/wp\/v2\/types\/product"}],"version-history":[{"count":3,"href":"https:\/\/mahteray.com\/index.php\/wp-json\/wp\/v2\/product\/12109\/revisions"}],"predecessor-version":[{"id":12131,"href":"https:\/\/mahteray.com\/index.php\/wp-json\/wp\/v2\/product\/12109\/revisions\/12131"}],"wp:featuredmedia":[{"embeddable":true,"href":"https:\/\/mahteray.com\/index.php\/wp-json\/wp\/v2\/media\/12110"}],"wp:attachment":[{"href":"https:\/\/mahteray.com\/index.php\/wp-json\/wp\/v2\/media?parent=12109"}],"wp:term":[{"taxonomy":"product_brand","embeddable":true,"href":"https:\/\/mahteray.com\/index.php\/wp-json\/wp\/v2\/product_brand?post=12109"},{"taxonomy":"product_cat","embeddable":true,"href":"https:\/\/mahteray.com\/index.php\/wp-json\/wp\/v2\/product_cat?post=12109"},{"taxonomy":"product_tag","embeddable":true,"href":"https:\/\/mahteray.com\/index.php\/wp-json\/wp\/v2\/product_tag?post=12109"}],"curies":[{"name":"wp","href":"https:\/\/api.w.org\/{rel}","templated":true}]}}