{"id":5728,"date":"2022-04-24T13:55:41","date_gmt":"2022-04-24T10:55:41","guid":{"rendered":"https:\/\/mahteray.com\/?post_type=product&#038;p=5728"},"modified":"2026-02-19T20:33:35","modified_gmt":"2026-02-19T17:33:35","slug":"mendil-parlak-gumus-baskili","status":"publish","type":"product","link":"https:\/\/mahteray.com\/index.php\/product\/mendil-parlak-gumus-baskili\/","title":{"rendered":"Mendil &#8211; Parlak G\u00fcm\u00fc\u015f Bask\u0131l\u0131 (1 Adet)"},"content":{"rendered":"<ul>\n<li>1 adet fiyat\u0131d\u0131r<\/li>\n<li>En az al\u0131m 10 Adettir<\/li>\n<li>30&#215;30 cm \u00f6l\u00e7\u00fclerindedir<\/li>\n<li>G\u00fcm\u00fc\u015f renkte parlak pullu olarak haz\u0131rlan\u0131yor<\/li>\n<li>G\u00fcm\u00fc\u015f renk parlak bask\u0131l\u0131 olarak haz\u0131rlan\u0131yor<\/li>\n<li>NOT: \u00dcr\u00fcn\u00fc sat\u0131n ald\u0131ktan sonra haz\u0131rlanmas\u0131 i\u00e7in a\u015fa\u011f\u0131da yaz\u0131l\u0131 olan gerekli bilgileri whatsapp hatt\u0131m\u0131zdan bize iletebilirsiniz;<\/li>\n<\/ul>\n<ol>\n<li><strong>S\u0130PAR\u0130\u015e NUMARASI<\/strong><\/li>\n<li><strong>\u00dcZER\u0130NE EKLENECEK YAZI<br \/>\n<\/strong><\/li>\n<\/ol>\n<ul>\n<li>\n<h5><strong>WHATSAPP : +90 553 698 03 21<\/strong><\/h5>\n<\/li>\n<\/ul>\n","protected":false},"excerpt":{"rendered":"<ul>\n<li>1 adet fiyat\u0131d\u0131r<\/li>\n<li>En az al\u0131m 10 Adettir<\/li>\n<li>30&#215;30 cm \u00f6l\u00e7\u00fclerindedir<\/li>\n<li>G\u00fcm\u00fc\u015f renkte parlak pullu olarak haz\u0131rlan\u0131yor<\/li>\n<li>G\u00fcm\u00fc\u015f renk parlak bask\u0131l\u0131 olarak haz\u0131rlan\u0131yor<\/li>\n<li>NOT: \u00dcr\u00fcn\u00fc sat\u0131n ald\u0131ktan sonra haz\u0131rlanmas\u0131 i\u00e7in a\u015fa\u011f\u0131da yaz\u0131l\u0131 olan gerekli bilgileri whatsapp hatt\u0131m\u0131zdan bize iletebilirsiniz;<\/li>\n<\/ul>\n<ol>\n<li><strong>S\u0130PAR\u0130\u015e NUMARASI<\/strong><\/li>\n<li><strong>\u00dcZER\u0130NE EKLENECEK YAZI<br \/>\n<\/strong><\/li>\n<\/ol>\n<ul>\n<li>\n<h5><strong>WHATSAPP : +90 553 698 03 21<\/strong><\/h5>\n<\/li>\n<\/ul>\n","protected":false},"featured_media":8069,"template":"","meta":[],"product_brand":[],"product_cat":[32,183],"product_tag":[209,214,181,80,215],"class_list":{"0":"post-5728","1":"product","2":"type-product","3":"status-publish","4":"has-post-thumbnail","6":"product_cat-mendil","7":"product_cat-sunnet","8":"product_tag-baskili-mendil","9":"product_tag-halay-mendili","10":"product_tag-kina-mendili","11":"product_tag-mendil","12":"product_tag-pullu-mendil","14":"first","15":"instock","16":"taxable","17":"shipping-taxable","18":"purchasable","19":"product-type-variable"},"jetpack_sharing_enabled":true,"_links":{"self":[{"href":"https:\/\/mahteray.com\/index.php\/wp-json\/wp\/v2\/product\/5728","targetHints":{"allow":["GET"]}}],"collection":[{"href":"https:\/\/mahteray.com\/index.php\/wp-json\/wp\/v2\/product"}],"about":[{"href":"https:\/\/mahteray.com\/index.php\/wp-json\/wp\/v2\/types\/product"}],"version-history":[{"count":2,"href":"https:\/\/mahteray.com\/index.php\/wp-json\/wp\/v2\/product\/5728\/revisions"}],"predecessor-version":[{"id":11863,"href":"https:\/\/mahteray.com\/index.php\/wp-json\/wp\/v2\/product\/5728\/revisions\/11863"}],"wp:featuredmedia":[{"embeddable":true,"href":"https:\/\/mahteray.com\/index.php\/wp-json\/wp\/v2\/media\/8069"}],"wp:attachment":[{"href":"https:\/\/mahteray.com\/index.php\/wp-json\/wp\/v2\/media?parent=5728"}],"wp:term":[{"taxonomy":"product_brand","embeddable":true,"href":"https:\/\/mahteray.com\/index.php\/wp-json\/wp\/v2\/product_brand?post=5728"},{"taxonomy":"product_cat","embeddable":true,"href":"https:\/\/mahteray.com\/index.php\/wp-json\/wp\/v2\/product_cat?post=5728"},{"taxonomy":"product_tag","embeddable":true,"href":"https:\/\/mahteray.com\/index.php\/wp-json\/wp\/v2\/product_tag?post=5728"}],"curies":[{"name":"wp","href":"https:\/\/api.w.org\/{rel}","templated":true}]}}