{"id":5736,"date":"2022-04-24T14:40:25","date_gmt":"2022-04-24T11:40:25","guid":{"rendered":"https:\/\/mahteray.com\/?post_type=product&#038;p=5736"},"modified":"2026-02-19T20:54:09","modified_gmt":"2026-02-19T17:54:09","slug":"su-perisi-ayna","status":"publish","type":"product","link":"https:\/\/mahteray.com\/index.php\/product\/su-perisi-ayna\/","title":{"rendered":"Su Perisi Ayna (1 Adet)"},"content":{"rendered":"<ul>\n<li>Bu \u00fcr\u00fcnden en az 30 adet sipari\u015f verebilirsiniz<\/li>\n<li>Kraft ya da beyaz etiket eklenebilmektedir.<\/li>\n<li>Korunakl\u0131 olarak g\u00f6nderim yap\u0131lmaktad\u0131r<\/li>\n<li>NOT: \u00dcr\u00fcn\u00fc sat\u0131n ald\u0131ktan sonra haz\u0131rlanmas\u0131 i\u00e7in a\u015fa\u011f\u0131da yaz\u0131l\u0131 olan gerekli bilgileri whatsapp hatt\u0131m\u0131zdan bize iletebilirsiniz;<\/li>\n<\/ul>\n<ol>\n<li><strong>S\u0130PAR\u0130\u015e NUMARASI<\/strong><\/li>\n<li><strong>\u00dcZER\u0130NE EKLENECEK YAZI \u0130\u00c7ER\u0130\u011e\u0130 VE RENG\u0130 (Etiket i\u00e7erisine)<\/strong><\/li>\n<\/ol>\n<ul>\n<li>\n<h5><strong>WHATSAPP : +90 553 698 03 21\u00a0<\/strong><\/h5>\n<\/li>\n<\/ul>\n","protected":false},"excerpt":{"rendered":"<ul>\n<li>Bu \u00fcr\u00fcnden en az 30 adet sipari\u015f verebilirsiniz<\/li>\n<li>Kraft ya da beyaz etiket eklenebilmektedir.<\/li>\n<li>Korunakl\u0131 olarak g\u00f6nderim yap\u0131lmaktad\u0131r<\/li>\n<li>NOT: \u00dcr\u00fcn\u00fc sat\u0131n ald\u0131ktan sonra haz\u0131rlanmas\u0131 i\u00e7in a\u015fa\u011f\u0131da yaz\u0131l\u0131 olan gerekli bilgileri whatsapp hatt\u0131m\u0131zdan bize iletebilirsiniz;<\/li>\n<\/ul>\n<ol>\n<li><strong>S\u0130PAR\u0130\u015e NUMARASI<\/strong><\/li>\n<li><strong>\u00dcZER\u0130NE EKLENECEK YAZI \u0130\u00c7ER\u0130\u011e\u0130 VE RENG\u0130 (Etiket i\u00e7erisine)<br \/>\n<\/strong><\/li>\n<li><strong>ET\u0130KET RENG\u0130 (KRAFT VEYA BEYAZ)<\/strong><\/li>\n<\/ol>\n<ul>\n<li>\n<h5><strong>WHATSAPP : +90 553 698 03 21\u00a0<\/strong><\/h5>\n<\/li>\n<\/ul>\n","protected":false},"featured_media":8115,"template":"","meta":[],"product_brand":[],"product_cat":[156,183],"product_tag":[48,218,151,46],"class_list":{"0":"post-5736","1":"product","2":"type-product","3":"status-publish","4":"has-post-thumbnail","6":"product_cat-hediyeliklerr","7":"product_cat-sunnet","8":"product_tag-ayna","9":"product_tag-bordo-ayna","10":"product_tag-melek-ayna","11":"product_tag-su-perisi-ayna","13":"first","14":"instock","15":"taxable","16":"shipping-taxable","17":"purchasable","18":"product-type-variable"},"jetpack_sharing_enabled":true,"_links":{"self":[{"href":"https:\/\/mahteray.com\/index.php\/wp-json\/wp\/v2\/product\/5736","targetHints":{"allow":["GET"]}}],"collection":[{"href":"https:\/\/mahteray.com\/index.php\/wp-json\/wp\/v2\/product"}],"about":[{"href":"https:\/\/mahteray.com\/index.php\/wp-json\/wp\/v2\/types\/product"}],"version-history":[{"count":3,"href":"https:\/\/mahteray.com\/index.php\/wp-json\/wp\/v2\/product\/5736\/revisions"}],"predecessor-version":[{"id":12205,"href":"https:\/\/mahteray.com\/index.php\/wp-json\/wp\/v2\/product\/5736\/revisions\/12205"}],"wp:featuredmedia":[{"embeddable":true,"href":"https:\/\/mahteray.com\/index.php\/wp-json\/wp\/v2\/media\/8115"}],"wp:attachment":[{"href":"https:\/\/mahteray.com\/index.php\/wp-json\/wp\/v2\/media?parent=5736"}],"wp:term":[{"taxonomy":"product_brand","embeddable":true,"href":"https:\/\/mahteray.com\/index.php\/wp-json\/wp\/v2\/product_brand?post=5736"},{"taxonomy":"product_cat","embeddable":true,"href":"https:\/\/mahteray.com\/index.php\/wp-json\/wp\/v2\/product_cat?post=5736"},{"taxonomy":"product_tag","embeddable":true,"href":"https:\/\/mahteray.com\/index.php\/wp-json\/wp\/v2\/product_tag?post=5736"}],"curies":[{"name":"wp","href":"https:\/\/api.w.org\/{rel}","templated":true}]}}