{"id":5750,"date":"2022-04-24T15:18:30","date_gmt":"2022-04-24T12:18:30","guid":{"rendered":"https:\/\/mahteray.com\/?post_type=product&#038;p=5750"},"modified":"2026-02-19T19:58:03","modified_gmt":"2026-02-19T16:58:03","slug":"nedime-tefi","status":"publish","type":"product","link":"https:\/\/mahteray.com\/index.php\/product\/nedime-tefi\/","title":{"rendered":"Hediyelik Tef (1 Adet)"},"content":{"rendered":"<ul>\n<li>Bu \u00fcr\u00fcnden en az 10 adet sipari\u015f verebilirsiniz<\/li>\n<li>Konseptinize uygun renkte s\u00fcsleme yap\u0131l\u0131yor (Taban K\u0131sm\u0131 Beyaz, s\u00fcsleme k\u0131sm\u0131 size \u00f6zel haz\u0131rlan\u0131yor)<\/li>\n<li>\u00dczerinde yer alan aynal\u0131 isimlik pleksi ile haz\u0131rlan\u0131yor<\/li>\n<li>Korunakl\u0131 g\u00f6nderim yap\u0131l\u0131yor<\/li>\n<li>NOT: \u00dcr\u00fcn\u00fc sat\u0131n ald\u0131ktan sonra haz\u0131rlanmas\u0131 i\u00e7in a\u015fa\u011f\u0131da yaz\u0131l\u0131 olan gerekli bilgileri whatsapp hatt\u0131m\u0131zdan bize iletebilirsiniz;<\/li>\n<\/ul>\n<ol>\n<li><strong>S\u0130PAR\u0130\u015e NUMARASI<\/strong><\/li>\n<li><strong>\u00dcZER\u0130NE EKLENECEK YAZI<\/strong><\/li>\n<\/ol>\n<ul>\n<li>\n<h5><strong>WHATSAPP : +90 553 698 03 21\u00a0<\/strong><\/h5>\n<\/li>\n<\/ul>\n","protected":false},"excerpt":{"rendered":"<ul>\n<li>Bu \u00fcr\u00fcnden en az 10 adet sipari\u015f verebilirsiniz<\/li>\n<li>Konseptinize uygun renkte s\u00fcsleme yap\u0131l\u0131yor (Taban K\u0131sm\u0131 Beyaz, s\u00fcsleme k\u0131sm\u0131 size \u00f6zel haz\u0131rlan\u0131yor)<\/li>\n<li>\u00dczerinde yer alan aynal\u0131 isimlik pleksi ile haz\u0131rlan\u0131yor<\/li>\n<li>Korunakl\u0131 g\u00f6nderim yap\u0131l\u0131yor<\/li>\n<li>NOT: \u00dcr\u00fcn\u00fc sat\u0131n ald\u0131ktan sonra haz\u0131rlanmas\u0131 i\u00e7in a\u015fa\u011f\u0131da yaz\u0131l\u0131 olan gerekli bilgileri whatsapp hatt\u0131m\u0131zdan bize iletebilirsiniz;<\/li>\n<\/ul>\n<ol>\n<li><strong>S\u0130PAR\u0130\u015e NUMARASI<\/strong><\/li>\n<li><strong>\u00dcZER\u0130NE EKLENECEK YAZI<\/strong><\/li>\n<\/ol>\n<ul>\n<li>\n<h5><strong>WHATSAPP : +90 553 698 03 21\u00a0<\/strong><\/h5>\n<\/li>\n<\/ul>\n","protected":false},"featured_media":11610,"template":"","meta":[],"product_brand":[],"product_cat":[156,183,27],"product_tag":[221,220,69],"class_list":{"0":"post-5750","1":"product","2":"type-product","3":"status-publish","4":"has-post-thumbnail","6":"product_cat-hediyeliklerr","7":"product_cat-sunnet","8":"product_cat-tef","9":"product_tag-hediyelik-tef","10":"product_tag-nedime-tef","11":"product_tag-tef","13":"first","14":"instock","15":"taxable","16":"shipping-taxable","17":"purchasable","18":"product-type-variable"},"jetpack_sharing_enabled":true,"_links":{"self":[{"href":"https:\/\/mahteray.com\/index.php\/wp-json\/wp\/v2\/product\/5750","targetHints":{"allow":["GET"]}}],"collection":[{"href":"https:\/\/mahteray.com\/index.php\/wp-json\/wp\/v2\/product"}],"about":[{"href":"https:\/\/mahteray.com\/index.php\/wp-json\/wp\/v2\/types\/product"}],"version-history":[{"count":3,"href":"https:\/\/mahteray.com\/index.php\/wp-json\/wp\/v2\/product\/5750\/revisions"}],"predecessor-version":[{"id":12202,"href":"https:\/\/mahteray.com\/index.php\/wp-json\/wp\/v2\/product\/5750\/revisions\/12202"}],"wp:featuredmedia":[{"embeddable":true,"href":"https:\/\/mahteray.com\/index.php\/wp-json\/wp\/v2\/media\/11610"}],"wp:attachment":[{"href":"https:\/\/mahteray.com\/index.php\/wp-json\/wp\/v2\/media?parent=5750"}],"wp:term":[{"taxonomy":"product_brand","embeddable":true,"href":"https:\/\/mahteray.com\/index.php\/wp-json\/wp\/v2\/product_brand?post=5750"},{"taxonomy":"product_cat","embeddable":true,"href":"https:\/\/mahteray.com\/index.php\/wp-json\/wp\/v2\/product_cat?post=5750"},{"taxonomy":"product_tag","embeddable":true,"href":"https:\/\/mahteray.com\/index.php\/wp-json\/wp\/v2\/product_tag?post=5750"}],"curies":[{"name":"wp","href":"https:\/\/api.w.org\/{rel}","templated":true}]}}