{"id":5851,"date":"2022-04-24T22:51:01","date_gmt":"2022-04-24T19:51:01","guid":{"rendered":"https:\/\/mahteray.com\/?post_type=product&#038;p=5851"},"modified":"2026-02-19T19:43:18","modified_gmt":"2026-02-19T16:43:18","slug":"sagdic-kol-kusagi","status":"publish","type":"product","link":"https:\/\/mahteray.com\/index.php\/product\/sagdic-kol-kusagi\/","title":{"rendered":"Sa\u011fd\u0131\u00e7 Kol Ku\u015fa\u011f\u0131 (1 Adet)"},"content":{"rendered":"<ul>\n<li>1 Adet fiyat\u0131d\u0131r<\/li>\n<li>\u00dczerindeki bask\u0131 parlak alt\u0131nd\u0131r, istenildi\u011fi takdirde parlak g\u00fcm\u00fc\u015f yap\u0131labilir<\/li>\n<li>NOT: \u00dcr\u00fcn\u00fc sat\u0131n ald\u0131ktan sonra haz\u0131rlanmas\u0131 i\u00e7in a\u015fa\u011f\u0131da yaz\u0131l\u0131 olan gerekli bilgileri whatsapp hatt\u0131m\u0131zdan bize iletebilirsiniz;<\/li>\n<\/ul>\n<ol>\n<li><strong>S\u0130PAR\u0130\u015e NUMARASI<\/strong><\/li>\n<li><strong>G\u00dcM\u00dc\u015e VEYA ALTIN BASKI YAZISI<\/strong><\/li>\n<\/ol>\n<p>&nbsp;<\/p>\n<ul>\n<li>\n<h5><strong>WHATSAPP : +90 553 698 03 21\u00a0<\/strong><\/h5>\n<\/li>\n<\/ul>\n","protected":false},"excerpt":{"rendered":"<ul>\n<li>1 Adet fiyat\u0131d\u0131r<\/li>\n<li>\u00dczerindeki bask\u0131 parlak alt\u0131nd\u0131r, istenildi\u011fi takdirde parlak g\u00fcm\u00fc\u015f yap\u0131labilir<\/li>\n<li>NOT: \u00dcr\u00fcn\u00fc sat\u0131n ald\u0131ktan sonra haz\u0131rlanmas\u0131 i\u00e7in a\u015fa\u011f\u0131da yaz\u0131l\u0131 olan gerekli bilgileri whatsapp hatt\u0131m\u0131zdan bize iletebilirsiniz;<\/li>\n<\/ul>\n<ol>\n<li><strong>S\u0130PAR\u0130\u015e NUMARASI<\/strong><\/li>\n<li><strong>G\u00dcM\u00dc\u015e VEYA ALTIN BASKI YAZISI<\/strong><\/li>\n<\/ol>\n<ul>\n<li>\n<h5><strong>WHATSAPP : +90 553 698 03 21\u00a0<\/strong><\/h5>\n<\/li>\n<\/ul>\n","protected":false},"featured_media":7995,"template":"","meta":[],"product_brand":[],"product_cat":[187,183],"product_tag":[244,245],"class_list":{"0":"post-5851","1":"product","2":"type-product","3":"status-publish","4":"has-post-thumbnail","6":"product_cat-kinaortusu","7":"product_cat-sunnet","8":"product_tag-kusak","9":"product_tag-sagdic-kusagi","11":"first","12":"instock","13":"taxable","14":"shipping-taxable","15":"purchasable","16":"product-type-variable"},"jetpack_sharing_enabled":true,"_links":{"self":[{"href":"https:\/\/mahteray.com\/index.php\/wp-json\/wp\/v2\/product\/5851","targetHints":{"allow":["GET"]}}],"collection":[{"href":"https:\/\/mahteray.com\/index.php\/wp-json\/wp\/v2\/product"}],"about":[{"href":"https:\/\/mahteray.com\/index.php\/wp-json\/wp\/v2\/types\/product"}],"version-history":[{"count":2,"href":"https:\/\/mahteray.com\/index.php\/wp-json\/wp\/v2\/product\/5851\/revisions"}],"predecessor-version":[{"id":11821,"href":"https:\/\/mahteray.com\/index.php\/wp-json\/wp\/v2\/product\/5851\/revisions\/11821"}],"wp:featuredmedia":[{"embeddable":true,"href":"https:\/\/mahteray.com\/index.php\/wp-json\/wp\/v2\/media\/7995"}],"wp:attachment":[{"href":"https:\/\/mahteray.com\/index.php\/wp-json\/wp\/v2\/media?parent=5851"}],"wp:term":[{"taxonomy":"product_brand","embeddable":true,"href":"https:\/\/mahteray.com\/index.php\/wp-json\/wp\/v2\/product_brand?post=5851"},{"taxonomy":"product_cat","embeddable":true,"href":"https:\/\/mahteray.com\/index.php\/wp-json\/wp\/v2\/product_cat?post=5851"},{"taxonomy":"product_tag","embeddable":true,"href":"https:\/\/mahteray.com\/index.php\/wp-json\/wp\/v2\/product_tag?post=5851"}],"curies":[{"name":"wp","href":"https:\/\/api.w.org\/{rel}","templated":true}]}}