{"id":6217,"date":"2022-10-25T17:49:55","date_gmt":"2022-10-25T14:49:55","guid":{"rendered":"https:\/\/mahteray.com\/?post_type=product&#038;p=6217"},"modified":"2026-02-19T20:32:59","modified_gmt":"2026-02-19T17:32:59","slug":"gelin-damat-mendili-seritli-model-parlak-altin-baskili","status":"publish","type":"product","link":"https:\/\/mahteray.com\/index.php\/product\/gelin-damat-mendili-seritli-model-parlak-altin-baskili\/","title":{"rendered":"\u015eeritli Mendil &#8211; Parlak Alt\u0131n Bask\u0131l\u0131 (1 Adet)"},"content":{"rendered":"<ul>\n<li>1 adet fiyat\u0131d\u0131r<\/li>\n<li>Alt\u0131n\/Gold renkte parlak pullu olarak haz\u0131rlan\u0131yor<\/li>\n<li>Kenarlar\u0131nda alt\u0131n renginde \u015feritler mevcuttur<\/li>\n<li>Parlak alt\u0131n sar\u0131s\u0131 bask\u0131l\u0131 olarak haz\u0131rlan\u0131yor<\/li>\n<li>NOT: \u00dcr\u00fcn\u00fc sat\u0131n ald\u0131ktan sonra haz\u0131rlanmas\u0131 i\u00e7in a\u015fa\u011f\u0131da yaz\u0131l\u0131 olan gerekli bilgileri whatsapp hatt\u0131m\u0131zdan bize iletebilirsiniz;<\/li>\n<\/ul>\n<ol>\n<li><strong>S\u0130PAR\u0130\u015e NUMARASI<\/strong><\/li>\n<li><strong>\u00dcZER\u0130NE EKLENECEK YAZI<\/strong><\/li>\n<\/ol>\n<ul>\n<li>\n<h5><strong>WHATSAPP : +90 553 698 03 21<\/strong><\/h5>\n<\/li>\n<\/ul>\n","protected":false},"excerpt":{"rendered":"<ul>\n<li>1 adet fiyat\u0131d\u0131r<\/li>\n<li>Alt\u0131n\/Gold renkte parlak pullu olarak haz\u0131rlan\u0131yor<\/li>\n<li>Kenarlar\u0131nda alt\u0131n renginde \u015feritler mevcuttur<\/li>\n<li>Parlak alt\u0131n sar\u0131s\u0131 bask\u0131l\u0131 olarak haz\u0131rlan\u0131yor<\/li>\n<li>NOT: \u00dcr\u00fcn\u00fc sat\u0131n ald\u0131ktan sonra haz\u0131rlanmas\u0131 i\u00e7in a\u015fa\u011f\u0131da yaz\u0131l\u0131 olan gerekli bilgileri whatsapp hatt\u0131m\u0131zdan bize iletebilirsiniz;<\/li>\n<\/ul>\n<ol>\n<li><strong>S\u0130PAR\u0130\u015e NUMARASI<\/strong><\/li>\n<li><strong>\u00dcZER\u0130NE EKLENECEK YAZI<\/strong><\/li>\n<\/ol>\n<ul>\n<li>\n<h5><strong>WHATSAPP : +90 553 698 03 21<\/strong><\/h5>\n<\/li>\n<\/ul>\n","protected":false},"featured_media":11475,"template":"","meta":[],"product_brand":[],"product_cat":[32,183],"product_tag":[248,250,78,251,363,362],"class_list":{"0":"post-6217","1":"product","2":"type-product","3":"status-publish","4":"has-post-thumbnail","6":"product_cat-mendil","7":"product_cat-sunnet","8":"product_tag-altin-baskili-mendil","9":"product_tag-damat-mendili","10":"product_tag-gelin-mendili","11":"product_tag-seritli-mendil","12":"product_tag-sunnet-hediyeligi","13":"product_tag-sunnet-mendili","15":"first","16":"instock","17":"taxable","18":"shipping-taxable","19":"purchasable","20":"product-type-variable"},"jetpack_sharing_enabled":true,"_links":{"self":[{"href":"https:\/\/mahteray.com\/index.php\/wp-json\/wp\/v2\/product\/6217","targetHints":{"allow":["GET"]}}],"collection":[{"href":"https:\/\/mahteray.com\/index.php\/wp-json\/wp\/v2\/product"}],"about":[{"href":"https:\/\/mahteray.com\/index.php\/wp-json\/wp\/v2\/types\/product"}],"version-history":[{"count":2,"href":"https:\/\/mahteray.com\/index.php\/wp-json\/wp\/v2\/product\/6217\/revisions"}],"predecessor-version":[{"id":11861,"href":"https:\/\/mahteray.com\/index.php\/wp-json\/wp\/v2\/product\/6217\/revisions\/11861"}],"wp:featuredmedia":[{"embeddable":true,"href":"https:\/\/mahteray.com\/index.php\/wp-json\/wp\/v2\/media\/11475"}],"wp:attachment":[{"href":"https:\/\/mahteray.com\/index.php\/wp-json\/wp\/v2\/media?parent=6217"}],"wp:term":[{"taxonomy":"product_brand","embeddable":true,"href":"https:\/\/mahteray.com\/index.php\/wp-json\/wp\/v2\/product_brand?post=6217"},{"taxonomy":"product_cat","embeddable":true,"href":"https:\/\/mahteray.com\/index.php\/wp-json\/wp\/v2\/product_cat?post=6217"},{"taxonomy":"product_tag","embeddable":true,"href":"https:\/\/mahteray.com\/index.php\/wp-json\/wp\/v2\/product_tag?post=6217"}],"curies":[{"name":"wp","href":"https:\/\/api.w.org\/{rel}","templated":true}]}}