{"id":6254,"date":"2022-10-25T21:46:06","date_gmt":"2022-10-25T18:46:06","guid":{"rendered":"https:\/\/mahteray.com\/?post_type=product&#038;p=6254"},"modified":"2026-02-19T19:55:58","modified_gmt":"2026-02-19T16:55:58","slug":"gelin-tefi-yarim-ay-islemeli","status":"publish","type":"product","link":"https:\/\/mahteray.com\/index.php\/product\/gelin-tefi-yarim-ay-islemeli\/","title":{"rendered":"Gelin Tefi &#8211; Yar\u0131m Ay (\u0130\u015flemeli)"},"content":{"rendered":"<ul>\n<li>1 adet fiyat\u0131d\u0131r<\/li>\n<li>32 cm \u00e7ap\u0131ndad\u0131r<\/li>\n<li>Konseptinize uygun renkte s\u00fcsleme yap\u0131l\u0131yor<\/li>\n<li>\u0130\u015fleme modeli renge g\u00f6re de\u011fi\u015fiklik g\u00f6sterebilir<\/li>\n<li>\u00d6zel kutusunda korunakl\u0131 g\u00f6nderim yap\u0131l\u0131yor<\/li>\n<li>NOT: \u00dcr\u00fcn\u00fc sat\u0131n ald\u0131ktan sonra haz\u0131rlanmas\u0131 i\u00e7in a\u015fa\u011f\u0131da yaz\u0131l\u0131 olan gerekli bilgileri whatsapp hatt\u0131m\u0131zdan bize iletebilirsiniz;<\/li>\n<\/ul>\n<ol>\n<li><strong>S\u0130PAR\u0130\u015e NUMARASI<\/strong><\/li>\n<li><strong>\u00dcZER\u0130NE EKLENECEK YAZI \u0130\u00c7ER\u0130\u011e\u0130 VE RENG\u0130<br \/>\n<\/strong><\/li>\n<\/ol>\n<ul>\n<li>\n<h5><strong>WHATSAPP : +90 553 698 03 21\u00a0<\/strong><\/h5>\n<\/li>\n<\/ul>\n","protected":false},"excerpt":{"rendered":"<ul>\n<li>1 adet fiyat\u0131d\u0131r<\/li>\n<li>32 cm \u00e7ap\u0131ndad\u0131r<\/li>\n<li>Konseptinize uygun renkte s\u00fcsleme yap\u0131l\u0131yor<\/li>\n<li>\u0130\u015fleme modeli renge g\u00f6re de\u011fi\u015fiklik g\u00f6sterebilir<\/li>\n<li>\u00d6zel kutusunda korunakl\u0131 g\u00f6nderim yap\u0131l\u0131yor<\/li>\n<li>NOT: \u00dcr\u00fcn\u00fc sat\u0131n ald\u0131ktan sonra haz\u0131rlanmas\u0131 i\u00e7in a\u015fa\u011f\u0131da yaz\u0131l\u0131 olan gerekli bilgileri whatsapp hatt\u0131m\u0131zdan bize iletebilirsiniz;<\/li>\n<\/ul>\n<ol>\n<li><strong>S\u0130PAR\u0130\u015e NUMARASI<\/strong><\/li>\n<li><strong>\u00dcZER\u0130NE EKLENECEK YAZI \u0130\u00c7ER\u0130\u011e\u0130 VE RENG\u0130<br \/>\n<\/strong><\/li>\n<\/ol>\n<ul>\n<li>\n<h5><strong>WHATSAPP : +90 553 698 03 21\u00a0<\/strong><\/h5>\n<\/li>\n<\/ul>\n","protected":false},"featured_media":11573,"template":"","meta":[],"product_brand":[],"product_cat":[27],"product_tag":[70,256,69,226],"class_list":{"0":"post-6254","1":"product","2":"type-product","3":"status-publish","4":"has-post-thumbnail","6":"product_cat-tef","7":"product_tag-gelin-tefi","8":"product_tag-islemeli-gelin-tefi","9":"product_tag-tef","10":"product_tag-yarimay-tef","12":"first","13":"instock","14":"taxable","15":"shipping-taxable","16":"purchasable","17":"product-type-variable"},"jetpack_sharing_enabled":true,"_links":{"self":[{"href":"https:\/\/mahteray.com\/index.php\/wp-json\/wp\/v2\/product\/6254","targetHints":{"allow":["GET"]}}],"collection":[{"href":"https:\/\/mahteray.com\/index.php\/wp-json\/wp\/v2\/product"}],"about":[{"href":"https:\/\/mahteray.com\/index.php\/wp-json\/wp\/v2\/types\/product"}],"version-history":[{"count":2,"href":"https:\/\/mahteray.com\/index.php\/wp-json\/wp\/v2\/product\/6254\/revisions"}],"predecessor-version":[{"id":11832,"href":"https:\/\/mahteray.com\/index.php\/wp-json\/wp\/v2\/product\/6254\/revisions\/11832"}],"wp:featuredmedia":[{"embeddable":true,"href":"https:\/\/mahteray.com\/index.php\/wp-json\/wp\/v2\/media\/11573"}],"wp:attachment":[{"href":"https:\/\/mahteray.com\/index.php\/wp-json\/wp\/v2\/media?parent=6254"}],"wp:term":[{"taxonomy":"product_brand","embeddable":true,"href":"https:\/\/mahteray.com\/index.php\/wp-json\/wp\/v2\/product_brand?post=6254"},{"taxonomy":"product_cat","embeddable":true,"href":"https:\/\/mahteray.com\/index.php\/wp-json\/wp\/v2\/product_cat?post=6254"},{"taxonomy":"product_tag","embeddable":true,"href":"https:\/\/mahteray.com\/index.php\/wp-json\/wp\/v2\/product_tag?post=6254"}],"curies":[{"name":"wp","href":"https:\/\/api.w.org\/{rel}","templated":true}]}}