{"id":6270,"date":"2022-10-25T22:30:31","date_gmt":"2022-10-25T19:30:31","guid":{"rendered":"https:\/\/mahteray.com\/?post_type=product&#038;p=6270"},"modified":"2026-02-19T20:32:37","modified_gmt":"2026-02-19T17:32:37","slug":"nazar-mendil","status":"publish","type":"product","link":"https:\/\/mahteray.com\/index.php\/product\/nazar-mendil\/","title":{"rendered":"Nazar Mendil &#8211; Parlak Alt\u0131n veya G\u00fcm\u00fc\u015f Bask\u0131l\u0131 (1 Adet)"},"content":{"rendered":"<ul>\n<li>1 adet fiyat\u0131d\u0131r<\/li>\n<li>En az al\u0131m 10 Adettir<\/li>\n<li>30&#215;30 cm \u00f6l\u00e7\u00fclerindedir<\/li>\n<li>G\u00fcm\u00fc\u015f renk parlak bask\u0131l\u0131\u00a0 veya gold renk parlak bask\u0131l\u0131 olarak haz\u0131rlan\u0131yor<\/li>\n<li>NOT: \u00dcr\u00fcn\u00fc sat\u0131n ald\u0131ktan sonra haz\u0131rlanmas\u0131 i\u00e7in a\u015fa\u011f\u0131da yaz\u0131l\u0131 olan gerekli bilgileri whatsapp hatt\u0131m\u0131zdan bize iletebilirsiniz;<\/li>\n<\/ul>\n<ol>\n<li><strong>S\u0130PAR\u0130\u015e NUMARASI<\/strong><\/li>\n<li><strong>\u00dcZER\u0130NE EKLENECEK YAZI<br \/>\n<\/strong><\/li>\n<\/ol>\n<ul>\n<li>\n<h5><strong>WHATSAPP : +90 553 698 03 21<\/strong><\/h5>\n<\/li>\n<\/ul>\n","protected":false},"excerpt":{"rendered":"<ul>\n<li>1 adet fiyat\u0131d\u0131r<\/li>\n<li>En az al\u0131m 10 Adettir<\/li>\n<li>30&#215;30 cm \u00f6l\u00e7\u00fclerindedir<\/li>\n<li>G\u00fcm\u00fc\u015f renk parlak bask\u0131l\u0131\u00a0 veya gold renk parlak bask\u0131l\u0131 olarak haz\u0131rlan\u0131yor<\/li>\n<li>NOT: \u00dcr\u00fcn\u00fc sat\u0131n ald\u0131ktan sonra haz\u0131rlanmas\u0131 i\u00e7in a\u015fa\u011f\u0131da yaz\u0131l\u0131 olan gerekli bilgileri whatsapp hatt\u0131m\u0131zdan bize iletebilirsiniz;<\/li>\n<\/ul>\n<ol>\n<li><strong>S\u0130PAR\u0130\u015e NUMARASI<\/strong><\/li>\n<li><strong>\u00dcZER\u0130NE EKLENECEK YAZI<br \/>\n<\/strong><\/li>\n<\/ol>\n<ul>\n<li>\n<h5><strong>WHATSAPP : +90 553 698 03 21<\/strong><\/h5>\n<\/li>\n<\/ul>\n","protected":false},"featured_media":12028,"template":"","meta":[],"product_brand":[],"product_cat":[32,183],"product_tag":[80,258],"class_list":{"0":"post-6270","1":"product","2":"type-product","3":"status-publish","4":"has-post-thumbnail","6":"product_cat-mendil","7":"product_cat-sunnet","8":"product_tag-mendil","9":"product_tag-nazar-mendil","11":"first","12":"instock","13":"taxable","14":"shipping-taxable","15":"purchasable","16":"product-type-simple"},"jetpack_sharing_enabled":true,"_links":{"self":[{"href":"https:\/\/mahteray.com\/index.php\/wp-json\/wp\/v2\/product\/6270","targetHints":{"allow":["GET"]}}],"collection":[{"href":"https:\/\/mahteray.com\/index.php\/wp-json\/wp\/v2\/product"}],"about":[{"href":"https:\/\/mahteray.com\/index.php\/wp-json\/wp\/v2\/types\/product"}],"version-history":[{"count":2,"href":"https:\/\/mahteray.com\/index.php\/wp-json\/wp\/v2\/product\/6270\/revisions"}],"predecessor-version":[{"id":11860,"href":"https:\/\/mahteray.com\/index.php\/wp-json\/wp\/v2\/product\/6270\/revisions\/11860"}],"wp:featuredmedia":[{"embeddable":true,"href":"https:\/\/mahteray.com\/index.php\/wp-json\/wp\/v2\/media\/12028"}],"wp:attachment":[{"href":"https:\/\/mahteray.com\/index.php\/wp-json\/wp\/v2\/media?parent=6270"}],"wp:term":[{"taxonomy":"product_brand","embeddable":true,"href":"https:\/\/mahteray.com\/index.php\/wp-json\/wp\/v2\/product_brand?post=6270"},{"taxonomy":"product_cat","embeddable":true,"href":"https:\/\/mahteray.com\/index.php\/wp-json\/wp\/v2\/product_cat?post=6270"},{"taxonomy":"product_tag","embeddable":true,"href":"https:\/\/mahteray.com\/index.php\/wp-json\/wp\/v2\/product_tag?post=6270"}],"curies":[{"name":"wp","href":"https:\/\/api.w.org\/{rel}","templated":true}]}}