{"id":6282,"date":"2022-10-27T13:28:21","date_gmt":"2022-10-27T10:28:21","guid":{"rendered":"https:\/\/mahteray.com\/?post_type=product&#038;p=6282"},"modified":"2025-12-24T17:11:33","modified_gmt":"2025-12-24T14:11:33","slug":"sabahlik-kollari-gullu","status":"publish","type":"product","link":"https:\/\/mahteray.com\/index.php\/product\/sabahlik-kollari-gullu\/","title":{"rendered":"Sabahl\u0131k &#8211; Kollar\u0131 G\u00fcll\u00fc"},"content":{"rendered":"<ul>\n<li>1 adet sabahl\u0131k fiyat\u0131d\u0131r<\/li>\n<li>Bask\u0131 rengi alt\u0131n, g\u00fcm\u00fc\u015f ya da farkl\u0131 bir renk olabilir<\/li>\n<li>36-44 beden uyumlu standart beden bel ku\u015fakl\u0131d\u0131r<\/li>\n<li>Kollar\u0131nda g\u00fcl s\u00fcsleme detay\u0131 vard\u0131r<\/li>\n<li>\u00d6zel kutusunda g\u00f6nderim yap\u0131lmaktad\u0131r<\/li>\n<li>NOT: \u00dcr\u00fcn\u00fc sat\u0131n ald\u0131ktan sonra haz\u0131rlanmas\u0131 i\u00e7in a\u015fa\u011f\u0131da yaz\u0131l\u0131 olan gerekli bilgileri whatsapp hatt\u0131m\u0131zdan bize iletebilirsiniz;<\/li>\n<\/ul>\n<ol>\n<li><strong>S\u0130PAR\u0130\u015e NUMARASI<\/strong><\/li>\n<li><strong>\u00dcZER\u0130NE EKLENECEK YAZI \u0130\u00c7ER\u0130\u011e\u0130 VE RENG\u0130\u00a0<\/strong><\/li>\n<\/ol>\n<ul>\n<li>\n<h5><strong>WHATSAPP : +90 553 698 03 21\u00a0<\/strong><\/h5>\n<\/li>\n<\/ul>\n","protected":false},"excerpt":{"rendered":"<ul>\n<li>1 adet sabahl\u0131k fiyat\u0131d\u0131r<\/li>\n<li>Bask\u0131 rengi alt\u0131n, g\u00fcm\u00fc\u015f ya da farkl\u0131 bir renk olabilir<\/li>\n<li>36-44 beden uyumlu standart beden bel ku\u015fakl\u0131d\u0131r<\/li>\n<li>Kollar\u0131nda g\u00fcl s\u00fcsleme detay\u0131 vard\u0131r<\/li>\n<li>\u00d6zel kutusunda g\u00f6nderim yap\u0131lmaktad\u0131r<\/li>\n<li>NOT: \u00dcr\u00fcn\u00fc sat\u0131n ald\u0131ktan sonra haz\u0131rlanmas\u0131 i\u00e7in a\u015fa\u011f\u0131da yaz\u0131l\u0131 olan gerekli bilgileri whatsapp hatt\u0131m\u0131zdan bize iletebilirsiniz;<\/li>\n<\/ul>\n<ol>\n<li><strong>S\u0130PAR\u0130\u015e NUMARASI<\/strong><\/li>\n<li><strong>\u00dcZER\u0130NE EKLENECEK YAZI \u0130\u00c7ER\u0130\u011e\u0130 VE RENG\u0130\u00a0<\/strong><\/li>\n<\/ol>\n<ul>\n<li>\n<h5><strong>WHATSAPP : +90 553 698 03 21\u00a0<\/strong><\/h5>\n<\/li>\n<\/ul>\n","protected":false},"featured_media":8160,"template":"","meta":[],"product_brand":[],"product_cat":[43],"product_tag":[114,113,260,74],"class_list":{"0":"post-6282","1":"product","2":"type-product","3":"status-publish","4":"has-post-thumbnail","6":"product_cat-sabahlik","7":"product_tag-baskili-sabahlik","8":"product_tag-gullu-sabahlik","9":"product_tag-kollari-gullu-sabahlik","10":"product_tag-sabahlik","12":"first","13":"instock","14":"taxable","15":"shipping-taxable","16":"purchasable","17":"product-type-variable"},"jetpack_sharing_enabled":true,"_links":{"self":[{"href":"https:\/\/mahteray.com\/index.php\/wp-json\/wp\/v2\/product\/6282","targetHints":{"allow":["GET"]}}],"collection":[{"href":"https:\/\/mahteray.com\/index.php\/wp-json\/wp\/v2\/product"}],"about":[{"href":"https:\/\/mahteray.com\/index.php\/wp-json\/wp\/v2\/types\/product"}],"version-history":[{"count":1,"href":"https:\/\/mahteray.com\/index.php\/wp-json\/wp\/v2\/product\/6282\/revisions"}],"predecessor-version":[{"id":12300,"href":"https:\/\/mahteray.com\/index.php\/wp-json\/wp\/v2\/product\/6282\/revisions\/12300"}],"wp:featuredmedia":[{"embeddable":true,"href":"https:\/\/mahteray.com\/index.php\/wp-json\/wp\/v2\/media\/8160"}],"wp:attachment":[{"href":"https:\/\/mahteray.com\/index.php\/wp-json\/wp\/v2\/media?parent=6282"}],"wp:term":[{"taxonomy":"product_brand","embeddable":true,"href":"https:\/\/mahteray.com\/index.php\/wp-json\/wp\/v2\/product_brand?post=6282"},{"taxonomy":"product_cat","embeddable":true,"href":"https:\/\/mahteray.com\/index.php\/wp-json\/wp\/v2\/product_cat?post=6282"},{"taxonomy":"product_tag","embeddable":true,"href":"https:\/\/mahteray.com\/index.php\/wp-json\/wp\/v2\/product_tag?post=6282"}],"curies":[{"name":"wp","href":"https:\/\/api.w.org\/{rel}","templated":true}]}}