{"id":6287,"date":"2022-10-27T13:38:13","date_gmt":"2022-10-27T10:38:13","guid":{"rendered":"https:\/\/mahteray.com\/?post_type=product&#038;p=6287"},"modified":"2026-01-04T19:53:18","modified_gmt":"2026-01-04T16:53:18","slug":"tac-bridetobe","status":"publish","type":"product","link":"https:\/\/mahteray.com\/index.php\/product\/tac-bridetobe\/","title":{"rendered":"Tac &#8211; BridetoBe"},"content":{"rendered":"<ul>\n<li>Parlak g\u00fcm\u00fc\u015f rengindedir<\/li>\n<li>\n<h5><strong>WHATSAPP : +90 553 698 03 21\u00a0<\/strong><\/h5>\n<\/li>\n<\/ul>\n","protected":false},"excerpt":{"rendered":"<ul>\n<li>Parlak g\u00fcm\u00fc\u015f rengindedir<\/li>\n<li>\n<h5><strong>WHATSAPP : +90 553 698 03 21\u00a0<\/strong><\/h5>\n<\/li>\n<\/ul>\n","protected":false},"featured_media":6288,"template":"","meta":[],"product_brand":[],"product_cat":[43],"product_tag":[61,127,59],"class_list":{"0":"post-6287","1":"product","2":"type-product","3":"status-publish","4":"has-post-thumbnail","6":"product_cat-sabahlik","7":"product_tag-bride-tac","8":"product_tag-bridetobe","9":"product_tag-tac","11":"first","12":"instock","13":"taxable","14":"shipping-taxable","15":"purchasable","16":"product-type-simple"},"jetpack_sharing_enabled":true,"_links":{"self":[{"href":"https:\/\/mahteray.com\/index.php\/wp-json\/wp\/v2\/product\/6287","targetHints":{"allow":["GET"]}}],"collection":[{"href":"https:\/\/mahteray.com\/index.php\/wp-json\/wp\/v2\/product"}],"about":[{"href":"https:\/\/mahteray.com\/index.php\/wp-json\/wp\/v2\/types\/product"}],"version-history":[{"count":2,"href":"https:\/\/mahteray.com\/index.php\/wp-json\/wp\/v2\/product\/6287\/revisions"}],"predecessor-version":[{"id":12295,"href":"https:\/\/mahteray.com\/index.php\/wp-json\/wp\/v2\/product\/6287\/revisions\/12295"}],"wp:featuredmedia":[{"embeddable":true,"href":"https:\/\/mahteray.com\/index.php\/wp-json\/wp\/v2\/media\/6288"}],"wp:attachment":[{"href":"https:\/\/mahteray.com\/index.php\/wp-json\/wp\/v2\/media?parent=6287"}],"wp:term":[{"taxonomy":"product_brand","embeddable":true,"href":"https:\/\/mahteray.com\/index.php\/wp-json\/wp\/v2\/product_brand?post=6287"},{"taxonomy":"product_cat","embeddable":true,"href":"https:\/\/mahteray.com\/index.php\/wp-json\/wp\/v2\/product_cat?post=6287"},{"taxonomy":"product_tag","embeddable":true,"href":"https:\/\/mahteray.com\/index.php\/wp-json\/wp\/v2\/product_tag?post=6287"}],"curies":[{"name":"wp","href":"https:\/\/api.w.org\/{rel}","templated":true}]}}