{"id":6293,"date":"2022-10-27T13:47:41","date_gmt":"2022-10-27T10:47:41","guid":{"rendered":"https:\/\/mahteray.com\/?post_type=product&#038;p=6293"},"modified":"2025-12-24T17:10:30","modified_gmt":"2025-12-24T14:10:30","slug":"terlik","status":"publish","type":"product","link":"https:\/\/mahteray.com\/index.php\/product\/terlik\/","title":{"rendered":"Terlik"},"content":{"rendered":"<ul>\n<li>1 \u00e7ift terlik fiyat\u0131d\u0131r<\/li>\n<li>\u00dczerinde g\u00fcl s\u00fcsleme detay\u0131 vard\u0131r<\/li>\n<li>36-41 aras\u0131 uyumludur<\/li>\n<li>\n<h5><strong>WHATSAPP : +90 553 698 03 21\u00a0<\/strong><\/h5>\n<\/li>\n<\/ul>\n","protected":false},"excerpt":{"rendered":"<ul>\n<li>1 \u00e7ift terlik fiyat\u0131d\u0131r<\/li>\n<li>\u00dczerinde g\u00fcl s\u00fcsleme detay\u0131 vard\u0131r<\/li>\n<li>36-41 aras\u0131 uyumludur<\/li>\n<li>\n<h5><strong>WHATSAPP : +90 553 698 03 21\u00a0<\/strong><\/h5>\n<\/li>\n<\/ul>\n","protected":false},"featured_media":6294,"template":"","meta":[],"product_brand":[],"product_cat":[43],"product_tag":[63,65,64],"class_list":{"0":"post-6293","1":"product","2":"type-product","3":"status-publish","4":"has-post-thumbnail","6":"product_cat-sabahlik","7":"product_tag-bride-terlik","8":"product_tag-gullu-terlik","9":"product_tag-terlik","11":"first","12":"instock","13":"taxable","14":"shipping-taxable","15":"purchasable","16":"product-type-simple"},"jetpack_sharing_enabled":true,"_links":{"self":[{"href":"https:\/\/mahteray.com\/index.php\/wp-json\/wp\/v2\/product\/6293","targetHints":{"allow":["GET"]}}],"collection":[{"href":"https:\/\/mahteray.com\/index.php\/wp-json\/wp\/v2\/product"}],"about":[{"href":"https:\/\/mahteray.com\/index.php\/wp-json\/wp\/v2\/types\/product"}],"version-history":[{"count":2,"href":"https:\/\/mahteray.com\/index.php\/wp-json\/wp\/v2\/product\/6293\/revisions"}],"predecessor-version":[{"id":12299,"href":"https:\/\/mahteray.com\/index.php\/wp-json\/wp\/v2\/product\/6293\/revisions\/12299"}],"wp:featuredmedia":[{"embeddable":true,"href":"https:\/\/mahteray.com\/index.php\/wp-json\/wp\/v2\/media\/6294"}],"wp:attachment":[{"href":"https:\/\/mahteray.com\/index.php\/wp-json\/wp\/v2\/media?parent=6293"}],"wp:term":[{"taxonomy":"product_brand","embeddable":true,"href":"https:\/\/mahteray.com\/index.php\/wp-json\/wp\/v2\/product_brand?post=6293"},{"taxonomy":"product_cat","embeddable":true,"href":"https:\/\/mahteray.com\/index.php\/wp-json\/wp\/v2\/product_cat?post=6293"},{"taxonomy":"product_tag","embeddable":true,"href":"https:\/\/mahteray.com\/index.php\/wp-json\/wp\/v2\/product_tag?post=6293"}],"curies":[{"name":"wp","href":"https:\/\/api.w.org\/{rel}","templated":true}]}}