{"id":6304,"date":"2022-10-27T16:05:31","date_gmt":"2022-10-27T13:05:31","guid":{"rendered":"https:\/\/mahteray.com\/?post_type=product&#038;p=6304"},"modified":"2026-02-19T20:52:55","modified_gmt":"2026-02-19T17:52:55","slug":"led-mum-gold","status":"publish","type":"product","link":"https:\/\/mahteray.com\/index.php\/product\/led-mum-gold\/","title":{"rendered":"Led Mum &#8211; Gold (1 Adet)"},"content":{"rendered":"<ul>\n<li>1 adet fiyat\u0131d\u0131r<\/li>\n<li>Bu \u00fcr\u00fcnden en az 5 adet sipari\u015f verebilirsiniz (aksi halde sipari\u015finiz iptal edilecektir)<\/li>\n<li>Konseptinize uygun renkte s\u00fcsleme yap\u0131l\u0131yor<\/li>\n<li>Korunakl\u0131 g\u00f6nderim yap\u0131l\u0131yor<\/li>\n<\/ul>\n<ul>\n<li>\n<h5><strong>WHATSAPP : +90 553 698 03 21\u00a0<\/strong><\/h5>\n<\/li>\n<\/ul>\n","protected":false},"excerpt":{"rendered":"<ul>\n<li>1 adet fiyat\u0131d\u0131r<\/li>\n<li>Bu \u00fcr\u00fcnden en az 5 adet sipari\u015f verebilirsiniz (aksi halde sipari\u015finiz iptal edilecektir)<\/li>\n<li>Konseptinize uygun renkte s\u00fcsleme yap\u0131l\u0131yor<\/li>\n<li>Korunakl\u0131 g\u00f6nderim yap\u0131l\u0131yor<\/li>\n<\/ul>\n<ul>\n<li>\n<h5><strong>WHATSAPP : +90 553 698 03 21\u00a0<\/strong><\/h5>\n<\/li>\n<\/ul>\n","protected":false},"featured_media":6749,"template":"","meta":[],"product_brand":[],"product_cat":[156,183],"product_tag":[263,52,140],"class_list":{"0":"post-6304","1":"product","2":"type-product","3":"status-publish","4":"has-post-thumbnail","6":"product_cat-hediyeliklerr","7":"product_cat-sunnet","8":"product_tag-altin-mum","9":"product_tag-led-mum","10":"product_tag-mum","12":"first","13":"instock","14":"taxable","15":"shipping-taxable","16":"purchasable","17":"product-type-variable"},"jetpack_sharing_enabled":true,"_links":{"self":[{"href":"https:\/\/mahteray.com\/index.php\/wp-json\/wp\/v2\/product\/6304","targetHints":{"allow":["GET"]}}],"collection":[{"href":"https:\/\/mahteray.com\/index.php\/wp-json\/wp\/v2\/product"}],"about":[{"href":"https:\/\/mahteray.com\/index.php\/wp-json\/wp\/v2\/types\/product"}],"version-history":[{"count":2,"href":"https:\/\/mahteray.com\/index.php\/wp-json\/wp\/v2\/product\/6304\/revisions"}],"predecessor-version":[{"id":11884,"href":"https:\/\/mahteray.com\/index.php\/wp-json\/wp\/v2\/product\/6304\/revisions\/11884"}],"wp:featuredmedia":[{"embeddable":true,"href":"https:\/\/mahteray.com\/index.php\/wp-json\/wp\/v2\/media\/6749"}],"wp:attachment":[{"href":"https:\/\/mahteray.com\/index.php\/wp-json\/wp\/v2\/media?parent=6304"}],"wp:term":[{"taxonomy":"product_brand","embeddable":true,"href":"https:\/\/mahteray.com\/index.php\/wp-json\/wp\/v2\/product_brand?post=6304"},{"taxonomy":"product_cat","embeddable":true,"href":"https:\/\/mahteray.com\/index.php\/wp-json\/wp\/v2\/product_cat?post=6304"},{"taxonomy":"product_tag","embeddable":true,"href":"https:\/\/mahteray.com\/index.php\/wp-json\/wp\/v2\/product_tag?post=6304"}],"curies":[{"name":"wp","href":"https:\/\/api.w.org\/{rel}","templated":true}]}}