{"id":6307,"date":"2022-10-27T16:19:27","date_gmt":"2022-10-27T13:19:27","guid":{"rendered":"https:\/\/mahteray.com\/?post_type=product&#038;p=6307"},"modified":"2026-02-19T18:26:58","modified_gmt":"2026-02-19T15:26:58","slug":"kapi-susu","status":"publish","type":"product","link":"https:\/\/mahteray.com\/index.php\/product\/kapi-susu\/","title":{"rendered":"Kap\u0131 S\u00fcs\u00fc &#8211; Ho\u015fgeldiniz"},"content":{"rendered":"<ul>\n<li>1 adet fiyat\u0131d\u0131r<\/li>\n<li>Korunakl\u0131 g\u00f6nderim yap\u0131l\u0131yor<\/li>\n<\/ul>\n<ul>\n<li>\n<h5><strong>WHATSAPP : +90 553 698 03 21\u00a0<\/strong><\/h5>\n<\/li>\n<\/ul>\n","protected":false},"excerpt":{"rendered":"<ul>\n<li>1 adet fiyat\u0131d\u0131r<\/li>\n<li>Korunakl\u0131 g\u00f6nderim yap\u0131l\u0131yor<\/li>\n<\/ul>\n<ul>\n<li>\n<h5><strong>WHATSAPP : +90 553 698 03 21\u00a0<\/strong><\/h5>\n<\/li>\n<\/ul>\n","protected":false},"featured_media":6317,"template":"","meta":[],"product_brand":[],"product_cat":[125],"product_tag":[266,265,264],"class_list":{"0":"post-6307","1":"product","2":"type-product","3":"status-publish","4":"has-post-thumbnail","6":"product_cat-duvak","7":"product_tag-damat-evine-hosgeldiniz","8":"product_tag-gelin-evine-hosgeldiniz","9":"product_tag-kapi-susu","11":"first","12":"instock","13":"taxable","14":"shipping-taxable","15":"purchasable","16":"product-type-variable"},"jetpack_sharing_enabled":true,"_links":{"self":[{"href":"https:\/\/mahteray.com\/index.php\/wp-json\/wp\/v2\/product\/6307","targetHints":{"allow":["GET"]}}],"collection":[{"href":"https:\/\/mahteray.com\/index.php\/wp-json\/wp\/v2\/product"}],"about":[{"href":"https:\/\/mahteray.com\/index.php\/wp-json\/wp\/v2\/types\/product"}],"version-history":[{"count":1,"href":"https:\/\/mahteray.com\/index.php\/wp-json\/wp\/v2\/product\/6307\/revisions"}],"predecessor-version":[{"id":11811,"href":"https:\/\/mahteray.com\/index.php\/wp-json\/wp\/v2\/product\/6307\/revisions\/11811"}],"wp:featuredmedia":[{"embeddable":true,"href":"https:\/\/mahteray.com\/index.php\/wp-json\/wp\/v2\/media\/6317"}],"wp:attachment":[{"href":"https:\/\/mahteray.com\/index.php\/wp-json\/wp\/v2\/media?parent=6307"}],"wp:term":[{"taxonomy":"product_brand","embeddable":true,"href":"https:\/\/mahteray.com\/index.php\/wp-json\/wp\/v2\/product_brand?post=6307"},{"taxonomy":"product_cat","embeddable":true,"href":"https:\/\/mahteray.com\/index.php\/wp-json\/wp\/v2\/product_cat?post=6307"},{"taxonomy":"product_tag","embeddable":true,"href":"https:\/\/mahteray.com\/index.php\/wp-json\/wp\/v2\/product_tag?post=6307"}],"curies":[{"name":"wp","href":"https:\/\/api.w.org\/{rel}","templated":true}]}}