{"id":6336,"date":"2022-10-27T18:48:32","date_gmt":"2022-10-27T15:48:32","guid":{"rendered":"https:\/\/mahteray.com\/?post_type=product&#038;p=6336"},"modified":"2025-09-20T14:57:05","modified_gmt":"2025-09-20T11:57:05","slug":"taki-kusagi-sunnet","status":"publish","type":"product","link":"https:\/\/mahteray.com\/index.php\/product\/taki-kusagi-sunnet\/","title":{"rendered":"Tak\u0131 Ku\u015fa\u011f\u0131 &#8211; S\u00fcnnet"},"content":{"rendered":"<ul>\n<li>1 adet ku\u015fak fiyat\u0131d\u0131r<\/li>\n<li>Parlak alt\u0131n sar\u0131s\u0131\u00a0 veya parlak g\u00fcm\u00fc\u015f rengi bask\u0131l\u0131 olarak haz\u0131rlan\u0131yor<\/li>\n<li>NOT: \u00dcr\u00fcn\u00fc sat\u0131n ald\u0131ktan sonra haz\u0131rlanmas\u0131 i\u00e7in a\u015fa\u011f\u0131da yaz\u0131l\u0131 olan gerekli bilgileri whatsapp hatt\u0131m\u0131zdan bize iletebilirsiniz;<\/li>\n<\/ul>\n<ol>\n<li><strong>S\u0130PAR\u0130\u015e NUMARASI<\/strong><\/li>\n<li><strong>\u00dcZER\u0130NE EKLENECEK YAZI VE RENG\u0130<\/strong><\/li>\n<li><strong>\u00c7OCU\u011eUN BOYU<\/strong><\/li>\n<\/ol>\n<ul>\n<li>\n<h5><strong>WHATSAPP : +90 553 698 03 21\u00a0<\/strong><\/h5>\n<\/li>\n<\/ul>\n","protected":false},"excerpt":{"rendered":"<ul>\n<li>1 adet ku\u015fak fiyat\u0131d\u0131r<\/li>\n<li>Parlak alt\u0131n sar\u0131s\u0131\u00a0 veya parlak g\u00fcm\u00fc\u015f rengi bask\u0131l\u0131 olarak haz\u0131rlan\u0131yor<\/li>\n<li>NOT: \u00dcr\u00fcn\u00fc sat\u0131n ald\u0131ktan sonra haz\u0131rlanmas\u0131 i\u00e7in a\u015fa\u011f\u0131da yaz\u0131l\u0131 olan gerekli bilgileri whatsapp hatt\u0131m\u0131zdan bize iletebilirsiniz;<\/li>\n<\/ul>\n<ol>\n<li><strong>S\u0130PAR\u0130\u015e NUMARASI<\/strong><\/li>\n<li><strong>\u00dcZER\u0130NE EKLENECEK YAZI VE RENG\u0130<\/strong><\/li>\n<li><strong>\u00c7OCU\u011eUN BOYU<\/strong><\/li>\n<\/ol>\n<ul>\n<li>\n<h5><strong>WHATSAPP : +90 553 698 03 21\u00a0<\/strong><\/h5>\n<\/li>\n<\/ul>\n","protected":false},"featured_media":6338,"template":"","meta":[],"product_brand":[],"product_cat":[183],"product_tag":[242,270],"class_list":{"0":"post-6336","1":"product","2":"type-product","3":"status-publish","4":"has-post-thumbnail","6":"product_cat-sunnet","7":"product_tag-sunnet","8":"product_tag-taki-kusagi","10":"first","11":"instock","12":"taxable","13":"shipping-taxable","14":"purchasable","15":"product-type-variable"},"jetpack_sharing_enabled":true,"_links":{"self":[{"href":"https:\/\/mahteray.com\/index.php\/wp-json\/wp\/v2\/product\/6336","targetHints":{"allow":["GET"]}}],"collection":[{"href":"https:\/\/mahteray.com\/index.php\/wp-json\/wp\/v2\/product"}],"about":[{"href":"https:\/\/mahteray.com\/index.php\/wp-json\/wp\/v2\/types\/product"}],"version-history":[{"count":2,"href":"https:\/\/mahteray.com\/index.php\/wp-json\/wp\/v2\/product\/6336\/revisions"}],"predecessor-version":[{"id":12094,"href":"https:\/\/mahteray.com\/index.php\/wp-json\/wp\/v2\/product\/6336\/revisions\/12094"}],"wp:featuredmedia":[{"embeddable":true,"href":"https:\/\/mahteray.com\/index.php\/wp-json\/wp\/v2\/media\/6338"}],"wp:attachment":[{"href":"https:\/\/mahteray.com\/index.php\/wp-json\/wp\/v2\/media?parent=6336"}],"wp:term":[{"taxonomy":"product_brand","embeddable":true,"href":"https:\/\/mahteray.com\/index.php\/wp-json\/wp\/v2\/product_brand?post=6336"},{"taxonomy":"product_cat","embeddable":true,"href":"https:\/\/mahteray.com\/index.php\/wp-json\/wp\/v2\/product_cat?post=6336"},{"taxonomy":"product_tag","embeddable":true,"href":"https:\/\/mahteray.com\/index.php\/wp-json\/wp\/v2\/product_tag?post=6336"}],"curies":[{"name":"wp","href":"https:\/\/api.w.org\/{rel}","templated":true}]}}