{"id":6364,"date":"2022-10-27T19:37:31","date_gmt":"2022-10-27T16:37:31","guid":{"rendered":"https:\/\/mahteray.com\/?post_type=product&#038;p=6364"},"modified":"2026-02-19T20:15:41","modified_gmt":"2026-02-19T17:15:41","slug":"altin-incili-tepsi-sepet-seti","status":"publish","type":"product","link":"https:\/\/mahteray.com\/index.php\/product\/altin-incili-tepsi-sepet-seti\/","title":{"rendered":"Alt\u0131n \u0130ncili Tepsi &#038; Sepet Seti &#8211; T\u00fcm Renkler"},"content":{"rendered":"<p>&nbsp;<\/p>\n<ul>\n<li>\u00dczerindeki aksesuarlar sete dahildir<\/li>\n<\/ul>\n<ul>\n<li>\n<h5><strong>WHATSAPP : +90 553 698 03 21\u00a0<\/strong><\/h5>\n<\/li>\n<\/ul>\n","protected":false},"excerpt":{"rendered":"<p>&nbsp;<\/p>\n<ul>\n<li>\u00dczerindeki aksesuarlar sete dahildir<\/li>\n<\/ul>\n<ul>\n<li>\n<h5><strong>WHATSAPP : +90 553 698 03 21\u00a0<\/strong><\/h5>\n<\/li>\n<\/ul>\n","protected":false},"featured_media":6365,"template":"","meta":[],"product_brand":[],"product_cat":[40],"product_tag":[275],"class_list":{"0":"post-6364","1":"product","2":"type-product","3":"status-publish","4":"has-post-thumbnail","6":"product_cat-tepsi-sepet","7":"product_tag-tepsi-ve-sepet","9":"first","10":"instock","11":"taxable","12":"shipping-taxable","13":"purchasable","14":"product-type-variable"},"jetpack_sharing_enabled":true,"_links":{"self":[{"href":"https:\/\/mahteray.com\/index.php\/wp-json\/wp\/v2\/product\/6364","targetHints":{"allow":["GET"]}}],"collection":[{"href":"https:\/\/mahteray.com\/index.php\/wp-json\/wp\/v2\/product"}],"about":[{"href":"https:\/\/mahteray.com\/index.php\/wp-json\/wp\/v2\/types\/product"}],"version-history":[{"count":2,"href":"https:\/\/mahteray.com\/index.php\/wp-json\/wp\/v2\/product\/6364\/revisions"}],"predecessor-version":[{"id":11850,"href":"https:\/\/mahteray.com\/index.php\/wp-json\/wp\/v2\/product\/6364\/revisions\/11850"}],"wp:featuredmedia":[{"embeddable":true,"href":"https:\/\/mahteray.com\/index.php\/wp-json\/wp\/v2\/media\/6365"}],"wp:attachment":[{"href":"https:\/\/mahteray.com\/index.php\/wp-json\/wp\/v2\/media?parent=6364"}],"wp:term":[{"taxonomy":"product_brand","embeddable":true,"href":"https:\/\/mahteray.com\/index.php\/wp-json\/wp\/v2\/product_brand?post=6364"},{"taxonomy":"product_cat","embeddable":true,"href":"https:\/\/mahteray.com\/index.php\/wp-json\/wp\/v2\/product_cat?post=6364"},{"taxonomy":"product_tag","embeddable":true,"href":"https:\/\/mahteray.com\/index.php\/wp-json\/wp\/v2\/product_tag?post=6364"}],"curies":[{"name":"wp","href":"https:\/\/api.w.org\/{rel}","templated":true}]}}