{"id":6397,"date":"2022-10-28T12:38:48","date_gmt":"2022-10-28T09:38:48","guid":{"rendered":"https:\/\/mahteray.com\/?post_type=product&#038;p=6397"},"modified":"2026-02-19T19:41:10","modified_gmt":"2026-02-19T16:41:10","slug":"kina-ortusu-yesil","status":"publish","type":"product","link":"https:\/\/mahteray.com\/index.php\/product\/kina-ortusu-yesil\/","title":{"rendered":"K\u0131na \u00d6rt\u00fcs\u00fc (Ba\u015fak Model)"},"content":{"rendered":"<ul>\n<li>1 \u00d6rt\u00fc fiyat\u0131d\u0131r<\/li>\n<li>\u00d6rt\u00fc 100*100 cm kare \u00f6l\u00e7\u00fclerindedir<\/li>\n<li>Kaliteli \u015fifon kullan\u0131lmaktad\u0131r<\/li>\n<li>\u00d6rt\u00fc rengi iste\u011fe g\u00f6re de\u011fi\u015febilir<\/li>\n<li>Bask\u0131 g\u00f6rseli de\u011fi\u015ftirilebilmektedir<\/li>\n<li>Bask\u0131 rengi parlak alt\u0131n sar\u0131s\u0131 veya parlak g\u00fcm\u00fc\u015f rengi olabilir<\/li>\n<li>NOT: \u00dcr\u00fcn\u00fc sat\u0131n ald\u0131ktan sonra haz\u0131rlanmas\u0131 i\u00e7in a\u015fa\u011f\u0131da yaz\u0131l\u0131 olan gerekli bilgileri whatsapp hatt\u0131m\u0131zdan bize iletebilirsiniz;<\/li>\n<\/ul>\n<ol>\n<li><strong>S\u0130PAR\u0130\u015e NUMARASI<\/strong><\/li>\n<li><strong>\u00dcZER\u0130NE EKLENECEK YAZI (DESEN \u0130\u00c7ER\u0130S\u0130NE VEYA DESENS\u0130Z)<br \/>\n<\/strong><\/li>\n<\/ol>\n<ul>\n<li>\n<h5><strong>WHATSAPP : +90 553 698 03 21\u00a0<\/strong><\/h5>\n<\/li>\n<\/ul>\n","protected":false},"excerpt":{"rendered":"<ul>\n<li>1 \u00d6rt\u00fc fiyat\u0131d\u0131r<\/li>\n<li>\u00d6rt\u00fc 100*100 cm kare \u00f6l\u00e7\u00fclerindedir<\/li>\n<li>Kaliteli \u015fifon kullan\u0131lmaktad\u0131r<\/li>\n<li>\u00d6rt\u00fc rengi iste\u011fe g\u00f6re de\u011fi\u015febilir<\/li>\n<li>Bask\u0131 g\u00f6rseli de\u011fi\u015ftirilebilmektedir<\/li>\n<li>Bask\u0131 rengi parlak alt\u0131n sar\u0131s\u0131 veya parlak g\u00fcm\u00fc\u015f rengi olabilir<\/li>\n<li>NOT: \u00dcr\u00fcn\u00fc sat\u0131n ald\u0131ktan sonra haz\u0131rlanmas\u0131 i\u00e7in a\u015fa\u011f\u0131da yaz\u0131l\u0131 olan gerekli bilgileri whatsapp hatt\u0131m\u0131zdan bize iletebilirsiniz;<\/li>\n<\/ul>\n<ol>\n<li><strong>S\u0130PAR\u0130\u015e NUMARASI<\/strong><\/li>\n<li><strong>\u00dcZER\u0130NE EKLENECEK YAZI (DESEN \u0130\u00c7ER\u0130S\u0130NE VEYA DESENS\u0130Z)<br \/>\n<\/strong><\/li>\n<\/ol>\n<ul>\n<li>\n<h5><strong>WHATSAPP : +90 553 698 03 21\u00a0<\/strong><\/h5>\n<\/li>\n<\/ul>\n","protected":false},"featured_media":6398,"template":"","meta":[],"product_brand":[],"product_cat":[187],"product_tag":[85],"class_list":{"0":"post-6397","1":"product","2":"type-product","3":"status-publish","4":"has-post-thumbnail","6":"product_cat-kinaortusu","7":"product_tag-kina-ortusu","9":"first","10":"instock","11":"taxable","12":"shipping-taxable","13":"purchasable","14":"product-type-variable"},"jetpack_sharing_enabled":true,"_links":{"self":[{"href":"https:\/\/mahteray.com\/index.php\/wp-json\/wp\/v2\/product\/6397","targetHints":{"allow":["GET"]}}],"collection":[{"href":"https:\/\/mahteray.com\/index.php\/wp-json\/wp\/v2\/product"}],"about":[{"href":"https:\/\/mahteray.com\/index.php\/wp-json\/wp\/v2\/types\/product"}],"version-history":[{"count":2,"href":"https:\/\/mahteray.com\/index.php\/wp-json\/wp\/v2\/product\/6397\/revisions"}],"predecessor-version":[{"id":11816,"href":"https:\/\/mahteray.com\/index.php\/wp-json\/wp\/v2\/product\/6397\/revisions\/11816"}],"wp:featuredmedia":[{"embeddable":true,"href":"https:\/\/mahteray.com\/index.php\/wp-json\/wp\/v2\/media\/6398"}],"wp:attachment":[{"href":"https:\/\/mahteray.com\/index.php\/wp-json\/wp\/v2\/media?parent=6397"}],"wp:term":[{"taxonomy":"product_brand","embeddable":true,"href":"https:\/\/mahteray.com\/index.php\/wp-json\/wp\/v2\/product_brand?post=6397"},{"taxonomy":"product_cat","embeddable":true,"href":"https:\/\/mahteray.com\/index.php\/wp-json\/wp\/v2\/product_cat?post=6397"},{"taxonomy":"product_tag","embeddable":true,"href":"https:\/\/mahteray.com\/index.php\/wp-json\/wp\/v2\/product_tag?post=6397"}],"curies":[{"name":"wp","href":"https:\/\/api.w.org\/{rel}","templated":true}]}}