{"id":6772,"date":"2023-03-04T21:48:58","date_gmt":"2023-03-04T18:48:58","guid":{"rendered":"https:\/\/mahteray.com\/?post_type=product&#038;p=6772"},"modified":"2026-02-19T20:47:43","modified_gmt":"2026-02-19T17:47:43","slug":"hediyelik-sabun-sade-model","status":"publish","type":"product","link":"https:\/\/mahteray.com\/index.php\/product\/hediyelik-sabun-sade-model\/","title":{"rendered":"Hediyelik Sabun (1 Adet)"},"content":{"rendered":"<ul>\n<li>1 Adet fiyat\u0131d\u0131r<\/li>\n<li>Bu \u00fcr\u00fcnden en az 30 adet sipari\u015f verebilirsiniz<\/li>\n<li>Konseptinize uygun renkte s\u00fcsleme yap\u0131l\u0131yor<\/li>\n<li>\u00dczerinde yer alan kraft ka\u011f\u0131t isimlik ile haz\u0131rlan\u0131yor<\/li>\n<li>Korunakl\u0131 g\u00f6nderim yap\u0131l\u0131yor<\/li>\n<li>NOT: \u00dcr\u00fcn\u00fc sat\u0131n ald\u0131ktan sonra haz\u0131rlanmas\u0131 i\u00e7in a\u015fa\u011f\u0131da yaz\u0131l\u0131 olan gerekli bilgileri whatsapp hatt\u0131m\u0131zdan bize iletebilirsiniz;<\/li>\n<\/ul>\n<ol>\n<li><strong>S\u0130PAR\u0130\u015e NUMARASI<\/strong><\/li>\n<li><strong>\u00dcZER\u0130NE EKLENECEK YAZI<\/strong><\/li>\n<\/ol>\n<ul>\n<li>\n<h5><strong>WHATSAPP : +90 553 698 03 21\u00a0<\/strong><\/h5>\n<\/li>\n<\/ul>\n","protected":false},"excerpt":{"rendered":"<ul>\n<li>1 Adet fiyat\u0131d\u0131r<\/li>\n<li>Bu \u00fcr\u00fcnden en az 30 adet sipari\u015f verebilirsiniz<\/li>\n<li>Konseptinize uygun renkte s\u00fcsleme yap\u0131l\u0131yor<\/li>\n<li>\u00dczerinde yer alan kraft ka\u011f\u0131t isimlik ile haz\u0131rlan\u0131yor<\/li>\n<li>Korunakl\u0131 g\u00f6nderim yap\u0131l\u0131yor<\/li>\n<li>NOT: \u00dcr\u00fcn\u00fc sat\u0131n ald\u0131ktan sonra haz\u0131rlanmas\u0131 i\u00e7in a\u015fa\u011f\u0131da yaz\u0131l\u0131 olan gerekli bilgileri whatsapp hatt\u0131m\u0131zdan bize iletebilirsiniz;<\/li>\n<\/ul>\n<ol>\n<li><strong>S\u0130PAR\u0130\u015e NUMARASI<\/strong><\/li>\n<li><strong>\u00dcZER\u0130NE EKLENECEK YAZI<\/strong><\/li>\n<\/ol>\n<ul>\n<li>\n<h5><strong>WHATSAPP : +90 553 698 03 21\u00a0<\/strong><\/h5>\n<\/li>\n<\/ul>\n","protected":false},"featured_media":11765,"template":"","meta":[],"product_brand":[],"product_cat":[156,183],"product_tag":[284,283],"class_list":{"0":"post-6772","1":"product","2":"type-product","3":"status-publish","4":"has-post-thumbnail","6":"product_cat-hediyeliklerr","7":"product_cat-sunnet","8":"product_tag-hediyelik-sabun","9":"product_tag-sabun","11":"first","12":"instock","13":"taxable","14":"shipping-taxable","15":"purchasable","16":"product-type-variable"},"jetpack_sharing_enabled":true,"_links":{"self":[{"href":"https:\/\/mahteray.com\/index.php\/wp-json\/wp\/v2\/product\/6772","targetHints":{"allow":["GET"]}}],"collection":[{"href":"https:\/\/mahteray.com\/index.php\/wp-json\/wp\/v2\/product"}],"about":[{"href":"https:\/\/mahteray.com\/index.php\/wp-json\/wp\/v2\/types\/product"}],"version-history":[{"count":1,"href":"https:\/\/mahteray.com\/index.php\/wp-json\/wp\/v2\/product\/6772\/revisions"}],"predecessor-version":[{"id":11875,"href":"https:\/\/mahteray.com\/index.php\/wp-json\/wp\/v2\/product\/6772\/revisions\/11875"}],"wp:featuredmedia":[{"embeddable":true,"href":"https:\/\/mahteray.com\/index.php\/wp-json\/wp\/v2\/media\/11765"}],"wp:attachment":[{"href":"https:\/\/mahteray.com\/index.php\/wp-json\/wp\/v2\/media?parent=6772"}],"wp:term":[{"taxonomy":"product_brand","embeddable":true,"href":"https:\/\/mahteray.com\/index.php\/wp-json\/wp\/v2\/product_brand?post=6772"},{"taxonomy":"product_cat","embeddable":true,"href":"https:\/\/mahteray.com\/index.php\/wp-json\/wp\/v2\/product_cat?post=6772"},{"taxonomy":"product_tag","embeddable":true,"href":"https:\/\/mahteray.com\/index.php\/wp-json\/wp\/v2\/product_tag?post=6772"}],"curies":[{"name":"wp","href":"https:\/\/api.w.org\/{rel}","templated":true}]}}