{"id":7022,"date":"2023-07-01T19:05:29","date_gmt":"2023-07-01T16:05:29","guid":{"rendered":"https:\/\/mahteray.com\/?post_type=product&#038;p=7022"},"modified":"2026-01-04T17:04:24","modified_gmt":"2026-01-04T14:04:24","slug":"bel-kusagi-islemeli","status":"publish","type":"product","link":"https:\/\/mahteray.com\/index.php\/product\/bel-kusagi-islemeli\/","title":{"rendered":"Bel Ku\u015fa\u011f\u0131-\u0130\u015flemeli (1 Adet)"},"content":{"rendered":"<ul>\n<li>1 Ku\u015fak fiyat\u0131d\u0131r<\/li>\n<li>Konseptinize uygun renkte haz\u0131rlan\u0131yor (Bordo,K\u0131rm\u0131z\u0131,Z\u00fcmr\u00fct Ye\u015fil,Lacivert)<\/li>\n<li>El yap\u0131m\u0131 ve \u00f6zel tasar\u0131md\u0131r<\/li>\n<li>D\u00fcnyan\u0131n her yerine \u00f6zel kutusunda ve korunakl\u0131 g\u00f6nderim yap\u0131l\u0131r<\/li>\n<\/ul>\n<ul>\n<li>\n<h5><strong>WHATSAPP : +90 553 698 03 21\u00a0<\/strong><\/h5>\n<\/li>\n<\/ul>\n","protected":false},"excerpt":{"rendered":"<ul>\n<li>1 Ku\u015fak fiyat\u0131d\u0131r<\/li>\n<li>Konseptinize uygun renkte haz\u0131rlan\u0131yor (Bordo,K\u0131rm\u0131z\u0131,Z\u00fcmr\u00fct Ye\u015fil,Lacivert)<\/li>\n<li>El yap\u0131m\u0131 ve \u00f6zel tasar\u0131md\u0131r<\/li>\n<li>D\u00fcnyan\u0131n her yerine \u00f6zel kutusunda ve korunakl\u0131 g\u00f6nderim yap\u0131l\u0131r<\/li>\n<\/ul>\n<ul>\n<li>\n<h5><strong>WHATSAPP : +90 553 698 03 21\u00a0<\/strong><\/h5>\n<\/li>\n<\/ul>\n","protected":false},"featured_media":7555,"template":"","meta":[],"product_brand":[],"product_cat":[125],"product_tag":[262,320,318,319,244],"class_list":{"0":"post-7022","1":"product","2":"type-product","3":"status-publish","4":"has-post-thumbnail","6":"product_cat-duvak","7":"product_tag-bel-kusagi","8":"product_tag-evden-cikma-kusagi","9":"product_tag-gelin-bel-kusagi","10":"product_tag-gelin-kusagi","11":"product_tag-kusak","13":"first","14":"instock","15":"taxable","16":"shipping-taxable","17":"purchasable","18":"product-type-variable"},"jetpack_sharing_enabled":true,"_links":{"self":[{"href":"https:\/\/mahteray.com\/index.php\/wp-json\/wp\/v2\/product\/7022","targetHints":{"allow":["GET"]}}],"collection":[{"href":"https:\/\/mahteray.com\/index.php\/wp-json\/wp\/v2\/product"}],"about":[{"href":"https:\/\/mahteray.com\/index.php\/wp-json\/wp\/v2\/types\/product"}],"version-history":[{"count":1,"href":"https:\/\/mahteray.com\/index.php\/wp-json\/wp\/v2\/product\/7022\/revisions"}],"predecessor-version":[{"id":12323,"href":"https:\/\/mahteray.com\/index.php\/wp-json\/wp\/v2\/product\/7022\/revisions\/12323"}],"wp:featuredmedia":[{"embeddable":true,"href":"https:\/\/mahteray.com\/index.php\/wp-json\/wp\/v2\/media\/7555"}],"wp:attachment":[{"href":"https:\/\/mahteray.com\/index.php\/wp-json\/wp\/v2\/media?parent=7022"}],"wp:term":[{"taxonomy":"product_brand","embeddable":true,"href":"https:\/\/mahteray.com\/index.php\/wp-json\/wp\/v2\/product_brand?post=7022"},{"taxonomy":"product_cat","embeddable":true,"href":"https:\/\/mahteray.com\/index.php\/wp-json\/wp\/v2\/product_cat?post=7022"},{"taxonomy":"product_tag","embeddable":true,"href":"https:\/\/mahteray.com\/index.php\/wp-json\/wp\/v2\/product_tag?post=7022"}],"curies":[{"name":"wp","href":"https:\/\/api.w.org\/{rel}","templated":true}]}}