{"id":7024,"date":"2023-07-01T19:09:00","date_gmt":"2023-07-01T16:09:00","guid":{"rendered":"https:\/\/mahteray.com\/?post_type=product&#038;p=7024"},"modified":"2026-01-04T17:04:04","modified_gmt":"2026-01-04T14:04:04","slug":"eldiven-islemeli","status":"publish","type":"product","link":"https:\/\/mahteray.com\/index.php\/product\/eldiven-islemeli\/","title":{"rendered":"Eldiven-\u0130\u015flemeli (1 Adet)"},"content":{"rendered":"<ul>\n<li>1 Eldiven fiyat\u0131d\u0131r<\/li>\n<li>Konseptinize uygun renkte haz\u0131rlan\u0131yor (Bordo,K\u0131rm\u0131z\u0131,Z\u00fcmr\u00fct Ye\u015fil,Lacivert)<\/li>\n<li>El yap\u0131m\u0131 ve \u00f6zel tasar\u0131md\u0131r<\/li>\n<li>D\u00fcnyan\u0131n her yerine \u00f6zel kutusunda ve korunakl\u0131 g\u00f6nderim yap\u0131l\u0131r<\/li>\n<\/ul>\n<ul>\n<li>\n<h5><strong>WHATSAPP : +90 553 698 03 21\u00a0<\/strong><\/h5>\n<\/li>\n<\/ul>\n","protected":false},"excerpt":{"rendered":"<ul>\n<li>1 Eldiven fiyat\u0131d\u0131r<\/li>\n<li>Konseptinize uygun renkte haz\u0131rlan\u0131yor (Bordo,K\u0131rm\u0131z\u0131,Z\u00fcmr\u00fct Ye\u015fil,Lacivert)<\/li>\n<li>El yap\u0131m\u0131 ve \u00f6zel tasar\u0131md\u0131r<\/li>\n<li>D\u00fcnyan\u0131n her yerine \u00f6zel kutusunda ve korunakl\u0131 g\u00f6nderim yap\u0131l\u0131r<\/li>\n<\/ul>\n<ul>\n<li>\n<h5><strong>WHATSAPP : +90 553 698 03 21\u00a0<\/strong><\/h5>\n<\/li>\n<\/ul>\n","protected":false},"featured_media":7548,"template":"","meta":[],"product_brand":[],"product_cat":[125],"product_tag":[315,314,310,317,312,313,311,316],"class_list":{"0":"post-7024","1":"product","2":"type-product","3":"status-publish","4":"has-post-thumbnail","6":"product_cat-duvak","7":"product_tag-bindalli-modelleri","8":"product_tag-duvak-modelleri","9":"product_tag-islemeli-kina-eldiveni","10":"product_tag-kina-el-gulu","11":"product_tag-kina-gecesi-elbisesi","12":"product_tag-kina-gecesi-malzemeleri","13":"product_tag-kina-gecesi-urunleri","14":"product_tag-kina-yakma-eldiveni","16":"first","17":"instock","18":"taxable","19":"shipping-taxable","20":"purchasable","21":"product-type-variable"},"jetpack_sharing_enabled":true,"_links":{"self":[{"href":"https:\/\/mahteray.com\/index.php\/wp-json\/wp\/v2\/product\/7024","targetHints":{"allow":["GET"]}}],"collection":[{"href":"https:\/\/mahteray.com\/index.php\/wp-json\/wp\/v2\/product"}],"about":[{"href":"https:\/\/mahteray.com\/index.php\/wp-json\/wp\/v2\/types\/product"}],"version-history":[{"count":1,"href":"https:\/\/mahteray.com\/index.php\/wp-json\/wp\/v2\/product\/7024\/revisions"}],"predecessor-version":[{"id":12322,"href":"https:\/\/mahteray.com\/index.php\/wp-json\/wp\/v2\/product\/7024\/revisions\/12322"}],"wp:featuredmedia":[{"embeddable":true,"href":"https:\/\/mahteray.com\/index.php\/wp-json\/wp\/v2\/media\/7548"}],"wp:attachment":[{"href":"https:\/\/mahteray.com\/index.php\/wp-json\/wp\/v2\/media?parent=7024"}],"wp:term":[{"taxonomy":"product_brand","embeddable":true,"href":"https:\/\/mahteray.com\/index.php\/wp-json\/wp\/v2\/product_brand?post=7024"},{"taxonomy":"product_cat","embeddable":true,"href":"https:\/\/mahteray.com\/index.php\/wp-json\/wp\/v2\/product_cat?post=7024"},{"taxonomy":"product_tag","embeddable":true,"href":"https:\/\/mahteray.com\/index.php\/wp-json\/wp\/v2\/product_tag?post=7024"}],"curies":[{"name":"wp","href":"https:\/\/api.w.org\/{rel}","templated":true}]}}