{"id":7931,"date":"2024-05-14T15:56:38","date_gmt":"2024-05-14T12:56:38","guid":{"rendered":"https:\/\/mahteray.com\/?post_type=product&#038;p=7931"},"modified":"2026-02-19T20:14:12","modified_gmt":"2026-02-19T17:14:12","slug":"7931","status":"publish","type":"product","link":"https:\/\/mahteray.com\/index.php\/product\/7931\/","title":{"rendered":"Tomurcuk Tepsi ve Sepet Tak\u0131m\u0131"},"content":{"rendered":"<ul>\n<li>\u00dczerindeki aksesuarlar sete dahildir<\/li>\n<li>Bu \u00fcr\u00fcne 4 adet k\u00fc\u00e7\u00fck mumluk aksesuarlar\u0131 da eklenecektir.<\/li>\n<\/ul>\n<ul>\n<li>\n<h5><strong>WHATSAPP : +90 553 698 03 21\u00a0<\/strong><\/h5>\n<\/li>\n<\/ul>\n","protected":false},"excerpt":{"rendered":"<ul>\n<li>\u00dczerindeki aksesuarlar sete dahildir<\/li>\n<li>Bu \u00fcr\u00fcne 4 adet k\u00fc\u00e7\u00fck mumluk aksesuarlar\u0131 da eklenecektir.<\/li>\n<\/ul>\n<ul>\n<li>\n<h5><strong>WHATSAPP : +90 553 698 03 21\u00a0<\/strong><\/h5>\n<\/li>\n<\/ul>\n","protected":false},"featured_media":11531,"template":"","meta":[],"product_brand":[],"product_cat":[40],"product_tag":[],"class_list":{"0":"post-7931","1":"product","2":"type-product","3":"status-publish","4":"has-post-thumbnail","6":"product_cat-tepsi-sepet","8":"first","9":"instock","10":"taxable","11":"shipping-taxable","12":"purchasable","13":"product-type-variable"},"jetpack_sharing_enabled":true,"_links":{"self":[{"href":"https:\/\/mahteray.com\/index.php\/wp-json\/wp\/v2\/product\/7931","targetHints":{"allow":["GET"]}}],"collection":[{"href":"https:\/\/mahteray.com\/index.php\/wp-json\/wp\/v2\/product"}],"about":[{"href":"https:\/\/mahteray.com\/index.php\/wp-json\/wp\/v2\/types\/product"}],"version-history":[{"count":2,"href":"https:\/\/mahteray.com\/index.php\/wp-json\/wp\/v2\/product\/7931\/revisions"}],"predecessor-version":[{"id":11846,"href":"https:\/\/mahteray.com\/index.php\/wp-json\/wp\/v2\/product\/7931\/revisions\/11846"}],"wp:featuredmedia":[{"embeddable":true,"href":"https:\/\/mahteray.com\/index.php\/wp-json\/wp\/v2\/media\/11531"}],"wp:attachment":[{"href":"https:\/\/mahteray.com\/index.php\/wp-json\/wp\/v2\/media?parent=7931"}],"wp:term":[{"taxonomy":"product_brand","embeddable":true,"href":"https:\/\/mahteray.com\/index.php\/wp-json\/wp\/v2\/product_brand?post=7931"},{"taxonomy":"product_cat","embeddable":true,"href":"https:\/\/mahteray.com\/index.php\/wp-json\/wp\/v2\/product_cat?post=7931"},{"taxonomy":"product_tag","embeddable":true,"href":"https:\/\/mahteray.com\/index.php\/wp-json\/wp\/v2\/product_tag?post=7931"}],"curies":[{"name":"wp","href":"https:\/\/api.w.org\/{rel}","templated":true}]}}