{"id":7950,"date":"2024-05-14T16:17:56","date_gmt":"2024-05-14T13:17:56","guid":{"rendered":"https:\/\/mahteray.com\/?post_type=product&#038;p=7950"},"modified":"2026-02-19T20:13:44","modified_gmt":"2026-02-19T17:13:44","slug":"gumus-tepsili-sunnet-tepsi-sepet","status":"publish","type":"product","link":"https:\/\/mahteray.com\/index.php\/product\/gumus-tepsili-sunnet-tepsi-sepet\/","title":{"rendered":"G\u00fcm\u00fc\u015f Detayl\u0131 Tepsi &#038; Sepet"},"content":{"rendered":"<ul>\n<li>\u00dczerindeki aksesuarlar sete dahildir<\/li>\n<\/ul>\n<ul>\n<li>\n<h5><strong>WHATSAPP : +90 553 698 03 21\u00a0<\/strong><\/h5>\n<\/li>\n<\/ul>\n","protected":false},"excerpt":{"rendered":"<ul>\n<li>\u00dczerindeki aksesuarlar sete dahildir<\/li>\n<\/ul>\n<ul>\n<li>\n<h5><strong>WHATSAPP : +90 553 698 03 21\u00a0<\/strong><\/h5>\n<\/li>\n<\/ul>\n","protected":false},"featured_media":7940,"template":"","meta":[],"product_brand":[],"product_cat":[183,40],"product_tag":[],"class_list":{"0":"post-7950","1":"product","2":"type-product","3":"status-publish","4":"has-post-thumbnail","6":"product_cat-sunnet","7":"product_cat-tepsi-sepet","9":"first","10":"instock","11":"taxable","12":"shipping-taxable","13":"purchasable","14":"product-type-variable"},"jetpack_sharing_enabled":true,"_links":{"self":[{"href":"https:\/\/mahteray.com\/index.php\/wp-json\/wp\/v2\/product\/7950","targetHints":{"allow":["GET"]}}],"collection":[{"href":"https:\/\/mahteray.com\/index.php\/wp-json\/wp\/v2\/product"}],"about":[{"href":"https:\/\/mahteray.com\/index.php\/wp-json\/wp\/v2\/types\/product"}],"version-history":[{"count":2,"href":"https:\/\/mahteray.com\/index.php\/wp-json\/wp\/v2\/product\/7950\/revisions"}],"predecessor-version":[{"id":11843,"href":"https:\/\/mahteray.com\/index.php\/wp-json\/wp\/v2\/product\/7950\/revisions\/11843"}],"wp:featuredmedia":[{"embeddable":true,"href":"https:\/\/mahteray.com\/index.php\/wp-json\/wp\/v2\/media\/7940"}],"wp:attachment":[{"href":"https:\/\/mahteray.com\/index.php\/wp-json\/wp\/v2\/media?parent=7950"}],"wp:term":[{"taxonomy":"product_brand","embeddable":true,"href":"https:\/\/mahteray.com\/index.php\/wp-json\/wp\/v2\/product_brand?post=7950"},{"taxonomy":"product_cat","embeddable":true,"href":"https:\/\/mahteray.com\/index.php\/wp-json\/wp\/v2\/product_cat?post=7950"},{"taxonomy":"product_tag","embeddable":true,"href":"https:\/\/mahteray.com\/index.php\/wp-json\/wp\/v2\/product_tag?post=7950"}],"curies":[{"name":"wp","href":"https:\/\/api.w.org\/{rel}","templated":true}]}}