{"id":8632,"date":"2024-09-07T23:08:44","date_gmt":"2024-09-07T20:08:44","guid":{"rendered":"https:\/\/mahteray.com\/?post_type=product&#038;p=8632"},"modified":"2026-02-19T20:30:27","modified_gmt":"2026-02-19T17:30:27","slug":"kartli-mendil-1-adet","status":"publish","type":"product","link":"https:\/\/mahteray.com\/index.php\/product\/kartli-mendil-1-adet\/","title":{"rendered":"Kartl\u0131 Mendil &#8211; 1 Adet"},"content":{"rendered":"<ul>\n<li>1 adet fiyat\u0131d\u0131r<\/li>\n<li>En az al\u0131m 20 Adettir.<\/li>\n<li>30&#215;30 cm \u00f6l\u00e7\u00fclerindedir<\/li>\n<li>Gold veya g\u00fcm\u00fc\u015f\u00a0 renkte parlak pullu olarak haz\u0131rlan\u0131yor<\/li>\n<li>NOT: \u00dcr\u00fcn\u00fc sat\u0131n ald\u0131ktan sonra haz\u0131rlanmas\u0131 i\u00e7in a\u015fa\u011f\u0131da yaz\u0131l\u0131 olan gerekli bilgileri whatsapp hatt\u0131m\u0131zdan bize iletebilirsiniz;<\/li>\n<\/ul>\n<ol>\n<li><strong>S\u0130PAR\u0130\u015e NUMARASI<\/strong><\/li>\n<li><strong>ET\u0130KET (KART) \u00dcZER\u0130NE EKLENECEK YAZI<br \/>\n<\/strong><\/li>\n<\/ol>\n<ul>\n<li>\n<h5><strong>WHATSAPP : +90 553 698 03 21<\/strong><\/h5>\n<\/li>\n<\/ul>\n","protected":false},"excerpt":{"rendered":"<ul>\n<li>1 adet fiyat\u0131d\u0131r<\/li>\n<li>En az al\u0131m 20 Adettir.<\/li>\n<li>30&#215;30 cm \u00f6l\u00e7\u00fclerindedir<\/li>\n<li>Gold veya g\u00fcm\u00fc\u015f\u00a0 renkte parlak pullu olarak haz\u0131rlan\u0131yor<\/li>\n<li>NOT: \u00dcr\u00fcn\u00fc sat\u0131n ald\u0131ktan sonra haz\u0131rlanmas\u0131 i\u00e7in a\u015fa\u011f\u0131da yaz\u0131l\u0131 olan gerekli bilgileri whatsapp hatt\u0131m\u0131zdan bize iletebilirsiniz;<\/li>\n<\/ul>\n<ol>\n<li><strong>S\u0130PAR\u0130\u015e NUMARASI<\/strong><\/li>\n<li><strong>ET\u0130KET (KART) \u00dcZER\u0130NE EKLENECEK YAZI<br \/>\n<\/strong><\/li>\n<\/ol>\n<ul>\n<li>\n<h5><strong>WHATSAPP : +90 553 698 03 21<\/strong><\/h5>\n<\/li>\n<\/ul>\n","protected":false},"featured_media":8640,"template":"","meta":[],"product_brand":[],"product_cat":[32],"product_tag":[326,80],"class_list":{"0":"post-8632","1":"product","2":"type-product","3":"status-publish","4":"has-post-thumbnail","6":"product_cat-mendil","7":"product_tag-kartli-mendil","8":"product_tag-mendil","10":"first","11":"instock","12":"taxable","13":"shipping-taxable","14":"purchasable","15":"product-type-variable"},"jetpack_sharing_enabled":true,"_links":{"self":[{"href":"https:\/\/mahteray.com\/index.php\/wp-json\/wp\/v2\/product\/8632","targetHints":{"allow":["GET"]}}],"collection":[{"href":"https:\/\/mahteray.com\/index.php\/wp-json\/wp\/v2\/product"}],"about":[{"href":"https:\/\/mahteray.com\/index.php\/wp-json\/wp\/v2\/types\/product"}],"version-history":[{"count":2,"href":"https:\/\/mahteray.com\/index.php\/wp-json\/wp\/v2\/product\/8632\/revisions"}],"predecessor-version":[{"id":12325,"href":"https:\/\/mahteray.com\/index.php\/wp-json\/wp\/v2\/product\/8632\/revisions\/12325"}],"wp:featuredmedia":[{"embeddable":true,"href":"https:\/\/mahteray.com\/index.php\/wp-json\/wp\/v2\/media\/8640"}],"wp:attachment":[{"href":"https:\/\/mahteray.com\/index.php\/wp-json\/wp\/v2\/media?parent=8632"}],"wp:term":[{"taxonomy":"product_brand","embeddable":true,"href":"https:\/\/mahteray.com\/index.php\/wp-json\/wp\/v2\/product_brand?post=8632"},{"taxonomy":"product_cat","embeddable":true,"href":"https:\/\/mahteray.com\/index.php\/wp-json\/wp\/v2\/product_cat?post=8632"},{"taxonomy":"product_tag","embeddable":true,"href":"https:\/\/mahteray.com\/index.php\/wp-json\/wp\/v2\/product_tag?post=8632"}],"curies":[{"name":"wp","href":"https:\/\/api.w.org\/{rel}","templated":true}]}}