{"id":8707,"date":"2024-09-23T22:15:33","date_gmt":"2024-09-23T19:15:33","guid":{"rendered":"https:\/\/mahteray.com\/?post_type=product&#038;p=8707"},"modified":"2026-02-19T21:23:13","modified_gmt":"2026-02-19T18:23:13","slug":"set-3","status":"publish","type":"product","link":"https:\/\/mahteray.com\/index.php\/product\/set-3\/","title":{"rendered":"SET &#8211; 3 | Ayselin Gelin"},"content":{"rendered":"<h2><em><strong>Set i\u00e7eri\u011fi;<\/strong><\/em><\/h2>\n<p>&nbsp;<\/p>\n<ol>\n<li>\n<h4>\u0130\u015flemeli Tepsi ve Sepet<\/h4>\n<\/li>\n<li>\n<h4>\u0130\u015flemeli Yar\u0131may Tef<\/h4>\n<\/li>\n<li>\n<h4>\u0130\u015flemeli Yelpaze<\/h4>\n<\/li>\n<li>\n<h4>2 Adet \u00dc\u00e7 Boyutlu Mendil<\/h4>\n<\/li>\n<li>\n<h4>Helen Model Duvak<\/h4>\n<\/li>\n<li>\n<h4>\u0130\u015flemeli Ku\u015fak<\/h4>\n<\/li>\n<li>\n<h4>\u00a01 Adet \u0130\u015flemeli Eldiven<\/h4>\n<\/li>\n<li>\n<h4>10 Adet Pullu Bask\u0131l\u0131 Mendil<\/h4>\n<\/li>\n<\/ol>\n<ul>\n<li>Konseptinize uygun renkte haz\u0131rlan\u0131yor (Bordo,K\u0131rm\u0131z\u0131,Z\u00fcmr\u00fct Ye\u015fil,Lacivert)<\/li>\n<li>T\u00fcm set el yap\u0131m\u0131 ve \u00f6zel tasar\u0131md\u0131r, ki\u015fiye \u00f6zel \u00fcretilir<\/li>\n<li>D\u00fcnyan\u0131n her yerine \u00f6zel kutusunda ve korunakl\u0131 g\u00f6nderim yap\u0131l\u0131r<\/li>\n<li>NOT: \u00dcr\u00fcn\u00fc sat\u0131n ald\u0131ktan sonra haz\u0131rlanmas\u0131 i\u00e7in a\u015fa\u011f\u0131da yaz\u0131l\u0131 olan gerekli bilgileri whatsapp hatt\u0131m\u0131zdan bize iletebilirsiniz;<\/li>\n<li><strong>S\u0130PAR\u0130\u015e NUMARASI<\/strong><\/li>\n<li><strong>\u00dcZER\u0130NE EKLENECEK YAZI \u0130\u00c7ER\u0130\u011e\u0130 VE RENG\u0130<br \/>\n<\/strong><\/li>\n<\/ul>\n<ul>\n<li>\n<h5><strong>WHATSAPP : +90 553 698 03 21\u00a0<\/strong><\/h5>\n<\/li>\n<\/ul>\n","protected":false},"excerpt":{"rendered":"<h2><em><strong>Set i\u00e7eri\u011fi;<\/strong><\/em><\/h2>\n<p>&nbsp;<\/p>\n<ol>\n<li>\n<h4>\u0130\u015flemeli Tepsi ve Sepet<\/h4>\n<\/li>\n<li>\n<h4>\u0130\u015flemeli Yar\u0131may Tef<\/h4>\n<\/li>\n<li>\n<h4>\u0130\u015flemeli Yelpaze<\/h4>\n<\/li>\n<li>\n<h4>2 Adet \u00dc\u00e7 Boyutlu Mendil<\/h4>\n<\/li>\n<li>\n<h4>Helen Model Duvak<\/h4>\n<\/li>\n<li>\n<h4>\u0130\u015flemeli Ku\u015fak<\/h4>\n<\/li>\n<li>\n<h4>\u00a01 Adet \u0130\u015flemeli Eldiven<\/h4>\n<\/li>\n<li>\n<h4>10 Adet Pullu Bask\u0131l\u0131 Mendil<\/h4>\n<\/li>\n<\/ol>\n<ul>\n<li>Konseptinize uygun renkte haz\u0131rlan\u0131yor (Bordo,K\u0131rm\u0131z\u0131,Z\u00fcmr\u00fct Ye\u015fil,Lacivert)<\/li>\n<li>T\u00fcm set el yap\u0131m\u0131 ve \u00f6zel tasar\u0131md\u0131r, ki\u015fiye \u00f6zel \u00fcretilir<\/li>\n<li>D\u00fcnyan\u0131n her yerine \u00f6zel kutusunda ve korunakl\u0131 g\u00f6nderim yap\u0131l\u0131r<\/li>\n<li>NOT: \u00dcr\u00fcn\u00fc sat\u0131n ald\u0131ktan sonra haz\u0131rlanmas\u0131 i\u00e7in a\u015fa\u011f\u0131da yaz\u0131l\u0131 olan gerekli bilgileri whatsapp hatt\u0131m\u0131zdan bize iletebilirsiniz;<\/li>\n<li><strong>S\u0130PAR\u0130\u015e NUMARASI<\/strong><\/li>\n<li><strong>\u00dcZER\u0130NE EKLENECEK YAZI \u0130\u00c7ER\u0130\u011e\u0130 VE RENG\u0130<br \/>\n<\/strong><\/li>\n<\/ul>\n<ul>\n<li>\n<h5><strong>WHATSAPP : +90 553 698 03 21\u00a0<\/strong><\/h5>\n<\/li>\n<\/ul>\n","protected":false},"featured_media":8708,"template":"","meta":[],"product_brand":[],"product_cat":[288],"product_tag":[],"class_list":{"0":"post-8707","1":"product","2":"type-product","3":"status-publish","4":"has-post-thumbnail","6":"product_cat-kina-gecesi-setleri","8":"first","9":"instock","10":"taxable","11":"shipping-taxable","12":"purchasable","13":"product-type-variable"},"jetpack_sharing_enabled":true,"_links":{"self":[{"href":"https:\/\/mahteray.com\/index.php\/wp-json\/wp\/v2\/product\/8707","targetHints":{"allow":["GET"]}}],"collection":[{"href":"https:\/\/mahteray.com\/index.php\/wp-json\/wp\/v2\/product"}],"about":[{"href":"https:\/\/mahteray.com\/index.php\/wp-json\/wp\/v2\/types\/product"}],"version-history":[{"count":2,"href":"https:\/\/mahteray.com\/index.php\/wp-json\/wp\/v2\/product\/8707\/revisions"}],"predecessor-version":[{"id":11916,"href":"https:\/\/mahteray.com\/index.php\/wp-json\/wp\/v2\/product\/8707\/revisions\/11916"}],"wp:featuredmedia":[{"embeddable":true,"href":"https:\/\/mahteray.com\/index.php\/wp-json\/wp\/v2\/media\/8708"}],"wp:attachment":[{"href":"https:\/\/mahteray.com\/index.php\/wp-json\/wp\/v2\/media?parent=8707"}],"wp:term":[{"taxonomy":"product_brand","embeddable":true,"href":"https:\/\/mahteray.com\/index.php\/wp-json\/wp\/v2\/product_brand?post=8707"},{"taxonomy":"product_cat","embeddable":true,"href":"https:\/\/mahteray.com\/index.php\/wp-json\/wp\/v2\/product_cat?post=8707"},{"taxonomy":"product_tag","embeddable":true,"href":"https:\/\/mahteray.com\/index.php\/wp-json\/wp\/v2\/product_tag?post=8707"}],"curies":[{"name":"wp","href":"https:\/\/api.w.org\/{rel}","templated":true}]}}