{"id":9045,"date":"2024-11-14T22:16:04","date_gmt":"2024-11-14T19:16:04","guid":{"rendered":"https:\/\/mahteray.com\/?post_type=product&#038;p=9045"},"modified":"2026-02-19T21:21:58","modified_gmt":"2026-02-19T18:21:58","slug":"set-5","status":"publish","type":"product","link":"https:\/\/mahteray.com\/index.php\/product\/set-5\/","title":{"rendered":"Set &#8211; 7 | Zehra Gelin"},"content":{"rendered":"<h2><em><strong>Set i\u00e7eri\u011fi;<\/strong><\/em><\/h2>\n<ol>\n<li>\n<h4>\u0130\u015flemeli tepsi ve sepet tak\u0131m\u0131<\/h4>\n<\/li>\n<li>\n<h4>\u0130\u015flemeli yar\u0131may tefi<\/h4>\n<\/li>\n<li>\n<h4>\u0130\u015flemeli yelpaze<\/h4>\n<\/li>\n<li>\n<h4>Helen model duvak<\/h4>\n<\/li>\n<li>\n<h4>2 i\u015flemeli helen eldiven<\/h4>\n<\/li>\n<li>\n<h4>Damat \u00f6rt\u00fcs\u00fc<\/h4>\n<\/li>\n<li>\n<h4>Damat Eldiveni<\/h4>\n<\/li>\n<li>\n<h4>11 adet \u00f6zel isimli mendil<\/h4>\n<\/li>\n<li>\n<h4>2 adet sa\u011fd\u0131\u00e7 kol ku\u015fa\u011f\u0131<\/h4>\n<\/li>\n<li>\n<h4>2 adet tak\u0131 ku\u015fa\u011f\u0131<\/h4>\n<\/li>\n<li>\n<h4>10 adet incili nedime bilekli\u011fi<\/h4>\n<\/li>\n<\/ol>\n<ul>\n<li>Konseptinize uygun renkte haz\u0131rlan\u0131yor (Bordo,K\u0131rm\u0131z\u0131,Z\u00fcmr\u00fct Ye\u015fil,Lacivert, Siyah)<\/li>\n<li>T\u00fcm set el yap\u0131m\u0131 ve \u00f6zel tasar\u0131md\u0131r, ki\u015fiye \u00f6zel \u00fcretilir<\/li>\n<li>D\u00fcnyan\u0131n her yerine \u00f6zel kutusunda ve korunakl\u0131 g\u00f6nderim yap\u0131l\u0131r<\/li>\n<li>NOT: \u00dcr\u00fcn\u00fc sat\u0131n ald\u0131ktan sonra haz\u0131rlanmas\u0131 i\u00e7in a\u015fa\u011f\u0131da yaz\u0131l\u0131 olan gerekli bilgileri whatsapp hatt\u0131m\u0131zdan bize iletebilirsiniz;<\/li>\n<li><strong>S\u0130PAR\u0130\u015e NUMARASI<\/strong><\/li>\n<li><strong>\u00dcZER\u0130NE EKLENECEK YAZI \u0130\u00c7ER\u0130\u011e\u0130 VE RENG\u0130<br \/>\n<\/strong><\/li>\n<\/ul>\n<ul>\n<li>\n<h5><strong>WHATSAPP : +90 553 698 03 21\u00a0<\/strong><\/h5>\n<\/li>\n<\/ul>\n<p>&nbsp;<\/p>\n<p>&nbsp;<\/p>\n","protected":false},"excerpt":{"rendered":"<h2><em><strong>Set i\u00e7eri\u011fi;<\/strong><\/em><\/h2>\n<ol>\n<li>\n<h4>\u0130\u015flemeli tepsi ve sepet tak\u0131m\u0131<\/h4>\n<\/li>\n<li>\n<h4>\u0130\u015flemeli yar\u0131may tefi<\/h4>\n<\/li>\n<li>\n<h4>\u0130\u015flemeli yelpaze<\/h4>\n<\/li>\n<li>\n<h4>Helen model duvak<\/h4>\n<\/li>\n<li>\n<h4>2 i\u015flemeli helen eldiven<\/h4>\n<\/li>\n<li>\n<h4>Damat \u00f6rt\u00fcs\u00fc<\/h4>\n<\/li>\n<li>\n<h4>Damat Eldiveni<\/h4>\n<\/li>\n<li>\n<h4>11 adet \u00f6zel isimli mendil<\/h4>\n<\/li>\n<li>\n<h4>2 adet sa\u011fd\u0131\u00e7 kol ku\u015fa\u011f\u0131<\/h4>\n<\/li>\n<li>\n<h4>2 adet tak\u0131 ku\u015fa\u011f\u0131<\/h4>\n<\/li>\n<li>\n<h4>10 adet incili nedime bilekli\u011fi<\/h4>\n<\/li>\n<\/ol>\n<ul>\n<li>Konseptinize uygun renkte haz\u0131rlan\u0131yor (Bordo,K\u0131rm\u0131z\u0131,Z\u00fcmr\u00fct Ye\u015fil,Lacivert, Siyah)<\/li>\n<li>T\u00fcm set el yap\u0131m\u0131 ve \u00f6zel tasar\u0131md\u0131r, ki\u015fiye \u00f6zel \u00fcretilir<\/li>\n<li>D\u00fcnyan\u0131n her yerine \u00f6zel kutusunda ve korunakl\u0131 g\u00f6nderim yap\u0131l\u0131r<\/li>\n<li>NOT: \u00dcr\u00fcn\u00fc sat\u0131n ald\u0131ktan sonra haz\u0131rlanmas\u0131 i\u00e7in a\u015fa\u011f\u0131da yaz\u0131l\u0131 olan gerekli bilgileri whatsapp hatt\u0131m\u0131zdan bize iletebilirsiniz;<\/li>\n<li><strong>S\u0130PAR\u0130\u015e NUMARASI<\/strong><\/li>\n<li><strong>\u00dcZER\u0130NE EKLENECEK YAZI \u0130\u00c7ER\u0130\u011e\u0130 VE RENG\u0130<br \/>\n<\/strong><\/li>\n<\/ul>\n<ul>\n<li>\n<h5><strong>WHATSAPP : +90 553 698 03 21\u00a0<\/strong><\/h5>\n<\/li>\n<\/ul>\n","protected":false},"featured_media":9053,"template":"","meta":[],"product_brand":[],"product_cat":[288],"product_tag":[],"class_list":{"0":"post-9045","1":"product","2":"type-product","3":"status-publish","4":"has-post-thumbnail","6":"product_cat-kina-gecesi-setleri","8":"first","9":"instock","10":"taxable","11":"shipping-taxable","12":"purchasable","13":"product-type-variable"},"jetpack_sharing_enabled":true,"_links":{"self":[{"href":"https:\/\/mahteray.com\/index.php\/wp-json\/wp\/v2\/product\/9045","targetHints":{"allow":["GET"]}}],"collection":[{"href":"https:\/\/mahteray.com\/index.php\/wp-json\/wp\/v2\/product"}],"about":[{"href":"https:\/\/mahteray.com\/index.php\/wp-json\/wp\/v2\/types\/product"}],"version-history":[{"count":2,"href":"https:\/\/mahteray.com\/index.php\/wp-json\/wp\/v2\/product\/9045\/revisions"}],"predecessor-version":[{"id":11913,"href":"https:\/\/mahteray.com\/index.php\/wp-json\/wp\/v2\/product\/9045\/revisions\/11913"}],"wp:featuredmedia":[{"embeddable":true,"href":"https:\/\/mahteray.com\/index.php\/wp-json\/wp\/v2\/media\/9053"}],"wp:attachment":[{"href":"https:\/\/mahteray.com\/index.php\/wp-json\/wp\/v2\/media?parent=9045"}],"wp:term":[{"taxonomy":"product_brand","embeddable":true,"href":"https:\/\/mahteray.com\/index.php\/wp-json\/wp\/v2\/product_brand?post=9045"},{"taxonomy":"product_cat","embeddable":true,"href":"https:\/\/mahteray.com\/index.php\/wp-json\/wp\/v2\/product_cat?post=9045"},{"taxonomy":"product_tag","embeddable":true,"href":"https:\/\/mahteray.com\/index.php\/wp-json\/wp\/v2\/product_tag?post=9045"}],"curies":[{"name":"wp","href":"https:\/\/api.w.org\/{rel}","templated":true}]}}