{"id":9267,"date":"2024-11-28T20:12:44","date_gmt":"2024-11-28T17:12:44","guid":{"rendered":"https:\/\/mahteray.com\/?post_type=product&#038;p=9267"},"modified":"2026-02-19T21:15:23","modified_gmt":"2026-02-19T18:15:23","slug":"set-18-hediyelik-set","status":"publish","type":"product","link":"https:\/\/mahteray.com\/index.php\/product\/set-18-hediyelik-set\/","title":{"rendered":"Set &#8211; 18 | Hediyelik Set"},"content":{"rendered":"<h2><em><strong>Set i\u00e7eri\u011fi;<\/strong><\/em><\/h2>\n<p>&nbsp;<\/p>\n<ol>\n<li>\n<h4>20 Adet su perisi ayna<\/h4>\n<\/li>\n<li>\n<h4>20 Adet led mum<\/h4>\n<\/li>\n<li>\n<h4>20 Adet cam k\u0131na \u015fi\u015fesi<\/h4>\n<\/li>\n<li>\n<h4>20 Adet incili nedime bilekli\u011fi<\/h4>\n<\/li>\n<\/ol>\n<ul>\n<li>\n<h4>Konseptinize uygun renkte haz\u0131rlan\u0131yor (Bordo,K\u0131rm\u0131z\u0131,Z\u00fcmr\u00fct Ye\u015fil,Lacivert,Siyah)<\/h4>\n<\/li>\n<li>T\u00fcm set el yap\u0131m\u0131 ve \u00f6zel tasar\u0131md\u0131r, ki\u015fiye \u00f6zel \u00fcretilir<\/li>\n<li>D\u00fcnyan\u0131n her yerine \u00f6zel kutusunda ve korunakl\u0131 g\u00f6nderim yap\u0131l\u0131r<\/li>\n<li>NOT: \u00dcr\u00fcn\u00fc sat\u0131n ald\u0131ktan sonra haz\u0131rlanmas\u0131 i\u00e7in a\u015fa\u011f\u0131da yaz\u0131l\u0131 olan gerekli bilgileri whatsapp hatt\u0131m\u0131zdan bize iletebilirsiniz;<\/li>\n<li><strong>S\u0130PAR\u0130\u015e NUMARASI<\/strong><\/li>\n<li><strong>\u00dcZER\u0130NE EKLENECEK YAZI \u0130\u00c7ER\u0130\u011e\u0130 VE RENG\u0130<br \/>\n<\/strong><\/li>\n<\/ul>\n<ul>\n<li>\n<h5><strong>WHATSAPP : +90 553 698 03 21\u00a0<\/strong><\/h5>\n<\/li>\n<\/ul>\n","protected":false},"excerpt":{"rendered":"<ol>\n<li>\n<h4>20 Adet su perisi ayna<\/h4>\n<\/li>\n<li>\n<h4>20 Adet led mum<\/h4>\n<\/li>\n<li>\n<h4>20 Adet cam k\u0131na \u015fi\u015fesi<\/h4>\n<\/li>\n<li>\n<h4>20 Adet incili nedime bilekli\u011fi<\/h4>\n<\/li>\n<\/ol>\n<ul>\n<li>\n<h4>Konseptinize uygun renkte haz\u0131rlan\u0131yor (Bordo,K\u0131rm\u0131z\u0131,Z\u00fcmr\u00fct Ye\u015fil,Lacivert,Siyah)<\/h4>\n<\/li>\n<li>T\u00fcm set el yap\u0131m\u0131 ve \u00f6zel tasar\u0131md\u0131r, ki\u015fiye \u00f6zel \u00fcretilir<\/li>\n<li>D\u00fcnyan\u0131n her yerine \u00f6zel kutusunda ve korunakl\u0131 g\u00f6nderim yap\u0131l\u0131r<\/li>\n<li>NOT: \u00dcr\u00fcn\u00fc sat\u0131n ald\u0131ktan sonra haz\u0131rlanmas\u0131 i\u00e7in a\u015fa\u011f\u0131da yaz\u0131l\u0131 olan gerekli bilgileri whatsapp hatt\u0131m\u0131zdan bize iletebilirsiniz;<\/li>\n<li><strong>S\u0130PAR\u0130\u015e NUMARASI<\/strong><\/li>\n<li><strong>\u00dcZER\u0130NE EKLENECEK YAZI \u0130\u00c7ER\u0130\u011e\u0130 VE RENG\u0130<br \/>\n<\/strong><\/li>\n<\/ul>\n<ul>\n<li>\n<h5><strong>WHATSAPP : +90 553 698 03 21\u00a0<\/strong><\/h5>\n<\/li>\n<\/ul>\n","protected":false},"featured_media":9271,"template":"","meta":[],"product_brand":[],"product_cat":[156,288],"product_tag":[121,342,341,340],"class_list":{"0":"post-9267","1":"product","2":"type-product","3":"status-publish","4":"has-post-thumbnail","6":"product_cat-hediyeliklerr","7":"product_cat-kina-gecesi-setleri","8":"product_tag-hediyelik","9":"product_tag-kina-hediyeligi","10":"product_tag-nedime-seti","11":"product_tag-set","13":"first","14":"instock","15":"taxable","16":"shipping-taxable","17":"purchasable","18":"product-type-variable"},"jetpack_sharing_enabled":true,"_links":{"self":[{"href":"https:\/\/mahteray.com\/index.php\/wp-json\/wp\/v2\/product\/9267","targetHints":{"allow":["GET"]}}],"collection":[{"href":"https:\/\/mahteray.com\/index.php\/wp-json\/wp\/v2\/product"}],"about":[{"href":"https:\/\/mahteray.com\/index.php\/wp-json\/wp\/v2\/types\/product"}],"version-history":[{"count":1,"href":"https:\/\/mahteray.com\/index.php\/wp-json\/wp\/v2\/product\/9267\/revisions"}],"predecessor-version":[{"id":11902,"href":"https:\/\/mahteray.com\/index.php\/wp-json\/wp\/v2\/product\/9267\/revisions\/11902"}],"wp:featuredmedia":[{"embeddable":true,"href":"https:\/\/mahteray.com\/index.php\/wp-json\/wp\/v2\/media\/9271"}],"wp:attachment":[{"href":"https:\/\/mahteray.com\/index.php\/wp-json\/wp\/v2\/media?parent=9267"}],"wp:term":[{"taxonomy":"product_brand","embeddable":true,"href":"https:\/\/mahteray.com\/index.php\/wp-json\/wp\/v2\/product_brand?post=9267"},{"taxonomy":"product_cat","embeddable":true,"href":"https:\/\/mahteray.com\/index.php\/wp-json\/wp\/v2\/product_cat?post=9267"},{"taxonomy":"product_tag","embeddable":true,"href":"https:\/\/mahteray.com\/index.php\/wp-json\/wp\/v2\/product_tag?post=9267"}],"curies":[{"name":"wp","href":"https:\/\/api.w.org\/{rel}","templated":true}]}}