{"id":9378,"date":"2024-12-04T21:58:27","date_gmt":"2024-12-04T18:58:27","guid":{"rendered":"https:\/\/mahteray.com\/?post_type=product&#038;p=9378"},"modified":"2026-02-19T20:47:01","modified_gmt":"2026-02-19T17:47:01","slug":"kina-kesesi-saten-gercek-bitki-suslemeli","status":"publish","type":"product","link":"https:\/\/mahteray.com\/index.php\/product\/kina-kesesi-saten-gercek-bitki-suslemeli\/","title":{"rendered":"Saten K\u0131na Kesesi &#8211; Ger\u00e7ek Bitki s\u00fcslemeli"},"content":{"rendered":"<ul>\n<li>\n<h4 style=\"text-align: left;\">1 adet fiyat\u0131d\u0131r<\/h4>\n<\/li>\n<li>\n<h4>Bu \u00fcr\u00fcnden en az 50 adet sipari\u015f verebilirsiniz<\/h4>\n<\/li>\n<li>\n<h4>\u0130\u00e7erisinde k\u0131na paketi ile g\u00f6nderilmektedir<\/h4>\n<\/li>\n<li>\n<h4>\u00dczerinde s\u00fcsleme olarak ger\u00e7ek bitki kullan\u0131lmaktad\u0131r<\/h4>\n<\/li>\n<li>\n<h4>\u0130simlerinizin ba\u015f harflerini veya stokta bulunan desenlerden m\u00fch\u00fcr olarak kullan\u0131lmaktad\u0131r<\/h4>\n<\/li>\n<li>\n<h4>NOT: \u00dcr\u00fcn\u00fc sat\u0131n ald\u0131ktan sonra haz\u0131rlanmas\u0131 i\u00e7in a\u015fa\u011f\u0131da yaz\u0131l\u0131 olan gerekli bilgileri whatsapp hatt\u0131m\u0131zdan bize iletebilirsiniz;<\/h4>\n<\/li>\n<\/ul>\n<ol>\n<li><strong>S\u0130PAR\u0130\u015e NUMARASI<\/strong><\/li>\n<li><strong>\u00dcZER\u0130NE EKLENECEK YAZI<\/strong><\/li>\n<\/ol>\n<ul>\n<li>\n<h5><strong>WHATSAPP : +90 553 698 03 21\u00a0<\/strong><\/h5>\n<\/li>\n<\/ul>\n","protected":false},"excerpt":{"rendered":"<ul>\n<li>\n<h4>1 adet fiyat\u0131d\u0131r<\/h4>\n<\/li>\n<li>\n<h4>Bu \u00fcr\u00fcnden en az 50 adet sipari\u015f verebilirsiniz<\/h4>\n<\/li>\n<li>\n<h4>\u0130\u00e7erisinde k\u0131na paketi ile g\u00f6nderilmektedir<\/h4>\n<\/li>\n<li>\n<h4>\u00dczerinde s\u00fcsleme olarak ger\u00e7ek bitki kullan\u0131lmaktad\u0131r<\/h4>\n<\/li>\n<li>\n<h4>\u0130simlerinizin ba\u015f harflerini veya stokta bulunan desenlerden m\u00fch\u00fcr olarak kullan\u0131lmaktad\u0131r<\/h4>\n<\/li>\n<li>\n<h4>NOT: \u00dcr\u00fcn\u00fc sat\u0131n ald\u0131ktan sonra haz\u0131rlanmas\u0131 i\u00e7in a\u015fa\u011f\u0131da yaz\u0131l\u0131 olan gerekli bilgileri whatsapp hatt\u0131m\u0131zdan bize iletebilirsiniz;<\/h4>\n<\/li>\n<\/ul>\n<ol>\n<li><strong>S\u0130PAR\u0130\u015e NUMARASI<\/strong><\/li>\n<li><strong>\u00dcZER\u0130NE EKLENECEK YAZI<\/strong><\/li>\n<\/ol>\n<ul>\n<li>\n<h5><strong>WHATSAPP : +90 553 698 03 21\u00a0<\/strong><\/h5>\n<\/li>\n<\/ul>\n","protected":false},"featured_media":11600,"template":"","meta":[],"product_brand":[],"product_cat":[156],"product_tag":[],"class_list":{"0":"post-9378","1":"product","2":"type-product","3":"status-publish","4":"has-post-thumbnail","6":"product_cat-hediyeliklerr","8":"first","9":"instock","10":"taxable","11":"shipping-taxable","12":"purchasable","13":"product-type-variable"},"jetpack_sharing_enabled":true,"_links":{"self":[{"href":"https:\/\/mahteray.com\/index.php\/wp-json\/wp\/v2\/product\/9378","targetHints":{"allow":["GET"]}}],"collection":[{"href":"https:\/\/mahteray.com\/index.php\/wp-json\/wp\/v2\/product"}],"about":[{"href":"https:\/\/mahteray.com\/index.php\/wp-json\/wp\/v2\/types\/product"}],"version-history":[{"count":2,"href":"https:\/\/mahteray.com\/index.php\/wp-json\/wp\/v2\/product\/9378\/revisions"}],"predecessor-version":[{"id":11873,"href":"https:\/\/mahteray.com\/index.php\/wp-json\/wp\/v2\/product\/9378\/revisions\/11873"}],"wp:featuredmedia":[{"embeddable":true,"href":"https:\/\/mahteray.com\/index.php\/wp-json\/wp\/v2\/media\/11600"}],"wp:attachment":[{"href":"https:\/\/mahteray.com\/index.php\/wp-json\/wp\/v2\/media?parent=9378"}],"wp:term":[{"taxonomy":"product_brand","embeddable":true,"href":"https:\/\/mahteray.com\/index.php\/wp-json\/wp\/v2\/product_brand?post=9378"},{"taxonomy":"product_cat","embeddable":true,"href":"https:\/\/mahteray.com\/index.php\/wp-json\/wp\/v2\/product_cat?post=9378"},{"taxonomy":"product_tag","embeddable":true,"href":"https:\/\/mahteray.com\/index.php\/wp-json\/wp\/v2\/product_tag?post=9378"}],"curies":[{"name":"wp","href":"https:\/\/api.w.org\/{rel}","templated":true}]}}