{"id":9707,"date":"2025-01-30T23:32:59","date_gmt":"2025-01-30T20:32:59","guid":{"rendered":"https:\/\/mahteray.com\/?post_type=product&#038;p=9707"},"modified":"2026-02-19T20:46:39","modified_gmt":"2026-02-19T17:46:39","slug":"hediyelik-canta","status":"publish","type":"product","link":"https:\/\/mahteray.com\/index.php\/product\/hediyelik-canta\/","title":{"rendered":"Etnik Desenli Dokuma Kuma\u015f C\u00fczdan (1 Adet)"},"content":{"rendered":"<ul>\n<li>\n<h4>1 adet fiyat\u0131d\u0131r<\/h4>\n<\/li>\n<li>\n<h4>Bu \u00fcr\u00fcnden en az 50 adet sipari\u015f verebilirsiniz<\/h4>\n<\/li>\n<li>\n<h4>Kar\u0131\u015f\u0131k desenli olarak g\u00f6nderilmektedir<\/h4>\n<\/li>\n<li>\n<h4>Kart ve jelatin po\u015fet, c\u00fczdan yan\u0131nda hediyedir ve kart \u00fczerine ki\u015fiye \u00f6zel bask\u0131 yap\u0131labilmektedir<\/h4>\n<\/li>\n<li>\n<h4>Kart ve jelatin po\u015fet paketlenmeden ayr\u0131 olarak g\u00f6nderilmektedir (Kargo \u00fccreti y\u00fcksek \u00e7\u0131kmamas\u0131 ve jelatin po\u015fetlerin k\u0131r\u0131\u015fmamas\u0131 i\u00e7in)<\/h4>\n<\/li>\n<li>\n<h4>NOT: \u00dcr\u00fcn\u00fc sat\u0131n ald\u0131ktan sonra haz\u0131rlanmas\u0131 i\u00e7in a\u015fa\u011f\u0131da yaz\u0131l\u0131 olan gerekli bilgileri whatsapp hatt\u0131m\u0131zdan bize iletebilirsiniz;<\/h4>\n<\/li>\n<\/ul>\n<ol>\n<li><strong>S\u0130PAR\u0130\u015e NUMARASI<\/strong><\/li>\n<li><strong>\u00dcZER\u0130NE EKLENECEK YAZI<\/strong><\/li>\n<\/ol>\n<ul>\n<li style=\"list-style-type: none;\"><\/li>\n<li>\n<h5><strong>WHATSAPP : +90 553 698 03 21\u00a0<\/strong><\/h5>\n<\/li>\n<\/ul>\n","protected":false},"excerpt":{"rendered":"<ul>\n<li>\n<h4>1 adet fiyat\u0131d\u0131r<\/h4>\n<\/li>\n<li>\n<h4>Bu \u00fcr\u00fcnden en az 50 adet sipari\u015f verebilirsiniz<\/h4>\n<\/li>\n<li>\n<h4>Kar\u0131\u015f\u0131k desenli olarak g\u00f6nderilmektedir<\/h4>\n<\/li>\n<li>\n<h4>Kart ve jelatin po\u015fet, c\u00fczdan yan\u0131nda hediyedir ve kart \u00fczerine ki\u015fiye \u00f6zel bask\u0131 yap\u0131labilmektedir<\/h4>\n<\/li>\n<li>\n<h4>Kart ve jelatin po\u015fet paketlenmeden ayr\u0131 olarak g\u00f6nderilmektedir (Kargo \u00fccreti y\u00fcksek \u00e7\u0131kmamas\u0131 ve jelatin po\u015fetlerin k\u0131r\u0131\u015fmamas\u0131 i\u00e7in)<\/h4>\n<\/li>\n<li>\n<h4>NOT: \u00dcr\u00fcn\u00fc sat\u0131n ald\u0131ktan sonra haz\u0131rlanmas\u0131 i\u00e7in a\u015fa\u011f\u0131da yaz\u0131l\u0131 olan gerekli bilgileri whatsapp hatt\u0131m\u0131zdan bize iletebilirsiniz;<\/h4>\n<\/li>\n<\/ul>\n<ol>\n<li><strong>S\u0130PAR\u0130\u015e NUMARASI<\/strong><\/li>\n<li><strong>\u00dcZER\u0130NE EKLENECEK YAZI<\/strong><\/li>\n<\/ol>\n<ul>\n<li>\n<h5><strong>WHATSAPP : +90 553 698 03 21\u00a0<\/strong><\/h5>\n<\/li>\n<\/ul>\n<ul>\n<li style=\"list-style-type: none;\">\n<h5><strong>\u00a0<\/strong><\/h5>\n<\/li>\n<\/ul>\n","protected":false},"featured_media":11594,"template":"","meta":[],"product_brand":[],"product_cat":[15,156],"product_tag":[348],"class_list":{"0":"post-9707","1":"product","2":"type-product","3":"status-publish","4":"has-post-thumbnail","6":"product_cat-genel-kategorisiz","7":"product_cat-hediyeliklerr","8":"product_tag-hediyelik-canta","10":"first","11":"instock","12":"taxable","13":"shipping-taxable","14":"purchasable","15":"product-type-simple"},"jetpack_sharing_enabled":true,"_links":{"self":[{"href":"https:\/\/mahteray.com\/index.php\/wp-json\/wp\/v2\/product\/9707","targetHints":{"allow":["GET"]}}],"collection":[{"href":"https:\/\/mahteray.com\/index.php\/wp-json\/wp\/v2\/product"}],"about":[{"href":"https:\/\/mahteray.com\/index.php\/wp-json\/wp\/v2\/types\/product"}],"version-history":[{"count":3,"href":"https:\/\/mahteray.com\/index.php\/wp-json\/wp\/v2\/product\/9707\/revisions"}],"predecessor-version":[{"id":12204,"href":"https:\/\/mahteray.com\/index.php\/wp-json\/wp\/v2\/product\/9707\/revisions\/12204"}],"wp:featuredmedia":[{"embeddable":true,"href":"https:\/\/mahteray.com\/index.php\/wp-json\/wp\/v2\/media\/11594"}],"wp:attachment":[{"href":"https:\/\/mahteray.com\/index.php\/wp-json\/wp\/v2\/media?parent=9707"}],"wp:term":[{"taxonomy":"product_brand","embeddable":true,"href":"https:\/\/mahteray.com\/index.php\/wp-json\/wp\/v2\/product_brand?post=9707"},{"taxonomy":"product_cat","embeddable":true,"href":"https:\/\/mahteray.com\/index.php\/wp-json\/wp\/v2\/product_cat?post=9707"},{"taxonomy":"product_tag","embeddable":true,"href":"https:\/\/mahteray.com\/index.php\/wp-json\/wp\/v2\/product_tag?post=9707"}],"curies":[{"name":"wp","href":"https:\/\/api.w.org\/{rel}","templated":true}]}}